{"id":579,"date":"2023-02-20T03:58:05","date_gmt":"2023-02-20T03:58:05","guid":{"rendered":"https:\/\/bybatt.com\/?post_type=product&#038;p=579"},"modified":"2023-02-20T04:04:26","modified_gmt":"2023-02-20T04:04:26","slug":"hailong-battery-52v-17-5ah-electric-bicycle-battery-pack","status":"publish","type":"product","link":"https:\/\/bybatt.com\/cs\/produkt\/hailong-battery-52v-17-5ah-electric-bicycle-battery-pack\/","title":{"rendered":"Hailong Battery 52V 17,5Ah baterie pro elektrick\u00e9 kolo"},"content":{"rendered":"","protected":false},"excerpt":{"rendered":"<p>Origin\u00e1ln\u00ed 48V 17,5Ah Reention Dorado E Bike Battery je navr\u017eena pro pou\u017eit\u00ed v elektrokolech a m\u00e1 jmenovit\u00e9 nap\u011bt\u00ed 36V nebo 48V a jmenovitou kapacitu 10,4Ah, 11,6Ah, 13,6Ah, 13Ah, 14,5Ah nebo 17,5Ah. Baterie vyu\u017e\u00edv\u00e1 chemii LiNiCoMnO2 a \u010dl\u00e1nky 18650 3,7V 2500mAh.<br \/>\nStyl vn\u011bj\u0161\u00edho pouzdra baterie je vnit\u0159n\u00ed pouzdro baterie a po\u010det \u010dl\u00e1nk\u016f pou\u017eit\u00fdch v baterii se li\u0161\u00ed v z\u00e1vislosti na modelu. Dorado Mini pou\u017e\u00edv\u00e1 30 nebo 40 \u010dl\u00e1nk\u016f, Dorado Pro pou\u017e\u00edv\u00e1 40 nebo 50 \u010dl\u00e1nk\u016f, Dorado Plus pou\u017e\u00edv\u00e1 52 nebo 65 \u010dl\u00e1nk\u016f a Dorado Max pou\u017e\u00edv\u00e1 64 nebo 80 \u010dl\u00e1nk\u016f. Hmotnost baterie je 5,5 kg.<br \/>\nBaterii lze nab\u00edjet standardn\u00edm nab\u00edjen\u00edm konstantn\u00edm proudem 0,2C a konstantn\u00edm nap\u011bt\u00edm 54,6V s p\u0159eru\u0161en\u00edm 100mA nebo rychlonab\u00edjen\u00edm konstantn\u00edm proudem 0,5CA a konstantn\u00edm nap\u011bt\u00edm 54,6V 100mA p\u0159eru\u0161en\u00ed. Baterii lze vyb\u00edjet konstantn\u00edm proudem 0,2C a koncov\u00fdm nap\u011bt\u00edm 39V.<br \/>\nBaterie m\u00e1 \u017eivotnost 500 cykl\u016f s DOD80% a nep\u0159etr\u017eit\u00fd vyb\u00edjec\u00ed proud 17A nebo p\u0159izp\u016fsoben\u00fd. \u0160pi\u010dkov\u00fd vyb\u00edjec\u00ed proud je 51A nebo p\u0159izp\u016fsoben\u00fd. Syst\u00e9m spr\u00e1vy baterie (BMS) poskytuje ochranu proti nadproudu, ochranu proti nadm\u011brn\u00e9mu vybit\u00ed, ochranu proti nadm\u011brn\u00e9mu nabit\u00ed, ochranu proti zkratu a vyv\u00e1\u017een\u00ed. Baterii lze skladovat p\u0159i teplot\u00e1ch mezi -10-40\u2103 s relativn\u00ed vlhkost\u00ed 45-75% a tlakem 86-106KPa.<\/p>","protected":false},"featured_media":580,"template":"","meta":{"_kad_post_transparent":"default","_kad_post_title":"","_kad_post_layout":"default","_kad_post_sidebar_id":"","_kad_post_content_style":"default","_kad_post_vertical_padding":"default","_kad_post_feature":"","_kad_post_feature_position":"","_kad_post_header":false,"_kad_post_footer":false},"product_cat":[19,21],"product_tag":[354,353,326,351,355,356,352],"class_list":["post-579","product","type-product","status-publish","has-post-thumbnail","hentry","product_cat-custom-ebike-battery","product_cat-down-tube-ebike-battery","product_tag-battery-pack","product_tag-electric-bicycle-52v-20ah-battery","product_tag-electric-bicycle-battery-pack","product_tag-hailong-battery-52v-17-5ah","product_tag-hailong-s039-3-battery","product_tag-hailong-s039-3-electric-bicycle-battery","product_tag-lithium-ion-battery-pack","entry","content-bg","loop-entry"],"_links":{"self":[{"href":"https:\/\/bybatt.com\/cs\/wp-json\/wp\/v2\/product\/579","targetHints":{"allow":["GET"]}}],"collection":[{"href":"https:\/\/bybatt.com\/cs\/wp-json\/wp\/v2\/product"}],"about":[{"href":"https:\/\/bybatt.com\/cs\/wp-json\/wp\/v2\/types\/product"}],"wp:featuredmedia":[{"embeddable":true,"href":"https:\/\/bybatt.com\/cs\/wp-json\/wp\/v2\/media\/580"}],"wp:attachment":[{"href":"https:\/\/bybatt.com\/cs\/wp-json\/wp\/v2\/media?parent=579"}],"wp:term":[{"taxonomy":"product_cat","embeddable":true,"href":"https:\/\/bybatt.com\/cs\/wp-json\/wp\/v2\/product_cat?post=579"},{"taxonomy":"product_tag","embeddable":true,"href":"https:\/\/bybatt.com\/cs\/wp-json\/wp\/v2\/product_tag?post=579"}],"curies":[{"name":"wp","href":"https:\/\/api.w.org\/{rel}","templated":true}]}}