{"id":586,"date":"2023-02-20T04:07:10","date_gmt":"2023-02-20T04:07:10","guid":{"rendered":"https:\/\/bybatt.com\/?post_type=product&#038;p=586"},"modified":"2023-02-20T04:11:38","modified_gmt":"2023-02-20T04:11:38","slug":"52v-48v-hailong-ebike-battery-electric-bike-lithium-battery","status":"publish","type":"product","link":"https:\/\/bybatt.com\/cs\/produkt\/52v-48v-hailong-ebike-battery-electric-bike-lithium-battery\/","title":{"rendered":"52V 48V Hailong Ebike baterie Lithiov\u00e1 baterie pro elektrick\u00e9 kolo"},"content":{"rendered":"","protected":false},"excerpt":{"rendered":"<p>52V\/48V Hailong Ebike Battery je lithiov\u00e1 baterie pro elektrick\u00e9 kolo, kter\u00e1 je navr\u017eena tak, aby poskytovala energii elektrick\u00e9mu kolu. Baterie se skl\u00e1d\u00e1 z nov\u00fdch \u010dl\u00e1nk\u016f 100%, kter\u00e9 poch\u00e1zej\u00ed od japonsk\u00fdch nebo korejsk\u00fdch v\u00fdrobc\u016f \u010dl\u00e1nk\u016f t\u0159\u00eddy A, co\u017e zaji\u0161\u0165uje, \u017ee baterie m\u00e1 vysoce kvalitn\u00ed konstrukci.<br \/>\nBaterie je k dispozici v r\u016fzn\u00fdch hodnot\u00e1ch, s jmenovit\u00fdm nap\u011bt\u00edm 36V\/48V\/52V a jmenovitou kapacitou 17,4Ah\/12Ah\/13Ah\/14,5Ah\/17,5Ah\/13Ah, co\u017e v\u00e1m poskytuje r\u016fzn\u00e9 mo\u017enosti v\u00fdb\u011bru podle va\u0161eho po\u017eadavky.<br \/>\nRozm\u011bry baterie jsou 365 mm x 90 mm x 110 mm, tak\u017ee je vhodn\u00e1 pro v\u011bt\u0161inu elektrokol. Baterie je vybavena syst\u00e9mem BMS (Battery Management System) s hodnocen\u00edm 25A\/30A, kter\u00fd zaji\u0161\u0165uje bezpe\u010dnost a dlouhou \u017eivotnost baterie.<br \/>\nBaterie je dod\u00e1v\u00e1na s nab\u00edje\u010dkou, kter\u00e1 je k dispozici ve t\u0159ech r\u016fzn\u00fdch hodnot\u00e1ch: 42V 2A\/54,6V 2A\/58,8V 2A a baterie m\u00e1 vyp\u00ednac\u00ed nap\u011bt\u00ed 42V\/54,6V\/58,8V a vyb\u00edjec\u00ed nap\u011bt\u00ed 28V\/36,4V\/39,2V.<br \/>\nBaterie m\u00e1 \u017eivotnost 80% nap\u00e1jen\u00ed po 800 cyklech, co\u017e znamen\u00e1, \u017ee ji lze nab\u00edt a vyb\u00edt a\u017e 800kr\u00e1t, ne\u017e ztrat\u00ed 20% sv\u00e9 p\u016fvodn\u00ed kapacity. Typ baterie je Li(NiCoMn)O2 18650, co\u017e je b\u011b\u017en\u00e1 lithium-iontov\u00e1 baterie pou\u017e\u00edvan\u00e1 v bateri\u00edch elektrick\u00fdch kol.<br \/>\nCelkov\u011b je 52V\/48V Hailong Ebike Battery vysoce kvalitn\u00ed lithiov\u00e1 baterie, kter\u00e1 je vyrobena tak, aby vydr\u017eela a poskytla spolehliv\u00fd zdroj energie pro va\u0161e elektrokolo.<\/p>","protected":false},"featured_media":587,"template":"","meta":{"_kad_post_transparent":"default","_kad_post_title":"","_kad_post_layout":"default","_kad_post_sidebar_id":"","_kad_post_content_style":"default","_kad_post_vertical_padding":"default","_kad_post_feature":"","_kad_post_feature_position":"","_kad_post_header":false,"_kad_post_footer":false},"product_cat":[19,21],"product_tag":[354,353,326,351,357,355,356,352],"class_list":["post-586","product","type-product","status-publish","has-post-thumbnail","hentry","product_cat-custom-ebike-battery","product_cat-down-tube-ebike-battery","product_tag-battery-pack","product_tag-electric-bicycle-52v-20ah-battery","product_tag-electric-bicycle-battery-pack","product_tag-hailong-battery-52v-17-5ah","product_tag-hailong-ebike-battery","product_tag-hailong-s039-3-battery","product_tag-hailong-s039-3-electric-bicycle-battery","product_tag-lithium-ion-battery-pack","entry","content-bg","loop-entry"],"_links":{"self":[{"href":"https:\/\/bybatt.com\/cs\/wp-json\/wp\/v2\/product\/586","targetHints":{"allow":["GET"]}}],"collection":[{"href":"https:\/\/bybatt.com\/cs\/wp-json\/wp\/v2\/product"}],"about":[{"href":"https:\/\/bybatt.com\/cs\/wp-json\/wp\/v2\/types\/product"}],"wp:featuredmedia":[{"embeddable":true,"href":"https:\/\/bybatt.com\/cs\/wp-json\/wp\/v2\/media\/587"}],"wp:attachment":[{"href":"https:\/\/bybatt.com\/cs\/wp-json\/wp\/v2\/media?parent=586"}],"wp:term":[{"taxonomy":"product_cat","embeddable":true,"href":"https:\/\/bybatt.com\/cs\/wp-json\/wp\/v2\/product_cat?post=586"},{"taxonomy":"product_tag","embeddable":true,"href":"https:\/\/bybatt.com\/cs\/wp-json\/wp\/v2\/product_tag?post=586"}],"curies":[{"name":"wp","href":"https:\/\/api.w.org\/{rel}","templated":true}]}}