{"id":593,"date":"2023-02-20T04:17:45","date_gmt":"2023-02-20T04:17:45","guid":{"rendered":"https:\/\/bybatt.com\/?post_type=product&#038;p=593"},"modified":"2023-03-05T16:17:11","modified_gmt":"2023-03-05T16:17:11","slug":"authorized-hailong-downtube-lithium-battery-pack-for-e-bike","status":"publish","type":"product","link":"https:\/\/bybatt.com\/cs\/produkt\/authorized-hailong-downtube-lithium-battery-pack-for-e-bike\/","title":{"rendered":"Autorizovan\u00e1 lithiov\u00e1 baterie Hailong Downtube pro elektrokola"},"content":{"rendered":"","protected":false},"excerpt":{"rendered":"<p>Authorized Hailong Downtube Lithium Battery Pack pro E-Bike je vysoce kvalitn\u00ed baterie ur\u010den\u00e1 pro elektrokola. Pou\u017e\u00edv\u00e1 nov\u00e9 \u010dl\u00e1nky 100% a je k dispozici v \u0159ad\u011b nap\u011bt\u00ed a kapacit, aby vyhovoval r\u016fzn\u00fdm model\u016fm a aplikac\u00edm elektrokol.<br \/>\nDostupn\u00e9 mo\u017enosti nap\u011bt\u00ed jsou 72V, 60V, 36V, 48V a 52V, zat\u00edmco dostupn\u00e9 mo\u017enosti kapacity jsou 28,8Ah, 24Ah, 13Ah, 15Ah, 20Ah a 18Ah. Baterie se skl\u00e1d\u00e1 z G2500 Cell\/Samsung 35E, G2500 Cell, G2500 Cell, G2500 Cell.<br \/>\nTuto sadu bateri\u00ed lze pou\u017e\u00edt pro motory elektrokol s rozsahem v\u00fdkonu 200-1000W, 200-1500W, 200-1800W a 200-2200W. Dostupn\u00e9 mo\u017enosti BMS (Battery Management System) jsou 30A, 40A a 50A, kter\u00e9 poskytuj\u00ed efektivn\u00ed a spolehlivou spr\u00e1vu baterie.<br \/>\nCelkov\u011b je tato lithiov\u00e1 baterie Hailong Downtube spolehliv\u00fdm a vysoce v\u00fdkonn\u00fdm zdrojem energie pro elektrokola, tak\u017ee je vynikaj\u00edc\u00ed volbou pro nad\u0161ence elektrokol, kte\u0159\u00ed po\u017eaduj\u00ed od sv\u00fdch elektrokol to nejlep\u0161\u00ed.<\/p>","protected":false},"featured_media":594,"template":"","meta":{"_kad_post_transparent":"default","_kad_post_title":"","_kad_post_layout":"default","_kad_post_sidebar_id":"","_kad_post_content_style":"default","_kad_post_vertical_padding":"default","_kad_post_feature":"","_kad_post_feature_position":"","_kad_post_header":false,"_kad_post_footer":false},"product_cat":[19,21],"product_tag":[354,353,326,351,358,357,355,356,352],"class_list":["post-593","product","type-product","status-publish","has-post-thumbnail","hentry","product_cat-custom-ebike-battery","product_cat-down-tube-ebike-battery","product_tag-battery-pack","product_tag-electric-bicycle-52v-20ah-battery","product_tag-electric-bicycle-battery-pack","product_tag-hailong-battery-52v-17-5ah","product_tag-hailong-downtube-lithium-battery","product_tag-hailong-ebike-battery","product_tag-hailong-s039-3-battery","product_tag-hailong-s039-3-electric-bicycle-battery","product_tag-lithium-ion-battery-pack","entry","content-bg","loop-entry"],"_links":{"self":[{"href":"https:\/\/bybatt.com\/cs\/wp-json\/wp\/v2\/product\/593","targetHints":{"allow":["GET"]}}],"collection":[{"href":"https:\/\/bybatt.com\/cs\/wp-json\/wp\/v2\/product"}],"about":[{"href":"https:\/\/bybatt.com\/cs\/wp-json\/wp\/v2\/types\/product"}],"wp:featuredmedia":[{"embeddable":true,"href":"https:\/\/bybatt.com\/cs\/wp-json\/wp\/v2\/media\/594"}],"wp:attachment":[{"href":"https:\/\/bybatt.com\/cs\/wp-json\/wp\/v2\/media?parent=593"}],"wp:term":[{"taxonomy":"product_cat","embeddable":true,"href":"https:\/\/bybatt.com\/cs\/wp-json\/wp\/v2\/product_cat?post=593"},{"taxonomy":"product_tag","embeddable":true,"href":"https:\/\/bybatt.com\/cs\/wp-json\/wp\/v2\/product_tag?post=593"}],"curies":[{"name":"wp","href":"https:\/\/api.w.org\/{rel}","templated":true}]}}