{"id":601,"date":"2023-02-20T04:24:12","date_gmt":"2023-02-20T04:24:12","guid":{"rendered":"https:\/\/bybatt.com\/?post_type=product&#038;p=601"},"modified":"2023-02-20T04:36:07","modified_gmt":"2023-02-20T04:36:07","slug":"24v-10ah-rechargeable-18650-battery-cells-battery-pack","status":"publish","type":"product","link":"https:\/\/bybatt.com\/cs\/produkt\/24v-10ah-rechargeable-18650-battery-cells-battery-pack\/","title":{"rendered":"24V 10Ah dob\u00edjec\u00ed baterie 18650 bateriov\u00fdch \u010dl\u00e1nk\u016f"},"content":{"rendered":"","protected":false},"excerpt":{"rendered":"<p>Popisovan\u00fd produkt je 24V 10Ah dob\u00edjec\u00ed baterie slo\u017een\u00e1 z 18650 bateriov\u00fdch \u010dl\u00e1nk\u016f. Baterie se skl\u00e1d\u00e1 z 28 \u010dl\u00e1nk\u016f, uspo\u0159\u00e1dan\u00fdch v 7-paraleln\u00ed konfiguraci 4 s\u00e9rie, p\u0159i\u010dem\u017e ka\u017ed\u00fd \u010dl\u00e1nek m\u00e1 jmenovitou kapacitu 2500mAh a jmenovit\u00e9 nap\u011bt\u00ed 3,7V.<br \/>\nBaterie m\u00e1 odpor zdroje men\u0161\u00ed ne\u017e 40 m\u03a9, vyb\u00edjec\u00ed vyb\u00edjec\u00ed nap\u011bt\u00ed 41+\/-1V a vyb\u00edjec\u00ed nap\u011bt\u00ed 29,4V. M\u00e1 jmenovit\u00fd vyb\u00edjec\u00ed proud 10A, okam\u017eit\u00fd maxim\u00e1ln\u00ed vyb\u00edjec\u00ed proud 30A a maxim\u00e1ln\u00ed trval\u00fd vyb\u00edjec\u00ed proud 20A. Maxim\u00e1ln\u00ed nep\u0159etr\u017eit\u00fd nab\u00edjec\u00ed proud je 5A a re\u017eim nab\u00edjen\u00ed je CC\/CV, se standardn\u00edm nab\u00edjec\u00edm proudem 2A a dobou nab\u00edjen\u00ed 5 hodin p\u0159i standardn\u00edm nab\u00edjec\u00edm proudu. K dispozici je tak\u00e9 rychl\u00e9 nab\u00edjen\u00ed s rychl\u00fdm nab\u00edjec\u00edm proudem 5A a dobou nab\u00edjen\u00ed 2 hodiny p\u0159i rychl\u00e9m nab\u00edjen\u00ed.<br \/>\nAkumul\u00e1tor m\u016f\u017ee pracovat v \u0161irok\u00e9m teplotn\u00edm rozsahu -20 \u2013 60\u00b0C pro nab\u00edjen\u00ed i vyb\u00edjen\u00ed. Velikost baterie je 225 x 130 x 85 mm, s \u010distou hmotnost\u00ed 2 kg a celkovou hmotnost\u00ed 2,5 kg. V\u00fdrobce potvrzuje, \u017ee v\u0161echny \u010dl\u00e1nky pou\u017eit\u00e9 v bateriov\u00e9m bloku jsou 100% nov\u00e9.<\/p>","protected":false},"featured_media":602,"template":"","meta":{"_kad_post_transparent":"default","_kad_post_title":"","_kad_post_layout":"default","_kad_post_sidebar_id":"","_kad_post_content_style":"default","_kad_post_vertical_padding":"default","_kad_post_feature":"","_kad_post_feature_position":"","_kad_post_header":false,"_kad_post_footer":false},"product_cat":[19,21],"product_tag":[360,359,361,362,352,363],"class_list":["post-601","product","type-product","status-publish","has-post-thumbnail","hentry","product_cat-custom-ebike-battery","product_cat-down-tube-ebike-battery","product_tag-18650-battery-cells","product_tag-18650-battery-cells-battery-pack","product_tag-24v-10ah-silver-battery","product_tag-battery-rechargeable","product_tag-lithium-ion-battery-pack","product_tag-lithium-ion-e-bike-batteries-in-aluminum-cases","entry","content-bg","loop-entry"],"_links":{"self":[{"href":"https:\/\/bybatt.com\/cs\/wp-json\/wp\/v2\/product\/601","targetHints":{"allow":["GET"]}}],"collection":[{"href":"https:\/\/bybatt.com\/cs\/wp-json\/wp\/v2\/product"}],"about":[{"href":"https:\/\/bybatt.com\/cs\/wp-json\/wp\/v2\/types\/product"}],"wp:featuredmedia":[{"embeddable":true,"href":"https:\/\/bybatt.com\/cs\/wp-json\/wp\/v2\/media\/602"}],"wp:attachment":[{"href":"https:\/\/bybatt.com\/cs\/wp-json\/wp\/v2\/media?parent=601"}],"wp:term":[{"taxonomy":"product_cat","embeddable":true,"href":"https:\/\/bybatt.com\/cs\/wp-json\/wp\/v2\/product_cat?post=601"},{"taxonomy":"product_tag","embeddable":true,"href":"https:\/\/bybatt.com\/cs\/wp-json\/wp\/v2\/product_tag?post=601"}],"curies":[{"name":"wp","href":"https:\/\/api.w.org\/{rel}","templated":true}]}}