{"id":608,"date":"2023-02-20T04:38:46","date_gmt":"2023-02-20T04:38:46","guid":{"rendered":"https:\/\/bybatt.com\/?post_type=product&#038;p=608"},"modified":"2023-03-05T16:17:06","modified_gmt":"2023-03-05T16:17:06","slug":"24v-8ah-silverfish-ebike-battery-electric-bike-battery","status":"publish","type":"product","link":"https:\/\/bybatt.com\/cs\/produkt\/24v-8ah-silverfish-ebike-battery-electric-bike-battery\/","title":{"rendered":"Baterie 24V 8Ah Silverfish Ebike Baterie pro elektrick\u00e9 kolo"},"content":{"rendered":"","protected":false},"excerpt":{"rendered":"<p>24V 8Ah Silverfish Ebike Battery je baterie pro elektrick\u00e9 kolo vyroben\u00e1 z nov\u00fdch Li-ion bateriov\u00fdch \u010dl\u00e1nk\u016f 100%. M\u00e1 jmenovit\u00e9 nap\u011bt\u00ed 24V nebo 36V a jmenovitou kapacitu 8Ah, 10Ah, 15Ah nebo 20Ah, v z\u00e1vislosti na zvolen\u00e9 konfiguraci. Dostupn\u00e9 konfigurace jsou 7S4P, 7S6P nebo 7S8P a pou\u017eit\u00e9 bateriov\u00e9 \u010dl\u00e1nky jsou 18650 A.<br \/>\nBaterie je dod\u00e1v\u00e1na s 15A BMS vhodnou pro pou\u017eit\u00ed s 250W motorem a nab\u00edje\u010dkou s v\u00fdkonem 29,4V 2A. Vyb\u00edjec\u00ed vyb\u00edjec\u00ed nap\u011bt\u00ed je nastaveno na 19,6V a baterie m\u00e1 rozm\u011br 425*77*85mm a hmotnost 2,5kg, 3kg nebo 3,8kg, v z\u00e1vislosti na zvolen\u00e9 konfiguraci.<br \/>\nBaterie m\u00e1 \u017eivotnost nejm\u00e9n\u011b 800kr\u00e1t a m\u016f\u017ee pracovat p\u0159i teplot\u00e1ch od -10 do 45 stup\u0148\u016f Celsia. Je vhodn\u00fd pro pou\u017eit\u00ed jako baterie pro elektrokola, pro pou\u017eit\u00ed v rik\u0161\u00e1ch, t\u0159\u00edkolk\u00e1ch a motork\u00e1ch. Baterie m\u00e1 ochranu proti p\u0159ebit\u00ed, ochranu proti nadm\u011brn\u00e9mu vybit\u00ed, ochranu proti nadm\u011brn\u00e9mu proudu, ochranu proti zkratu a ochranu proti odporu.<br \/>\nNab\u00edjec\u00ed nap\u011bt\u00ed je vyv\u00e1\u017een\u00e9 pro nab\u00edjen\u00ed jednoho \u010dl\u00e1nku a maxim\u00e1ln\u00ed trval\u00fd nab\u00edjec\u00ed proud a maxim\u00e1ln\u00ed trval\u00fd vyb\u00edjec\u00ed proud jsou z\u00e1visl\u00e9 na zvolen\u00e9 konfiguraci. Celkov\u011b je tato baterie vysoce kvalitn\u00ed volbou pro ty, kte\u0159\u00ed cht\u011bj\u00ed nap\u00e1jet sv\u00e1 elektrick\u00e1 kola a dal\u0161\u00ed vozidla.<\/p>","protected":false},"featured_media":609,"template":"","meta":{"_kad_post_transparent":"default","_kad_post_title":"","_kad_post_layout":"default","_kad_post_sidebar_id":"","_kad_post_content_style":"default","_kad_post_vertical_padding":"default","_kad_post_feature":"","_kad_post_feature_position":"","_kad_post_header":false,"_kad_post_footer":false},"product_cat":[19,21],"product_tag":[365,52,41,366,364],"class_list":["post-608","product","type-product","status-publish","has-post-thumbnail","hentry","product_cat-custom-ebike-battery","product_cat-down-tube-ebike-battery","product_tag-24v-8ah-lithium-ion-batteries","product_tag-battery","product_tag-electric-bicycle-battery","product_tag-lithium-battery","product_tag-silverfish-ebike-battery","entry","content-bg","loop-entry"],"_links":{"self":[{"href":"https:\/\/bybatt.com\/cs\/wp-json\/wp\/v2\/product\/608","targetHints":{"allow":["GET"]}}],"collection":[{"href":"https:\/\/bybatt.com\/cs\/wp-json\/wp\/v2\/product"}],"about":[{"href":"https:\/\/bybatt.com\/cs\/wp-json\/wp\/v2\/types\/product"}],"wp:featuredmedia":[{"embeddable":true,"href":"https:\/\/bybatt.com\/cs\/wp-json\/wp\/v2\/media\/609"}],"wp:attachment":[{"href":"https:\/\/bybatt.com\/cs\/wp-json\/wp\/v2\/media?parent=608"}],"wp:term":[{"taxonomy":"product_cat","embeddable":true,"href":"https:\/\/bybatt.com\/cs\/wp-json\/wp\/v2\/product_cat?post=608"},{"taxonomy":"product_tag","embeddable":true,"href":"https:\/\/bybatt.com\/cs\/wp-json\/wp\/v2\/product_tag?post=608"}],"curies":[{"name":"wp","href":"https:\/\/api.w.org\/{rel}","templated":true}]}}