{"id":205,"date":"2023-02-15T13:30:02","date_gmt":"2023-02-15T13:30:02","guid":{"rendered":"https:\/\/bybatt.com\/?post_type=product&#038;p=205"},"modified":"2023-02-15T15:11:20","modified_gmt":"2023-02-15T15:11:20","slug":"rechargeable-36-volt-lithium-battery-for-electric-bike","status":"publish","type":"product","link":"https:\/\/bybatt.com\/de\/produkt\/wiederaufladbarer-36-volt-lithium-akku-fur-elektro-fahrrad\/","title":{"rendered":"Wiederaufladbare 36-Volt-Lithiumbatterie f\u00fcr Elektrofahrr\u00e4der"},"content":{"rendered":"","protected":false},"excerpt":{"rendered":"<p>Wir stellen unseren wiederaufladbaren 36-V-Lithium-Ionen-Akku vor, der sich perfekt f\u00fcr eine Reihe von Anwendungen eignet. Mit einer Nennspannung von 36 V und einer Ladespannung von 42,5 V liefert dieser Akku zuverl\u00e4ssige und lang anhaltende Energie. Diese Batterie ist in zwei Nennkapazit\u00e4ten, 10,5 Ah und 17,5 Ah, erh\u00e4ltlich und eignet sich f\u00fcr eine Reihe von Anforderungen.<br \/>\nDie Batterie hat einen Standardladestrom von 4 A und einen Dauerentladestrom von 20 A mit einem Spitzenentladestrom von 25 A. Die Entladeschlussspannung betr\u00e4gt 27,5 V und gew\u00e4hrleistet eine sichere und zuverl\u00e4ssige Entladung.<br \/>\nUnsere Batterie verwendet eine intelligente UART BMS-L\u00f6sung, die sicherstellt, dass alle verwendeten Zellen 100% neu sind. Es verf\u00fcgt auch \u00fcber eine Ladespannungsausgleichsspannung f\u00fcr einzelne Zellen sowie \u00dcberladungs-, \u00dcberentladungs-, \u00dcberstrom- und Kurzschlussschutz. Der Akku ist f\u00fcr eine Lebensdauer von \u00fcber 500 Mal ausgelegt und in Schwarz erh\u00e4ltlich.<br \/>\nDiese Batterie ist leicht und wiegt ungef\u00e4hr 3 kg, was den Transport und die Verwendung in einer Reihe von Anwendungen erleichtert. Das Ladeverfahren erfolgt \u00fcber ein Gleichstromnetzteil\/Ladeger\u00e4t, und die Batterie hat einen Ladetemperaturbereich von 10 \u00b0C bis 45 \u00b0C und einen Entladetemperaturbereich von -20 \u00b0C bis 60 \u00b0C.<br \/>\nW\u00e4hlen Sie unseren wiederaufladbaren 36-V-Lithium-Ionen-Akku f\u00fcr eine zuverl\u00e4ssige, leistungsstarke Energiel\u00f6sung, die alle Ihre Anforderungen erf\u00fcllt.<\/p>","protected":false},"featured_media":208,"template":"","meta":{"_kad_post_transparent":"default","_kad_post_title":"","_kad_post_layout":"default","_kad_post_sidebar_id":"","_kad_post_content_style":"default","_kad_post_vertical_padding":"default","_kad_post_feature":"","_kad_post_feature_position":"","_kad_post_header":false,"_kad_post_footer":false},"product_cat":[20,19],"product_tag":[38,43,44,41,40,42,39],"class_list":["post-205","product","type-product","status-publish","has-post-thumbnail","hentry","product_cat-smart-ebike-battery","product_cat-custom-ebike-battery","product_tag-36-volt-lithium-battery","product_tag-ebike-battery","product_tag-ebike-conversion-kit","product_tag-electric-bicycle-battery","product_tag-electric-bike-lithium-battery","product_tag-lithium-ion-battery","product_tag-rechargeable-lithium-battery","entry","content-bg","loop-entry"],"_links":{"self":[{"href":"https:\/\/bybatt.com\/de\/wp-json\/wp\/v2\/product\/205","targetHints":{"allow":["GET"]}}],"collection":[{"href":"https:\/\/bybatt.com\/de\/wp-json\/wp\/v2\/product"}],"about":[{"href":"https:\/\/bybatt.com\/de\/wp-json\/wp\/v2\/types\/product"}],"wp:featuredmedia":[{"embeddable":true,"href":"https:\/\/bybatt.com\/de\/wp-json\/wp\/v2\/media\/208"}],"wp:attachment":[{"href":"https:\/\/bybatt.com\/de\/wp-json\/wp\/v2\/media?parent=205"}],"wp:term":[{"taxonomy":"product_cat","embeddable":true,"href":"https:\/\/bybatt.com\/de\/wp-json\/wp\/v2\/product_cat?post=205"},{"taxonomy":"product_tag","embeddable":true,"href":"https:\/\/bybatt.com\/de\/wp-json\/wp\/v2\/product_tag?post=205"}],"curies":[{"name":"wp","href":"https:\/\/api.w.org\/{rel}","templated":true}]}}