{"id":223,"date":"2023-02-16T03:51:27","date_gmt":"2023-02-16T03:51:27","guid":{"rendered":"https:\/\/bybatt.com\/?post_type=product&#038;p=223"},"modified":"2023-02-16T04:04:58","modified_gmt":"2023-02-16T04:04:58","slug":"original-xiaomi-no-9-36v-electric-scooter-lithium-battery","status":"publish","type":"product","link":"https:\/\/bybatt.com\/de\/produkt\/original-xiaomi-no-9-36v-elektroroller-lithium-batterie\/","title":{"rendered":"Original Xiaomi No.9 36V Elektroroller Lithium Batterie"},"content":{"rendered":"","protected":false},"excerpt":{"rendered":"<p>Wir stellen vor: die Elektroroller-Lithiumbatterie Nr. 9 von Xiaomi, der perfekte Begleiter f\u00fcr Ihren Kohlefaser-Elektroroller. Dieser Akkupack ist in 24 V, 36 V und 48 V mit einer Kapazit\u00e4t von 4-12 Ah erh\u00e4ltlich. Die Produktgr\u00f6\u00dfe ist an Ihre Bed\u00fcrfnisse anpassbar.<br \/>\nDie Xiaomi Nr. 9 Elektroroller-Lithiumbatterie besteht aus brandneuen 18650-Power-Lithiumbatterien der Klasse A, die f\u00fcr ihre Zuverl\u00e4ssigkeit und hohe Leistung bekannt sind. Es wird mit importierten IC-Schutzplatinen zusammengebaut, um sicherzustellen, dass es sicher und gesch\u00fctzt ist. Bevor dieses Produkt das Werk verl\u00e4sst, wird es Alterungstests unterzogen, um sicherzustellen, dass es den h\u00f6chsten Qualit\u00e4tsstandards entspricht.<br \/>\nAuf dieses Batteriepaket wird eine 1-j\u00e4hrige Garantie f\u00fcr Haushaltsbatterien und eine 2-j\u00e4hrige Garantie f\u00fcr importierte Batterien gew\u00e4hrt. Neben dem Akkupack enth\u00e4lt dieses Produkt auch alle notwendigen Zubeh\u00f6rteile, wie z. B. Dokumente, damit Sie alles haben, was Sie f\u00fcr den Start ben\u00f6tigen.<br \/>\nEgal, ob Sie zur Arbeit pendeln oder die Stadt erkunden, die Xiaomi Nr. 9 Elektroroller-Lithiumbatterie bietet Ihnen die Leistung und Zuverl\u00e4ssigkeit, die Sie ben\u00f6tigen, um an Ihr Ziel zu gelangen. Bestellen Sie jetzt und erleben Sie den Komfort dieses in China hergestellten Originalprodukts!<\/p>","protected":false},"featured_media":224,"template":"","meta":{"_kad_post_transparent":"default","_kad_post_title":"","_kad_post_layout":"default","_kad_post_sidebar_id":"","_kad_post_content_style":"default","_kad_post_vertical_padding":"default","_kad_post_feature":"","_kad_post_feature_position":"","_kad_post_header":false,"_kad_post_footer":false},"product_cat":[33],"product_tag":[48,52,51,47,46,50,49],"class_list":["post-223","product","type-product","status-publish","has-post-thumbnail","hentry","product_cat-custom-battery-pack","product_tag-36v-scooter-lithium-battery","product_tag-battery","product_tag-battery-electric-bike","product_tag-electric-scooter-lithium-battery","product_tag-original-xiaomi-lithium-battery","product_tag-xiaomi-ebike-battery","product_tag-xiaomi-no-9-lithium-battery","entry","content-bg","loop-entry"],"_links":{"self":[{"href":"https:\/\/bybatt.com\/de\/wp-json\/wp\/v2\/product\/223","targetHints":{"allow":["GET"]}}],"collection":[{"href":"https:\/\/bybatt.com\/de\/wp-json\/wp\/v2\/product"}],"about":[{"href":"https:\/\/bybatt.com\/de\/wp-json\/wp\/v2\/types\/product"}],"wp:featuredmedia":[{"embeddable":true,"href":"https:\/\/bybatt.com\/de\/wp-json\/wp\/v2\/media\/224"}],"wp:attachment":[{"href":"https:\/\/bybatt.com\/de\/wp-json\/wp\/v2\/media?parent=223"}],"wp:term":[{"taxonomy":"product_cat","embeddable":true,"href":"https:\/\/bybatt.com\/de\/wp-json\/wp\/v2\/product_cat?post=223"},{"taxonomy":"product_tag","embeddable":true,"href":"https:\/\/bybatt.com\/de\/wp-json\/wp\/v2\/product_tag?post=223"}],"curies":[{"name":"wp","href":"https:\/\/api.w.org\/{rel}","templated":true}]}}