{"id":230,"date":"2023-02-16T04:08:07","date_gmt":"2023-02-16T04:08:07","guid":{"rendered":"https:\/\/bybatt.com\/?post_type=product&#038;p=230"},"modified":"2023-02-16T04:25:03","modified_gmt":"2023-02-16T04:25:03","slug":"8-5-inch-universal-original-battery-pack-for-xiaomi-scooter","status":"publish","type":"product","link":"https:\/\/bybatt.com\/de\/produkt\/8-5-zoll-universal-original-akkupack-fur-xiaomi-scooter\/","title":{"rendered":"8,5-Zoll-Universal-Original-Akku f\u00fcr Xiaomi Scooter"},"content":{"rendered":"","protected":false},"excerpt":{"rendered":"<p>Wir stellen unseren 8,5-Zoll-Universal-Original-Akkupack f\u00fcr den Xiaomi M365-Roller vor! Mit einer Nennspannung von 36 V und einer Kapazit\u00e4t von 7,5-10,4 A verf\u00fcgt dieser Akkupack \u00fcber eine hochwertige Haushaltsbatteriemarke von LG und ist f\u00fcr Naturgeschwindigkeiten von 30-40 Knoten 10s3P ausgelegt. Bei einem Ausgangsstrom von 15-20A und einer Leistung von 250-350 Watt k\u00f6nnen Sie mit einer einzigen Ladung eine Fahrleistung von 25-50 Kilometern erwarten.<br \/>\nDieser Akkupack wird mit einer Ladeger\u00e4t-Nennleistung von 71 Watt und einer Ladeger\u00e4t-Nenneingangsspannung von 100\u2013240 V~, 50\/60 Hz geliefert. Die Batterieladegrenzspannung betr\u00e4gt 42 V und die Ladezeit betr\u00e4gt ca. 4 Stunden.<br \/>\nAusgestattet mit einem intelligenten BMS bietet dieser Akkupack Schutz vor Temperaturanomalien\/Kurzschl\u00fcssen\/Unterspannung, automatischem Ruhezustand\/\u00dcberstrom\/doppelter \u00dcberladung\/doppelter Tiefentladung, um Ihre Sicherheit bei der Verwendung Ihres Scooters zu gew\u00e4hrleisten.<br \/>\nDieser Akku ist 28,7 x 4 x 7 cm lang und wiegt 1,8 kg und ist in einem einzigen Karton mit einer Gr\u00f6\u00dfe von 65 x 10 x 10 cm und einem Gewicht von 2 kg verpackt. Es ist nur mit dem Xiaomi-Originalauto (mit Kommunikation) kompatibel und wird h\u00e4ufig in den Originalmodellen Mi Pro, Pro2, 1S, M365 auf dem Markt verwendet. R\u00fcsten Sie Ihren Xiaomi M365 Scooter noch heute mit unserem hochwertigen Akkupack auf!<\/p>","protected":false},"featured_media":231,"template":"","meta":{"_kad_post_transparent":"default","_kad_post_title":"","_kad_post_layout":"default","_kad_post_sidebar_id":"","_kad_post_content_style":"default","_kad_post_vertical_padding":"default","_kad_post_feature":"","_kad_post_feature_position":"","_kad_post_header":false,"_kad_post_footer":false},"product_cat":[33],"product_tag":[55,54,53,56,59,57,58],"class_list":["post-230","product","type-product","status-publish","has-post-thumbnail","hentry","product_cat-custom-battery-pack","product_tag-8-5-inch-universal-battery-pack","product_tag-original-xiaomi-scooter-battery-pack","product_tag-universal-original-battery-pack","product_tag-xiaomi-m365-scooter-battery-pack","product_tag-xiaomi-mi-1s-scooter-battery-pack","product_tag-xiaomi-mi-pro-scooter-battery-pack","product_tag-xiaomi-mi-pro2-scooter-battery-pack","entry","content-bg","loop-entry"],"_links":{"self":[{"href":"https:\/\/bybatt.com\/de\/wp-json\/wp\/v2\/product\/230","targetHints":{"allow":["GET"]}}],"collection":[{"href":"https:\/\/bybatt.com\/de\/wp-json\/wp\/v2\/product"}],"about":[{"href":"https:\/\/bybatt.com\/de\/wp-json\/wp\/v2\/types\/product"}],"wp:featuredmedia":[{"embeddable":true,"href":"https:\/\/bybatt.com\/de\/wp-json\/wp\/v2\/media\/231"}],"wp:attachment":[{"href":"https:\/\/bybatt.com\/de\/wp-json\/wp\/v2\/media?parent=230"}],"wp:term":[{"taxonomy":"product_cat","embeddable":true,"href":"https:\/\/bybatt.com\/de\/wp-json\/wp\/v2\/product_cat?post=230"},{"taxonomy":"product_tag","embeddable":true,"href":"https:\/\/bybatt.com\/de\/wp-json\/wp\/v2\/product_tag?post=230"}],"curies":[{"name":"wp","href":"https:\/\/api.w.org\/{rel}","templated":true}]}}