{"id":256,"date":"2023-02-17T07:35:14","date_gmt":"2023-02-17T07:35:14","guid":{"rendered":"https:\/\/bybatt.com\/?post_type=product&#038;p=256"},"modified":"2023-02-17T08:02:08","modified_gmt":"2023-02-17T08:02:08","slug":"12-8v-200ah-camper-boat-marine-lifepo4-deep-cycle-battery","status":"publish","type":"product","link":"https:\/\/bybatt.com\/de\/produkt\/12-8v-200ah-camper-boot-marine-lifepo4-deep-cycle-batterie\/","title":{"rendered":"12,8 V 200 Ah Camper Boat Marine LiFePO4 Deep Cycle Batterie"},"content":{"rendered":"","protected":false},"excerpt":{"rendered":"<p>Wir stellen unsere 12,8 V 200 Ah Camper Boat Marine LiFePO4 Deep Cycle Batterie vor, die entwickelt wurde, um zuverl\u00e4ssige und lang anhaltende Energie f\u00fcr alle Ihre Bed\u00fcrfnisse auf See und Wohnmobil zu liefern. Unsere Batterie besteht aus neuen 100%-Zellen, die h\u00f6chste Qualit\u00e4t und Zuverl\u00e4ssigkeit gew\u00e4hrleisten.<br \/>\nMit einer Nennspannung von 51,2 V-16S2P-Akku und einer Nennkapazit\u00e4t von 80 Ah bietet dieser Akku einen Schlag in einer kompakten Gr\u00f6\u00dfe von 520 x 310 x 170 mm. Die LiFePO4-Technologie bietet eine au\u00dfergew\u00f6hnliche Leistung und liefert bis zu 6000 Zyklen bei einer Entladetiefe (DOD) von 80% und mehr, wie in unserem Zyklusdiagramm angegeben.<br \/>\nUnsere Batterie ist auch auf Langlebigkeit ausgelegt, mit einem robusten Metall- oder Edelstahlgeh\u00e4use zum Schutz der Zellen. Mit ca. 42 kg ist es leicht und einfach zu handhaben, was es zur perfekten L\u00f6sung f\u00fcr all Ihre Energieanforderungen unterwegs macht.<br \/>\nDie in unserem Akku verwendeten Zellen sind von h\u00f6chster Qualit\u00e4t, Klasse A+, LiFePO4-Zellen, die eine optimale Leistung und Langlebigkeit gew\u00e4hrleisten. Investieren Sie in unsere 12,8 V 200 Ah Camper Boat Marine LiFePO4 Deep Cycle Batterie f\u00fcr eine zuverl\u00e4ssige, leistungsstarke Stromquelle, die Sie weiterbringt.<\/p>","protected":false},"featured_media":257,"template":"","meta":{"_kad_post_transparent":"default","_kad_post_title":"","_kad_post_layout":"default","_kad_post_sidebar_id":"","_kad_post_content_style":"default","_kad_post_vertical_padding":"default","_kad_post_feature":"","_kad_post_feature_position":"","_kad_post_header":false,"_kad_post_footer":false},"product_cat":[25,29],"product_tag":[72,71,74,76,75,73],"class_list":["post-256","product","type-product","status-publish","has-post-thumbnail","hentry","product_cat-home-storage-battery","product_cat-lifepo4-battery-pack","product_tag-36v-100ah-for-agv-car-golf-cart","product_tag-36v-lithium-golf-cart-battery","product_tag-deep-cycle-rv-batteries","product_tag-lifepo4-deep-cycle-battery","product_tag-marine-deep-cycle-batteries","product_tag-rechargeable-lfp-battery","entry","content-bg","loop-entry"],"_links":{"self":[{"href":"https:\/\/bybatt.com\/de\/wp-json\/wp\/v2\/product\/256","targetHints":{"allow":["GET"]}}],"collection":[{"href":"https:\/\/bybatt.com\/de\/wp-json\/wp\/v2\/product"}],"about":[{"href":"https:\/\/bybatt.com\/de\/wp-json\/wp\/v2\/types\/product"}],"wp:featuredmedia":[{"embeddable":true,"href":"https:\/\/bybatt.com\/de\/wp-json\/wp\/v2\/media\/257"}],"wp:attachment":[{"href":"https:\/\/bybatt.com\/de\/wp-json\/wp\/v2\/media?parent=256"}],"wp:term":[{"taxonomy":"product_cat","embeddable":true,"href":"https:\/\/bybatt.com\/de\/wp-json\/wp\/v2\/product_cat?post=256"},{"taxonomy":"product_tag","embeddable":true,"href":"https:\/\/bybatt.com\/de\/wp-json\/wp\/v2\/product_tag?post=256"}],"curies":[{"name":"wp","href":"https:\/\/api.w.org\/{rel}","templated":true}]}}