{"id":268,"date":"2023-02-17T08:08:39","date_gmt":"2023-02-17T08:08:39","guid":{"rendered":"https:\/\/bybatt.com\/?post_type=product&#038;p=268"},"modified":"2023-02-17T08:15:14","modified_gmt":"2023-02-17T08:15:14","slug":"12v-24v-36v-rechargeable-lifepo4-lithium-solar-battery-pack","status":"publish","type":"product","link":"https:\/\/bybatt.com\/de\/produkt\/12v-24v-36v-wiederaufladbare-lifepo4-lithium-solarbatterie-pack\/","title":{"rendered":"12V 24V 36V wiederaufladbarer LiFePO4 Lithium-Solarbatteriesatz"},"content":{"rendered":"","protected":false},"excerpt":{"rendered":"<p>Wir stellen das wiederaufladbare LiFePO4-Lithium-Solarbatteriepaket mit 12 V, 24 V, 36 V vor, die perfekte L\u00f6sung f\u00fcr Ihre Energiespeicheranforderungen. Diese Batterie wurde unter Verwendung der patentierten Lithium-Eisen-Phosphat-Chemie (LiFePO\u2084) hergestellt und ist \u00e4u\u00dferst vielseitig und kann f\u00fcr eine Vielzahl von Anwendungen verwendet werden.<br \/>\nDer LFP-3650 verf\u00fcgt \u00fcber ein integriertes Batteriemanagementsystem (BMS), das eine optimale Leistung gew\u00e4hrleistet und gleichzeitig \u00dcberhitzung und \u00dcberladung verhindert und die Lebensdauer der Zellen maximiert. Mit dem internen BMS (elektronischer Chip) wird die Batterie in Echtzeit \u00fcberwacht und alarmiert den Benutzer, wenn Spannungs- oder Kapazit\u00e4tsanomalien festgestellt werden.<br \/>\nMit nur der H\u00e4lfte bis einem Drittel des Gewichts einer Blei-S\u00e4ure-Batterie ist die LiFePO4-Batterie die ideale Wahl f\u00fcr Marine-, Wohnmobil-, Golfwagen-, Motorrad- und Off-Grid-Anwendungen. Unsere lifepo4-Lithiumbatterien sind au\u00dferdem umweltfreundlicher als SLA-Batterien, da sie keine korrosiven oder sch\u00e4dlichen Schwermetalle enthalten.<br \/>\nDie Lifepo4-Batterien haben eine geringe Entladungsrate und eine lange Lebensdauer mit einer durchschnittlichen Lebenserwartung von etwa 5 bis 10 Jahren. Sie k\u00f6nnen unter empfohlenen Bedingungen eine Kapazit\u00e4t von bis zu 85% f\u00fcr 6.000 Zyklen bew\u00e4ltigen - 8.000 Mal (40% dod).<br \/>\nDie 36-V-50-Ah-Lithiumbatterie besteht aus erstklassigen 3,2-V-LifePo4-Batteriezellen der Klasse A, einem hochwertigen BMS, einem Metall-\/SS-Geh\u00e4use und einem LCD-Bildschirm (Anzeige) f\u00fcr eine einfache \u00dcberwachung. Es wurde entwickelt, um eine lang anhaltende, zuverl\u00e4ssige Leistung zu bieten, was es zu einem meistverkauften Produkt macht.<br \/>\nErweitern Sie Ihren Energiespeicher mit dem Lithium Battery Power 36V 50Ah Lithium-Ionen-Akku und genie\u00dfen Sie die Vorteile einer leichten, umweltfreundlichen und langlebigen Stromquelle.<\/p>","protected":false},"featured_media":269,"template":"","meta":{"_kad_post_transparent":"default","_kad_post_title":"","_kad_post_layout":"default","_kad_post_sidebar_id":"","_kad_post_content_style":"default","_kad_post_vertical_padding":"default","_kad_post_feature":"","_kad_post_feature_position":"","_kad_post_header":false,"_kad_post_footer":false},"product_cat":[25,30],"product_tag":[86,66,88,92,87,91,89,90,85],"class_list":["post-268","product","type-product","status-publish","has-post-thumbnail","hentry","product_cat-home-storage-battery","product_cat-solar-battery","product_tag-grade-a-36v-lithium-battery","product_tag-lifepo4-battery","product_tag-lifepo4-battery-for-electric-vehicle","product_tag-lifepo4-battery-packs","product_tag-lifepo4-lfp4-battery-50ah","product_tag-lifepo4-lithium-battery-for-solar","product_tag-lithium-battery-solar","product_tag-lithium-solar-batteries","product_tag-lithium-solar-battery","entry","content-bg","loop-entry"],"_links":{"self":[{"href":"https:\/\/bybatt.com\/de\/wp-json\/wp\/v2\/product\/268","targetHints":{"allow":["GET"]}}],"collection":[{"href":"https:\/\/bybatt.com\/de\/wp-json\/wp\/v2\/product"}],"about":[{"href":"https:\/\/bybatt.com\/de\/wp-json\/wp\/v2\/types\/product"}],"wp:featuredmedia":[{"embeddable":true,"href":"https:\/\/bybatt.com\/de\/wp-json\/wp\/v2\/media\/269"}],"wp:attachment":[{"href":"https:\/\/bybatt.com\/de\/wp-json\/wp\/v2\/media?parent=268"}],"wp:term":[{"taxonomy":"product_cat","embeddable":true,"href":"https:\/\/bybatt.com\/de\/wp-json\/wp\/v2\/product_cat?post=268"},{"taxonomy":"product_tag","embeddable":true,"href":"https:\/\/bybatt.com\/de\/wp-json\/wp\/v2\/product_tag?post=268"}],"curies":[{"name":"wp","href":"https:\/\/api.w.org\/{rel}","templated":true}]}}