{"id":271,"date":"2023-02-17T13:19:40","date_gmt":"2023-02-17T13:19:40","guid":{"rendered":"https:\/\/bybatt.com\/?post_type=product&#038;p=271"},"modified":"2023-02-17T13:39:53","modified_gmt":"2023-02-17T13:39:53","slug":"high-voltage-home-storage-system-stackable-lifepo4-battery","status":"publish","type":"product","link":"https:\/\/bybatt.com\/de\/produkt\/hochspannungsspeichersystem-stapelbar-lifepo4-batterie\/","title":{"rendered":"Hochspannungs-Heimspeichersystem Stapelbarer LiFePo4-Akku"},"content":{"rendered":"","protected":false},"excerpt":{"rendered":"<p>Wir stellen vor: die stapelbare LiFePo4-Batterie des Hochspannungs-Heimspeichersystems \u2013 die perfekte L\u00f6sung f\u00fcr Ihren Strombedarf zu Hause! Dieser Energiespeicher f\u00fcr Wohnmobile verf\u00fcgt \u00fcber eine unglaubliche 6000-fache Zyklenlebensdauer, die sicherstellt, dass er viele Jahre h\u00e4lt.<br \/>\nDiese Batterie wurde mit Blick auf Ihren Komfort entwickelt und unterst\u00fctzt die Wechselrichterkommunikation und -anpassung, sodass Sie sie an Ihre spezifischen Anforderungen anpassen k\u00f6nnen. Mit einer einzigen Batterie, die leistungsstarke 10 kWh Energie liefert, ist diese Batterie perfekt f\u00fcr Heimstromsysteme und das Laden von Heimanwendungen.<br \/>\nMit seinem sicheren Design und der auslaufsicheren Garantie k\u00f6nnen Sie sicher sein, dass dieser Akku eine zuverl\u00e4ssige und sorgenfreie Wahl ist. Dar\u00fcber hinaus macht es sein wartungsfreies Design unglaublich einfach zu bedienen und zu warten.<br \/>\nDiese Batterie wurde f\u00fcr die Verwendung mit Heim-Solarsystemen entwickelt und zeichnet sich durch eine h\u00f6here Energiedichte und extreme Lebensdauer aus, wodurch sichergestellt wird, dass sie l\u00e4nger h\u00e4lt und mehr Leistung als je zuvor liefert. Und mit dem unteren Druckrad-Design m\u00fcssen Sie sich keine Gedanken \u00fcber die Installation machen \u2013 es ist so einfach wie das Einschieben!<br \/>\nDieser auf maximale Effizienz ausgelegte Akku unterst\u00fctzt die parallele Verwendung und bietet \u00fcber 6000 Zyklen zuverl\u00e4ssiger Leistung. Sein Batteriemanagementsystem stellt sicher, dass es immer optimal funktioniert, und mit 95% DOD und mehr nutzbarer Kapazit\u00e4t haben Sie die gesamte Leistung, die Sie ben\u00f6tigen, um Ihr Zuhause reibungslos zu betreiben.<\/p>","protected":false},"featured_media":272,"template":"","meta":{"_kad_post_transparent":"default","_kad_post_title":"","_kad_post_layout":"default","_kad_post_sidebar_id":"","_kad_post_content_style":"default","_kad_post_vertical_padding":"default","_kad_post_feature":"","_kad_post_feature_position":"","_kad_post_header":false,"_kad_post_footer":false},"product_cat":[25,28],"product_tag":[95,99,96,97,94,93,98],"class_list":["post-271","product","type-product","status-publish","has-post-thumbnail","hentry","product_cat-home-storage-battery","product_cat-base-station-battery","product_tag-50kw-51-2v-lithium-battery","product_tag-home-storage-battery","product_tag-life-power-station","product_tag-prismatic-primary-off-lithium-battery-for-cycle","product_tag-stackable-energy-storage-systems","product_tag-stackable-lifepo4-battery","product_tag-stackable-lithium-battery","entry","content-bg","loop-entry"],"_links":{"self":[{"href":"https:\/\/bybatt.com\/de\/wp-json\/wp\/v2\/product\/271","targetHints":{"allow":["GET"]}}],"collection":[{"href":"https:\/\/bybatt.com\/de\/wp-json\/wp\/v2\/product"}],"about":[{"href":"https:\/\/bybatt.com\/de\/wp-json\/wp\/v2\/types\/product"}],"wp:featuredmedia":[{"embeddable":true,"href":"https:\/\/bybatt.com\/de\/wp-json\/wp\/v2\/media\/272"}],"wp:attachment":[{"href":"https:\/\/bybatt.com\/de\/wp-json\/wp\/v2\/media?parent=271"}],"wp:term":[{"taxonomy":"product_cat","embeddable":true,"href":"https:\/\/bybatt.com\/de\/wp-json\/wp\/v2\/product_cat?post=271"},{"taxonomy":"product_tag","embeddable":true,"href":"https:\/\/bybatt.com\/de\/wp-json\/wp\/v2\/product_tag?post=271"}],"curies":[{"name":"wp","href":"https:\/\/api.w.org\/{rel}","templated":true}]}}