{"id":300,"date":"2023-02-18T03:55:53","date_gmt":"2023-02-18T03:55:53","guid":{"rendered":"https:\/\/bybatt.com\/?post_type=product&#038;p=300"},"modified":"2023-02-18T05:26:41","modified_gmt":"2023-02-18T05:26:41","slug":"home-solar-wall-mounted-lithium-battery-lifepo4-battery","status":"publish","type":"product","link":"https:\/\/bybatt.com\/de\/produkt\/home-solar-wandmontierte-lithiumbatterie-lifepo4-batterie\/","title":{"rendered":"Home Solar Wandmontierte Lithiumbatterie LiFePO4 Batterie"},"content":{"rendered":"","protected":false},"excerpt":{"rendered":"<p>Wir stellen unsere LiFePO4-Lithiumbatterie f\u00fcr die Wandmontage f\u00fcr Zuhause vor, die Ihr Zuhause mit erneuerbarer Energie versorgt. Dieser innovative Akku besteht aus neuen 100%-Zellen und gew\u00e4hrleistet maximale Effizienz und lang anhaltende Zuverl\u00e4ssigkeit.<br \/>\nMit einer Kapazit\u00e4t von 48 V und vier Optionen f\u00fcr die Energiespeicherung \u2013 50 Ah, 100 Ah, 150 Ah und 200 Ah \u2013 k\u00f6nnen Sie die perfekte Gr\u00f6\u00dfe f\u00fcr Ihren Energiebedarf w\u00e4hlen. Die Batterie kann 2,56 kWh bis 10,24 kWh Energie speichern, sodass Sie Ihr Zuhause mit Strom versorgen k\u00f6nnen, ohne sich auf herk\u00f6mmliche Energiequellen verlassen zu m\u00fcssen.<br \/>\nDie maximale Ausgangsleistung reicht von 2560 W bis 10240 W und gibt Ihnen die Leistung, die Sie f\u00fcr einen reibungslosen Betrieb Ihres Hauses ben\u00f6tigen. Dar\u00fcber hinaus ist die Batterie auf eine Lebensdauer von bis zu 6000 Zyklen ausgelegt, wenn sie auf eine Entladetiefe (DOD) von 80% bei einer Temperatur von 25 \u00b0C entladen wird, was eine langanhaltende Zuverl\u00e4ssigkeit bietet.<br \/>\nDieser Akku ist ideal f\u00fcr den Heimgebrauch und kann an der Wand montiert werden und nimmt nur wenig Platz ein. Es wurde entwickelt, um einem Temperaturbereich von -20 \u00b0C bis 60 \u00b0C standzuhalten und kann bei einer relativen Luftfeuchtigkeit von 60+\/-25% betrieben werden. Au\u00dferdem hat es eine Lagerzeit von 5 Monaten bei 25 \u00b0C, 3 Monaten bei 35 \u00b0C und 1 Monat bei 45 \u00b0C.<br \/>\nDie Batterie hat eine kompakte Gr\u00f6\u00dfe von 360 x 140 x 570 mm, wodurch sie einfach in Ihrem Zuhause installiert werden kann. Unsere LiFePO4-Lithiumbatterie f\u00fcr die Wandmontage an der Wand ist eine umweltfreundliche und kosteng\u00fcnstige M\u00f6glichkeit, Ihr Zuhause mit erneuerbarer Energie zu versorgen. Investieren Sie noch heute in diese innovative Batterie und \u00fcbernehmen Sie die Kontrolle \u00fcber Ihren Energieverbrauch.<\/p>","protected":false},"featured_media":301,"template":"","meta":{"_kad_post_transparent":"default","_kad_post_title":"","_kad_post_layout":"default","_kad_post_sidebar_id":"","_kad_post_content_style":"default","_kad_post_vertical_padding":"default","_kad_post_feature":"","_kad_post_feature_position":"","_kad_post_header":false,"_kad_post_footer":false},"product_cat":[25,27],"product_tag":[140,139,62,141,128,138],"class_list":["post-300","product","type-product","status-publish","has-post-thumbnail","hentry","product_cat-home-storage-battery","product_cat-home-battery-powerwall","product_tag-home-energy-storage","product_tag-home-power-wall-mounted-battery","product_tag-lifepo4-solar-lithium-battery","product_tag-power-wall","product_tag-wall-mounted-lithium-battery","product_tag-wall-mounted-lithium-home-battery","entry","content-bg","loop-entry"],"_links":{"self":[{"href":"https:\/\/bybatt.com\/de\/wp-json\/wp\/v2\/product\/300","targetHints":{"allow":["GET"]}}],"collection":[{"href":"https:\/\/bybatt.com\/de\/wp-json\/wp\/v2\/product"}],"about":[{"href":"https:\/\/bybatt.com\/de\/wp-json\/wp\/v2\/types\/product"}],"wp:featuredmedia":[{"embeddable":true,"href":"https:\/\/bybatt.com\/de\/wp-json\/wp\/v2\/media\/301"}],"wp:attachment":[{"href":"https:\/\/bybatt.com\/de\/wp-json\/wp\/v2\/media?parent=300"}],"wp:term":[{"taxonomy":"product_cat","embeddable":true,"href":"https:\/\/bybatt.com\/de\/wp-json\/wp\/v2\/product_cat?post=300"},{"taxonomy":"product_tag","embeddable":true,"href":"https:\/\/bybatt.com\/de\/wp-json\/wp\/v2\/product_tag?post=300"}],"curies":[{"name":"wp","href":"https:\/\/api.w.org\/{rel}","templated":true}]}}