{"id":306,"date":"2023-02-18T05:30:26","date_gmt":"2023-02-18T05:30:26","guid":{"rendered":"https:\/\/bybatt.com\/?post_type=product&#038;p=306"},"modified":"2023-02-18T05:40:06","modified_gmt":"2023-02-18T05:40:06","slug":"cheap-48v-100ah-lifepo4-powerwall-lithium-ion-home-battery","status":"publish","type":"product","link":"https:\/\/bybatt.com\/de\/produkt\/billig-48v-100ah-lifepo4-powerwall-lithium-ionen-hausbatterie\/","title":{"rendered":"G\u00fcnstige 48V 100AH LiFePO4 Powerwall Lithium-Ionen-Heimbatterie"},"content":{"rendered":"","protected":false},"excerpt":{"rendered":"<p>Die 48 V 100 AH LiFePO4 Powerwall Lithium-Ionen-Heimbatterie ist eine fortschrittliche L\u00f6sung f\u00fcr die Notstromversorgung zu Hause. Dieses Hightech-Produkt wurde entwickelt, um sich mit seinem modernen Design und seiner miniaturisierten, leichten Bauweise nahtlos in Ihr Zuhause zu integrieren. Es ist intelligent, standardisiert und umweltfreundlich, was es zu einer ausgezeichneten Wahl f\u00fcr diejenigen macht, die ihren CO2-Fu\u00dfabdruck reduzieren m\u00f6chten.<br \/>\nDie Powerwall-Heimbatterie verf\u00fcgt \u00fcber eine Lithium (LiFePO4)-Batteriespeicherkapazit\u00e4t von 5 kWh und bietet ausreichend Energie, um Sie jederzeit vom Stromnetz fernzuhalten. Diese Batterie ist die weltweit beliebteste Energiespeicherl\u00f6sung und bietet zuverl\u00e4ssige Notstromversorgung f\u00fcr Zuhause, auf die Sie sich verlassen k\u00f6nnen. Auch wenn Ihre Solarreise nicht bei den Herstellern begonnen hat, k\u00f6nnen Sie dennoch die Vorteile dieses Heimbatteriesystems und Heimbatterie-Backup-Stromversorgungssystems genie\u00dfen.<br \/>\nAlle in diesen Batterien verwendeten Zellen sind 100% neu, was eine lang anhaltende Leistung gew\u00e4hrleistet. Die Batterie ist in verschiedenen Kapazit\u00e4ten und Gr\u00f6\u00dfen mit Energieabgaben von 2,56 KWH, 5,12 KWH, 7,68 KWH und 10,24 KWH und maximalen Ausgangsleistungen von 2560 W, 5120 W, 7680 W und 10240 W erh\u00e4ltlich. Die Batterie hat eine lange Lebensdauer von 6000 Zyklen (bei 80% DOD, 25 \u00b0C), was einen zuverl\u00e4ssigen Langzeiteinsatz erm\u00f6glicht.<br \/>\nDieser Akku kann bis zu 5 Monate bei 25 \u00b0C, 3 Monate bei 35 \u00b0C und 1 Monat bei 45 \u00b0C gelagert werden, was ihn zu einer flexiblen L\u00f6sung f\u00fcr Ihren Notstrombedarf macht. Es kann in einem Temperaturbereich von -20 \u00b0C bis 60 \u00b0C bei einer relativen Luftfeuchtigkeit von 60 +\/- 251 TP3T betrieben werden, wodurch sichergestellt wird, dass es unter einer Vielzahl von Bedingungen gut funktioniert. Die Abmessungen des Akkus betragen 360 x 140 x 570 mm, wodurch er sich leicht in Ihr Zuhause integrieren l\u00e4sst.<\/p>","protected":false},"featured_media":307,"template":"","meta":{"_kad_post_transparent":"default","_kad_post_title":"","_kad_post_layout":"default","_kad_post_sidebar_id":"","_kad_post_content_style":"default","_kad_post_vertical_padding":"default","_kad_post_feature":"","_kad_post_feature_position":"","_kad_post_header":false,"_kad_post_footer":false},"product_cat":[25,27],"product_tag":[147,149,144,143,145,146,142,148],"class_list":["post-306","product","type-product","status-publish","has-post-thumbnail","hentry","product_cat-home-storage-battery","product_cat-home-battery-powerwall","product_tag-6000-cycles-life-lithium-ion-battery","product_tag-home-battery-lithium-powerwall","product_tag-lifepo4-home-battery","product_tag-lithium-ion-home-battery","product_tag-powerwall-home-battery","product_tag-powerwall-lithium-ion-battery","product_tag-powerwall-lithium-ion-home-battery","product_tag-powerwall-tesla-10kwh","entry","content-bg","loop-entry"],"_links":{"self":[{"href":"https:\/\/bybatt.com\/de\/wp-json\/wp\/v2\/product\/306","targetHints":{"allow":["GET"]}}],"collection":[{"href":"https:\/\/bybatt.com\/de\/wp-json\/wp\/v2\/product"}],"about":[{"href":"https:\/\/bybatt.com\/de\/wp-json\/wp\/v2\/types\/product"}],"wp:featuredmedia":[{"embeddable":true,"href":"https:\/\/bybatt.com\/de\/wp-json\/wp\/v2\/media\/307"}],"wp:attachment":[{"href":"https:\/\/bybatt.com\/de\/wp-json\/wp\/v2\/media?parent=306"}],"wp:term":[{"taxonomy":"product_cat","embeddable":true,"href":"https:\/\/bybatt.com\/de\/wp-json\/wp\/v2\/product_cat?post=306"},{"taxonomy":"product_tag","embeddable":true,"href":"https:\/\/bybatt.com\/de\/wp-json\/wp\/v2\/product_tag?post=306"}],"curies":[{"name":"wp","href":"https:\/\/api.w.org\/{rel}","templated":true}]}}