{"id":316,"date":"2023-02-18T08:42:14","date_gmt":"2023-02-18T08:42:14","guid":{"rendered":"https:\/\/bybatt.com\/?post_type=product&#038;p=316"},"modified":"2023-03-05T16:19:15","modified_gmt":"2023-03-05T16:19:15","slug":"lifepo4-tesla-powerwall-lithium-battery-for-solar-system","status":"publish","type":"product","link":"https:\/\/bybatt.com\/de\/produkt\/lifepo4-tesla-powerwall-lithiumbatterie-fur-solaranlage\/","title":{"rendered":"LiFePO4 Tesla Powerwall Lithiumbatterie f\u00fcr Sonnensystem"},"content":{"rendered":"","protected":false},"excerpt":{"rendered":"<p>Die LiFePO4 Tesla Powerwall Lithium-Batterie ist f\u00fcr den Einsatz in Solarsystemen konzipiert und in verschiedenen Kapazit\u00e4tsoptionen erh\u00e4ltlich: 48 V 50 Ah, 48 V 100 Ah, 48 V 150 Ah und 48 V 200 Ah. Die Batterie hat eine maximale Energiekapazit\u00e4t von 2,56 KWH, 5,12 KWH, 7,68 KWH bzw. 10,24 KWH und kann eine maximale Ausgangsleistung von 2560 W, 5120 W, 7680 W bzw. 10240 W bereitstellen.<br \/>\nDie Batterie besteht aus neuen 100%-Zellen und hat eine lange Lebensdauer mit einer Nennlebensdauer von 6000 Zyklen bei einer Entladetiefe von 80% und einer Temperatur von 25 \u00b0C. Es kann bis zu 5 Monate bei einer Temperatur von 25 \u00b0C, 3 Monate bei 35 \u00b0C und 1 Monat bei 45 \u00b0C gelagert werden. Die Batterie ist f\u00fcr den Betrieb bei Temperaturen von -20 \u00b0C bis 60 \u00b0C bei einer relativen Luftfeuchtigkeit von 60+\/-25% ausgelegt. Die Abmessungen des Akkus betragen 360 mm x 140 mm x 570 mm (L\u00e4nge x Breite x H\u00f6he).<br \/>\nInsgesamt ist diese LiFePO4 Tesla Powerwall Lithium-Batterie eine leistungsstarke, langlebige und zuverl\u00e4ssige L\u00f6sung f\u00fcr die Stromversorgung von Solarsystemen und ist in der Lage, \u00fcber l\u00e4ngere Zeitr\u00e4ume eine betr\u00e4chtliche Energiespeicherung und Leistungsabgabe bereitzustellen.<\/p>","protected":false},"featured_media":317,"template":"","meta":{"_kad_post_transparent":"default","_kad_post_title":"","_kad_post_layout":"default","_kad_post_sidebar_id":"","_kad_post_content_style":"default","_kad_post_vertical_padding":"default","_kad_post_feature":"","_kad_post_feature_position":"","_kad_post_header":false,"_kad_post_footer":false},"product_cat":[25,27],"product_tag":[157,68,158,159,156],"class_list":["post-316","product","type-product","status-publish","has-post-thumbnail","hentry","product_cat-home-storage-battery","product_cat-home-battery-powerwall","product_tag-6000-cycles-80-dod-lifepo4-48v-100ah-5kwh-powerwall","product_tag-lifepo4-lithium-battery","product_tag-power-wall-lithium-battery","product_tag-tesla-powerwall-alternative","product_tag-tesla-powerwall-lithium-battery","entry","content-bg","loop-entry"],"_links":{"self":[{"href":"https:\/\/bybatt.com\/de\/wp-json\/wp\/v2\/product\/316","targetHints":{"allow":["GET"]}}],"collection":[{"href":"https:\/\/bybatt.com\/de\/wp-json\/wp\/v2\/product"}],"about":[{"href":"https:\/\/bybatt.com\/de\/wp-json\/wp\/v2\/types\/product"}],"wp:featuredmedia":[{"embeddable":true,"href":"https:\/\/bybatt.com\/de\/wp-json\/wp\/v2\/media\/317"}],"wp:attachment":[{"href":"https:\/\/bybatt.com\/de\/wp-json\/wp\/v2\/media?parent=316"}],"wp:term":[{"taxonomy":"product_cat","embeddable":true,"href":"https:\/\/bybatt.com\/de\/wp-json\/wp\/v2\/product_cat?post=316"},{"taxonomy":"product_tag","embeddable":true,"href":"https:\/\/bybatt.com\/de\/wp-json\/wp\/v2\/product_tag?post=316"}],"curies":[{"name":"wp","href":"https:\/\/api.w.org\/{rel}","templated":true}]}}