{"id":333,"date":"2023-02-18T10:07:36","date_gmt":"2023-02-18T10:07:36","guid":{"rendered":"https:\/\/bybatt.com\/?post_type=product&#038;p=333"},"modified":"2023-02-18T10:15:53","modified_gmt":"2023-02-18T10:15:53","slug":"rechargeable-customized-home-solar-system-battery-storage","status":"publish","type":"product","link":"https:\/\/bybatt.com\/de\/produkt\/wiederaufladbare-kundenspezifische-haus-solaranlage-batteriespeicher\/","title":{"rendered":"Wiederaufladbarer, kundenspezifischer Batteriespeicher f\u00fcr das Solarsystem zu Hause"},"content":{"rendered":"","protected":false},"excerpt":{"rendered":"<p>Der wiederaufladbare kundenspezifische Batteriespeicher f\u00fcr das Solarsystem zu Hause ist ein Solarbatteriesystem, das f\u00fcr den privaten Gebrauch entwickelt wurde. Es besteht aus einem Satz Lithium-Ionen-Akkus mit hoher Kapazit\u00e4t mit einer Kapazit\u00e4t von 24 V 100 AH\/48 V 50 AH\/48 V 100 AH\/48 V 200 AH, je nach gew\u00e4hltem Modell.<br \/>\nDas Batteriesystem ist wiederaufladbar und so konzipiert, dass es mit Sonnenkollektoren zusammenarbeitet, um aus Sonnenlicht erzeugte Energie zu speichern. Dies macht es zu einer umweltfreundlichen und kosteng\u00fcnstigen L\u00f6sung f\u00fcr die Stromversorgung von Haushalten.<br \/>\nDie Batterien bestehen aus neuen 100%-Zellen, um eine optimale Leistung und Zuverl\u00e4ssigkeit zu gew\u00e4hrleisten. Das System kann an individuelle Bed\u00fcrfnisse und Vorlieben angepasst werden, wobei je nach den spezifischen Anforderungen des Hausbesitzers verschiedene Gr\u00f6\u00dfen erh\u00e4ltlich sind. Die Gr\u00f6\u00dfenoptionen sind 400 * 110 * 520 mm, 400 * 110 * 520 mm, 360 * 175 * 520 mm, 540 * 200 * 950 mm.<br \/>\nAuch das Gewicht des Akkus variiert je nach gew\u00e4hlter Kapazit\u00e4t und Gr\u00f6\u00dfe. Die Gewichtsoptionen sind 24 kg\/45 kg\/24 kg. Insgesamt ist der wiederaufladbare kundenspezifische Batteriespeicher f\u00fcr das Solarsystem f\u00fcr zu Hause eine hochwertige und vielseitige L\u00f6sung f\u00fcr den Bedarf an Solarstrom in Privathaushalten.<\/p>","protected":false},"featured_media":334,"template":"","meta":{"_kad_post_transparent":"default","_kad_post_title":"","_kad_post_layout":"default","_kad_post_sidebar_id":"","_kad_post_content_style":"default","_kad_post_vertical_padding":"default","_kad_post_feature":"","_kad_post_feature_position":"","_kad_post_header":false,"_kad_post_footer":false},"product_cat":[25,27],"product_tag":[167,168,170,154,166,169],"class_list":["post-333","product","type-product","status-publish","has-post-thumbnail","hentry","product_cat-home-storage-battery","product_cat-home-battery-powerwall","product_tag-home-solar-system-battery-power-storage","product_tag-lithium-ion-solar-energy-storage-system-battery","product_tag-solar-battery-storage","product_tag-solar-battery-storage-system","product_tag-solar-system-battery-storage","product_tag-wall-mount-10kw-256v-battery-pack","entry","content-bg","loop-entry"],"_links":{"self":[{"href":"https:\/\/bybatt.com\/de\/wp-json\/wp\/v2\/product\/333","targetHints":{"allow":["GET"]}}],"collection":[{"href":"https:\/\/bybatt.com\/de\/wp-json\/wp\/v2\/product"}],"about":[{"href":"https:\/\/bybatt.com\/de\/wp-json\/wp\/v2\/types\/product"}],"wp:featuredmedia":[{"embeddable":true,"href":"https:\/\/bybatt.com\/de\/wp-json\/wp\/v2\/media\/334"}],"wp:attachment":[{"href":"https:\/\/bybatt.com\/de\/wp-json\/wp\/v2\/media?parent=333"}],"wp:term":[{"taxonomy":"product_cat","embeddable":true,"href":"https:\/\/bybatt.com\/de\/wp-json\/wp\/v2\/product_cat?post=333"},{"taxonomy":"product_tag","embeddable":true,"href":"https:\/\/bybatt.com\/de\/wp-json\/wp\/v2\/product_tag?post=333"}],"curies":[{"name":"wp","href":"https:\/\/api.w.org\/{rel}","templated":true}]}}