{"id":346,"date":"2023-02-18T10:26:58","date_gmt":"2023-02-18T10:26:58","guid":{"rendered":"https:\/\/bybatt.com\/?post_type=product&#038;p=346"},"modified":"2023-02-18T11:03:04","modified_gmt":"2023-02-18T11:03:04","slug":"best-lithium-custom-portable-solar-generator-power-station","status":"publish","type":"product","link":"https:\/\/bybatt.com\/de\/produkt\/bestes-lithium-kundenspezifisches-tragbares-solargenerator-kraftwerk\/","title":{"rendered":"Bestes benutzerdefiniertes tragbares Lithium-Solargenerator-Kraftwerk"},"content":{"rendered":"","protected":false},"excerpt":{"rendered":"<p>Wir stellen unser bestes tragbares Lithium-Solargenerator-Kraftwerk vor, eine zuverl\u00e4ssige und vielseitige Energiel\u00f6sung f\u00fcr Ihren Au\u00dfen- und Notstrombedarf. Unser Kraftwerk ist mit hochwertigen 100%-Lithiumzellen ausgestattet, die brandneu sind und eine lang anhaltende und stabile Leistung gew\u00e4hrleisten.<br \/>\nMit einer gro\u00dfen Kapazit\u00e4t von 249600 mAh \/ 923,52 Wh ist unser Kraftwerk in der Lage, mehrere Ger\u00e4te gleichzeitig mit Strom zu versorgen. Es verf\u00fcgt \u00fcber einen Eingang von 12\u201324 V\/6 A und kann in 7\u20138 Stunden vollst\u00e4ndig aufgeladen werden. Das Kraftwerk unterst\u00fctzt auch Solarladung mit einer maximalen Eingangsleistung von 18\u201323 V\/100 W und ist somit ideal f\u00fcr Outdoor-Aktivit\u00e4ten.<br \/>\nDas Kraftwerk verf\u00fcgt \u00fcber mehrere Ausgangsanschl\u00fcsse, darunter 2 USB-Anschl\u00fcsse (5 V\/3 A, 9 V\/2,5 A, 12 V\/2 A), 1 Typ-C-Anschluss (5 V\/9 V\/15 V, 20 V\/3 A) mit unidirektionalem Ausgang von PD 60 W, 1 Typ-C-Port (5 V\/9 V\/15 V, 20 V\/3 A) mit bidirektionalem Ausgang von PD 60 W, 2 DC-Ports (12 V\/10 A) und 1 Zigarettenanz\u00fcnder-Port (12 V\/10 A). Dar\u00fcber hinaus unterst\u00fctzt die Powerstation kabelloses Laden mit 15 W Leistung und einer AC-Dauerleistung von 1000 W mit reiner Black-Wave-Technologie.<br \/>\nDie Powerstation verf\u00fcgt \u00fcber ein LCD-Display, das die verbleibende Batterielebensdauer und den Status der Ausgangsleistung anzeigt, sodass Sie die Leistung der Powerstation einfach \u00fcberwachen k\u00f6nnen. Es hat ein kompaktes und langlebiges Design mit Abmessungen von 328 x 238 x 285 mm, wodurch es leicht zu transportieren und zu lagern ist.<br \/>\nUnsere Powerstation wird mit einem 150-W-Adapterladeger\u00e4t geliefert, mit dem Sie die Powerstation effizient aufladen k\u00f6nnen. Investieren Sie in unser bestes kundenspezifisches tragbares Lithium-Solargenerator-Kraftwerk, und Sie m\u00fcssen sich nie Sorgen machen, dass Ihnen bei Ihren Outdoor-Abenteuern oder Notf\u00e4llen der Strom ausgeht.<\/p>","protected":false},"featured_media":347,"template":"","meta":{"_kad_post_transparent":"default","_kad_post_title":"","_kad_post_layout":"default","_kad_post_sidebar_id":"","_kad_post_content_style":"default","_kad_post_vertical_padding":"default","_kad_post_feature":"","_kad_post_feature_position":"","_kad_post_header":false,"_kad_post_footer":false},"product_cat":[25,26],"product_tag":[180,179,177,175,181,176,178],"class_list":["post-346","product","type-product","status-publish","has-post-thumbnail","hentry","product_cat-home-storage-battery","product_cat-portable-power-station","product_tag-110v-240v-700watt-ac-outlet-12v-car-usb-output","product_tag-bluetti-rechargeable-lithium-battery-pack-station","product_tag-portable-power-stations","product_tag-portable-solar-generator","product_tag-portable-solar-generator-lithium-ion-battery-500-watt","product_tag-protable-solar-power-generator","product_tag-solar-generators","entry","content-bg","loop-entry"],"_links":{"self":[{"href":"https:\/\/bybatt.com\/de\/wp-json\/wp\/v2\/product\/346","targetHints":{"allow":["GET"]}}],"collection":[{"href":"https:\/\/bybatt.com\/de\/wp-json\/wp\/v2\/product"}],"about":[{"href":"https:\/\/bybatt.com\/de\/wp-json\/wp\/v2\/types\/product"}],"wp:featuredmedia":[{"embeddable":true,"href":"https:\/\/bybatt.com\/de\/wp-json\/wp\/v2\/media\/347"}],"wp:attachment":[{"href":"https:\/\/bybatt.com\/de\/wp-json\/wp\/v2\/media?parent=346"}],"wp:term":[{"taxonomy":"product_cat","embeddable":true,"href":"https:\/\/bybatt.com\/de\/wp-json\/wp\/v2\/product_cat?post=346"},{"taxonomy":"product_tag","embeddable":true,"href":"https:\/\/bybatt.com\/de\/wp-json\/wp\/v2\/product_tag?post=346"}],"curies":[{"name":"wp","href":"https:\/\/api.w.org\/{rel}","templated":true}]}}