{"id":354,"date":"2023-02-18T14:14:30","date_gmt":"2023-02-18T14:14:30","guid":{"rendered":"https:\/\/bybatt.com\/?post_type=product&#038;p=354"},"modified":"2023-02-18T14:30:29","modified_gmt":"2023-02-18T14:30:29","slug":"multi-function-lithium-portable-power-station-solar-generator","status":"publish","type":"product","link":"https:\/\/bybatt.com\/de\/produkt\/multifunktionaler-lithium-tragbarer-kraftwerk-solargenerator\/","title":{"rendered":"Multifunktions-Lithium-Solargenerator f\u00fcr tragbare Kraftwerke"},"content":{"rendered":"","protected":false},"excerpt":{"rendered":"<p>Der multifunktionale tragbare Lithium-Kraftwerk-Solargenerator ist eine leistungsstarke, vielseitige Stromquelle, die f\u00fcr den Einsatz in verschiedenen Umgebungen entwickelt wurde. Es verf\u00fcgt \u00fcber einen neuen 100%-Akku mit einer Kapazit\u00e4t von 208800 mAh bei 3,7 V und einer Gesamtleistung von 772 Wattstunden (WH).<br \/>\nDas Kraftwerk kann in 7-8 Stunden mit einem Eingang von 25,2 V\/5 A oder per Solarladung mit einem maximalen Eingang von 18-23 V\/100 W aufgeladen werden. Das Kraftwerk verf\u00fcgt au\u00dferdem \u00fcber verschiedene Ausgangsanschl\u00fcsse, darunter 3 USB-Anschl\u00fcsse mit QC3.0-Schnellladefunktion, 1 Typ-C-Anschluss mit PD-60-W-Ladefunktion, 2 DC-Anschl\u00fcsse mit 14,4 V\/7 A-Ausgang und 1 Zigarettenanz\u00fcnderanschluss mit 14,4 V\/7A Ausgang.<br \/>\nZus\u00e4tzlich zu seinen DC-Ausgangsports hat das Kraftwerk auch eine AC-Dauerleistung von reiner schwarzer Welle 1000 W mit Spannungsausgangsoptionen von 110 (100-120)\/230 (220-240) V. Das Kraftwerk verf\u00fcgt \u00fcber eine LCD-Leistungsanzeige und hat eine kompakte Gr\u00f6\u00dfe von 334 x 167 x 204 mm, wodurch es einfach zu transportieren und zu lagern ist.<br \/>\nInsgesamt ist der multifunktionale tragbare Lithium-Kraftwerk-Solargenerator eine zuverl\u00e4ssige und effiziente Stromquelle, die f\u00fcr verschiedene Anwendungen verwendet werden kann, darunter Outdoor-Abenteuer, Notstromversorgung und mehr.<\/p>","protected":false},"featured_media":355,"template":"","meta":{"_kad_post_transparent":"default","_kad_post_title":"","_kad_post_layout":"default","_kad_post_sidebar_id":"","_kad_post_content_style":"default","_kad_post_vertical_padding":"default","_kad_post_feature":"","_kad_post_feature_position":"","_kad_post_header":false,"_kad_post_footer":false},"product_cat":[25,26],"product_tag":[186,185,184,182,188,183,176,187],"class_list":["post-354","product","type-product","status-publish","has-post-thumbnail","hentry","product_cat-home-storage-battery","product_cat-portable-power-station","product_tag-1000w-solar-power-generator","product_tag-2000wh-portable-acdc-power-station-outdoor","product_tag-generator-solar-charging-banks","product_tag-portable-power-station","product_tag-portable-power-station-manufacturer","product_tag-power-station-with-solar-panels","product_tag-protable-solar-power-generator","product_tag-solar-power-generator","entry","content-bg","loop-entry"],"_links":{"self":[{"href":"https:\/\/bybatt.com\/de\/wp-json\/wp\/v2\/product\/354","targetHints":{"allow":["GET"]}}],"collection":[{"href":"https:\/\/bybatt.com\/de\/wp-json\/wp\/v2\/product"}],"about":[{"href":"https:\/\/bybatt.com\/de\/wp-json\/wp\/v2\/types\/product"}],"wp:featuredmedia":[{"embeddable":true,"href":"https:\/\/bybatt.com\/de\/wp-json\/wp\/v2\/media\/355"}],"wp:attachment":[{"href":"https:\/\/bybatt.com\/de\/wp-json\/wp\/v2\/media?parent=354"}],"wp:term":[{"taxonomy":"product_cat","embeddable":true,"href":"https:\/\/bybatt.com\/de\/wp-json\/wp\/v2\/product_cat?post=354"},{"taxonomy":"product_tag","embeddable":true,"href":"https:\/\/bybatt.com\/de\/wp-json\/wp\/v2\/product_tag?post=354"}],"curies":[{"name":"wp","href":"https:\/\/api.w.org\/{rel}","templated":true}]}}