{"id":361,"date":"2023-02-18T14:32:26","date_gmt":"2023-02-18T14:32:26","guid":{"rendered":"https:\/\/bybatt.com\/?post_type=product&#038;p=361"},"modified":"2023-03-05T16:18:35","modified_gmt":"2023-03-05T16:18:35","slug":"portable-power-station-solar-generator-manufacturer-in-china","status":"publish","type":"product","link":"https:\/\/bybatt.com\/de\/produkt\/tragbares-kraftwerk-solargenerator-hersteller-in-china\/","title":{"rendered":"Hersteller von Solargeneratoren f\u00fcr tragbare Kraftwerke in China"},"content":{"rendered":"","protected":false},"excerpt":{"rendered":"<p>Dieser tragbare Kraftwerk-Solargenerator ist eine zuverl\u00e4ssige und effiziente Stromquelle, die f\u00fcr Outdoor-Aktivit\u00e4ten oder Notsituationen entwickelt wurde. Es wird in China hergestellt und besteht aus 100% neuen Zellen f\u00fcr langanhaltende Leistung.<br \/>\nDie Batteriekapazit\u00e4t betr\u00e4gt 83200 mAh bei einer Spannung von 3,7 V und einer Gesamtenergiekapazit\u00e4t von 300 Wh. Die zum Laden erforderliche Eingangsspannung betr\u00e4gt 16,8 V\/5 A, und das vollst\u00e4ndige Aufladen dauert 5-6 Stunden. Dieses Kraftwerk verf\u00fcgt auch \u00fcber eine Solarladefunktion mit einem Eingangsbereich von 18-23 V\/100 W max.<br \/>\nEs verf\u00fcgt \u00fcber mehrere DC-Ausg\u00e4nge, darunter 2 x USB (5 V\/9 V\/2 A, \/12 V\/1,5 A mit QC3.0), 1 x Typ-C (5 V\/9 V\/15 V, 20 V\/3 A) PD 60 W, 2 x DC 12 V\/10 A und 1 x Zigarette Feuerzeug (14,4 V\/10 A). Dar\u00fcber hinaus verf\u00fcgt das Kraftwerk \u00fcber eine Dauerwechselstromleistung von 300 W reiner schwarzer Welle mit einer Wechselspannungsleistung von 110 (100\u2013120)\/230 (220\u2013240) V Wechselstromausgangsfrequenz 50 Hz\/60 Hz \u00b1 5%.<br \/>\nDas Kraftwerk ist mit einem LCD-Display zur Leistungsanzeige zur einfachen \u00dcberwachung ausgestattet und hat eine kompakte Gr\u00f6\u00dfe von 270 * 154 * 242 mm. Die Power Station wird mit einem 80-W-Adapter zum Aufladen geliefert. Insgesamt ist dieser Solargenerator f\u00fcr tragbare Kraftwerke eine hochwertige und vielseitige Stromquelle, die f\u00fcr verschiedene Outdoor- und Notfallsituationen geeignet ist.<\/p>","protected":false},"featured_media":362,"template":"","meta":{"_kad_post_transparent":"default","_kad_post_title":"","_kad_post_layout":"default","_kad_post_sidebar_id":"","_kad_post_content_style":"default","_kad_post_vertical_padding":"default","_kad_post_feature":"","_kad_post_feature_position":"","_kad_post_header":false,"_kad_post_footer":false},"product_cat":[25,26],"product_tag":[191,192,190,182,197,199,195,196,194,188,198,193,189],"class_list":["post-361","product","type-product","status-publish","has-post-thumbnail","hentry","product_cat-home-storage-battery","product_cat-portable-power-station","product_tag-300w-power-station","product_tag-500w-power-station","product_tag-lifepo4-power-station","product_tag-portable-power-station","product_tag-portable-power-station-brand","product_tag-portable-power-station-camping","product_tag-portable-power-station-europe","product_tag-portable-power-station-factory","product_tag-portable-power-station-germany","product_tag-portable-power-station-manufacturer","product_tag-portable-power-station-market","product_tag-portable-power-station-usa","product_tag-power-station","entry","content-bg","loop-entry"],"_links":{"self":[{"href":"https:\/\/bybatt.com\/de\/wp-json\/wp\/v2\/product\/361","targetHints":{"allow":["GET"]}}],"collection":[{"href":"https:\/\/bybatt.com\/de\/wp-json\/wp\/v2\/product"}],"about":[{"href":"https:\/\/bybatt.com\/de\/wp-json\/wp\/v2\/types\/product"}],"wp:featuredmedia":[{"embeddable":true,"href":"https:\/\/bybatt.com\/de\/wp-json\/wp\/v2\/media\/362"}],"wp:attachment":[{"href":"https:\/\/bybatt.com\/de\/wp-json\/wp\/v2\/media?parent=361"}],"wp:term":[{"taxonomy":"product_cat","embeddable":true,"href":"https:\/\/bybatt.com\/de\/wp-json\/wp\/v2\/product_cat?post=361"},{"taxonomy":"product_tag","embeddable":true,"href":"https:\/\/bybatt.com\/de\/wp-json\/wp\/v2\/product_tag?post=361"}],"curies":[{"name":"wp","href":"https:\/\/api.w.org\/{rel}","templated":true}]}}