{"id":369,"date":"2023-02-18T14:44:28","date_gmt":"2023-02-18T14:44:28","guid":{"rendered":"https:\/\/bybatt.com\/?post_type=product&#038;p=369"},"modified":"2023-02-18T14:56:30","modified_gmt":"2023-02-18T14:56:30","slug":"catl-prismatic-3-2v-300ah-lithium-lifepo4-battery-cells","status":"publish","type":"product","link":"https:\/\/bybatt.com\/de\/produkt\/catl-prismatic-3-2v-300ah-lithium-lifepo4-batteriezellen\/","title":{"rendered":"CATL Prismatische 3,2 V 300 AH Lithium-LiFePO4-Batteriezellen"},"content":{"rendered":"","protected":false},"excerpt":{"rendered":"<p>Die CATL Prismatic 3,2 V 300 AH Lithium-LiFePO4-Batteriezellen sind hochwertige Solarzellen, die f\u00fcr den Bau von Powerbanks f\u00fcr Wohnwagen, Wohnmobile, Wohnmobile oder Umbauten von Elektrofahrzeugen entwickelt wurden. Diese brandneuen Zellen werden nicht aus recycelten Materialien hergestellt, was ihre Langlebigkeit und Zuverl\u00e4ssigkeit gew\u00e4hrleistet.<br \/>\nJede Zelle misst 174 B x 208 H x 72 T (mm) und wiegt 5,4 kg. Sie sind fast halb so schwer wie AGM- oder Blei-S\u00e4ure-Batterien und bieten h\u00f6here Ladezyklen, was sie zur idealen Wahl f\u00fcr erneuerbare Energiesysteme macht.<br \/>\nBitte beachten Sie, dass dies eine einzelne 3,2-V-Zelle ist, und um eine 12-V-Batterie zu erstellen, m\u00fcssen Sie vier Zellen in Reihe schalten oder acht Zellen f\u00fcr ein 24-V-System. Um die Sicherheit und Langlebigkeit zu gew\u00e4hrleisten, ist bei Reihenschaltung der Zellen unbedingt ein BMS (Battery Management System) mit Temperatursensor zu verwenden.<br \/>\nWenn Sie am Kauf eines kompatiblen Batteriepakets interessiert sind, bieten wir 12-V-, 24-V-, 36-V- und 48-V-Systeme mit BMS an, entweder separat oder als Paket. W\u00e4hlen Sie das Paket, das Ihren Anforderungen am besten entspricht, um eine zuverl\u00e4ssige und effiziente Powerbank f\u00fcr Ihr erneuerbares Energiesystem zu bauen.<\/p>","protected":false},"featured_media":370,"template":"","meta":{"_kad_post_transparent":"default","_kad_post_title":"","_kad_post_layout":"default","_kad_post_sidebar_id":"","_kad_post_content_style":"default","_kad_post_vertical_padding":"default","_kad_post_feature":"","_kad_post_feature_position":"","_kad_post_header":false,"_kad_post_footer":false},"product_cat":[24],"product_tag":[204,205,200,109,203,201,202],"class_list":["post-369","product","type-product","status-publish","has-post-thumbnail","hentry","product_cat-battery-cell","product_tag-catl-3-2v-300ah","product_tag-lifepo4-battery-cell","product_tag-lifepo4-battery-cells","product_tag-lifepo4-battery-pack","product_tag-lifepo4-cells","product_tag-lifepo4-prismatic-cells","product_tag-lithium-battery-cells","entry","content-bg","loop-entry"],"_links":{"self":[{"href":"https:\/\/bybatt.com\/de\/wp-json\/wp\/v2\/product\/369","targetHints":{"allow":["GET"]}}],"collection":[{"href":"https:\/\/bybatt.com\/de\/wp-json\/wp\/v2\/product"}],"about":[{"href":"https:\/\/bybatt.com\/de\/wp-json\/wp\/v2\/types\/product"}],"wp:featuredmedia":[{"embeddable":true,"href":"https:\/\/bybatt.com\/de\/wp-json\/wp\/v2\/media\/370"}],"wp:attachment":[{"href":"https:\/\/bybatt.com\/de\/wp-json\/wp\/v2\/media?parent=369"}],"wp:term":[{"taxonomy":"product_cat","embeddable":true,"href":"https:\/\/bybatt.com\/de\/wp-json\/wp\/v2\/product_cat?post=369"},{"taxonomy":"product_tag","embeddable":true,"href":"https:\/\/bybatt.com\/de\/wp-json\/wp\/v2\/product_tag?post=369"}],"curies":[{"name":"wp","href":"https:\/\/api.w.org\/{rel}","templated":true}]}}