{"id":393,"date":"2023-02-18T15:39:42","date_gmt":"2023-02-18T15:39:42","guid":{"rendered":"https:\/\/bybatt.com\/?post_type=product&#038;p=393"},"modified":"2023-02-19T08:22:15","modified_gmt":"2023-02-19T08:22:15","slug":"36v-48v-52v-electric-bike-lithium-battery-with-charger","status":"publish","type":"product","link":"https:\/\/bybatt.com\/de\/produkt\/36v-48v-52v-elektrofahrrad-lithium-akku-mit-ladegerat\/","title":{"rendered":"36V 48V 52V Elektrofahrrad-Lithiumbatterie mit Ladeger\u00e4t"},"content":{"rendered":"","protected":false},"excerpt":{"rendered":"<div class=\"A3dMNc\" data-initial-text=\"\">Die 36-V-48-V-52-V-Lithiumbatterie f\u00fcr Elektrofahrr\u00e4der mit Ladeger\u00e4t ist eine hochwertige Batterie, die f\u00fcr die Stromversorgung von Elektrofahrr\u00e4dern entwickelt wurde. Die Batterie verwendet 100% neue Li(NiCoMn)O2 18650-Zellen und ist in Nennspannungsoptionen von 36 V und 48 V mit Nennkapazit\u00e4tsoptionen von 10\u201320 Ah erh\u00e4ltlich. Das Au\u00dfengeh\u00e4use besteht aus Aluminium, wodurch es robust und langlebig ist.<br \/>\nDie Batterie hat eine Abmessung von 257150147 mm und wiegt ca. 3,5 kg\/4,5 kg. Es wird mit einem Standardladeger\u00e4t geliefert, das den Akku mit einem konstanten Strom von 0,2 C und einer konstanten Spannung von 42 V aufl\u00e4dt. Die Schnellladeoption verwendet einen konstanten Strom von 0,5 CA.<br \/>\nDie Standard-Entladerate der Batterie ist ein konstanter Strom von 0,2 C bei einer Endspannung von 36,4 V. Die Batterie hat einen Dauerentladestrom von 20 A und einen Spitzenentladestrom von 60 A, wodurch sie bei Bedarf eine hohe Leistung liefern kann.<br \/>\nDer Akku hat mit DOD80% eine Zyklenlebensdauer von 500 Mal, was bedeutet, dass er bis zu 500 Mal geladen und entladen werden kann, w\u00e4hrend 80% seine urspr\u00fcngliche Kapazit\u00e4t beh\u00e4lt. Der Akku verf\u00fcgt au\u00dferdem \u00fcber eine BMS-Funktion, die \u00dcberstromschutz, \u00dcberentladungsschutz, \u00dcberladungsschutz, Kurzschlussschutz und Balance umfasst. Dadurch wird der Akku vor Besch\u00e4digungen gesch\u00fctzt und seine Lebensdauer verl\u00e4ngert.<br \/>\nDie Batterie kann in einem Temperaturbereich von -10\u201340 \u00b0C, bei einer relativen Luftfeuchtigkeit von 45\u2013751 TP3T und einem Druckbereich von 86\u2013106 kPa gelagert werden. Dadurch eignet es sich f\u00fcr den Einsatz in einer Vielzahl von Umgebungen. Insgesamt ist dieser Akku eine zuverl\u00e4ssige und leistungsstarke Option f\u00fcr den Antrieb von Elektrofahrr\u00e4dern.<\/div>","protected":false},"featured_media":394,"template":"","meta":{"_kad_post_transparent":"default","_kad_post_title":"","_kad_post_layout":"default","_kad_post_sidebar_id":"","_kad_post_content_style":"default","_kad_post_vertical_padding":"default","_kad_post_feature":"","_kad_post_feature_position":"","_kad_post_header":false,"_kad_post_footer":false},"product_cat":[19,22],"product_tag":[226,232,231,234,230,229,41,227,40,225,233,228],"class_list":["post-393","product","type-product","status-publish","has-post-thumbnail","hentry","product_cat-custom-ebike-battery","product_cat-rear-ebike-battery","product_tag-36v-10ah-lithium-battery","product_tag-36v-lithium-battery-for-electric-bikes","product_tag-48v-lithium-ion-battery-for-electric-bike","product_tag-e-bike-battery","product_tag-ebike-lithium-battery","product_tag-electric-bicycle-batteries","product_tag-electric-bicycle-battery","product_tag-electric-bike-14ah-24v-electric-bicycle-battery","product_tag-electric-bike-lithium-battery","product_tag-kangaroo-ebike-battery","product_tag-lithium-battery-for-motorcycle","product_tag-lithium-bicycle-battery","entry","content-bg","loop-entry"],"_links":{"self":[{"href":"https:\/\/bybatt.com\/de\/wp-json\/wp\/v2\/product\/393","targetHints":{"allow":["GET"]}}],"collection":[{"href":"https:\/\/bybatt.com\/de\/wp-json\/wp\/v2\/product"}],"about":[{"href":"https:\/\/bybatt.com\/de\/wp-json\/wp\/v2\/types\/product"}],"wp:featuredmedia":[{"embeddable":true,"href":"https:\/\/bybatt.com\/de\/wp-json\/wp\/v2\/media\/394"}],"wp:attachment":[{"href":"https:\/\/bybatt.com\/de\/wp-json\/wp\/v2\/media?parent=393"}],"wp:term":[{"taxonomy":"product_cat","embeddable":true,"href":"https:\/\/bybatt.com\/de\/wp-json\/wp\/v2\/product_cat?post=393"},{"taxonomy":"product_tag","embeddable":true,"href":"https:\/\/bybatt.com\/de\/wp-json\/wp\/v2\/product_tag?post=393"}],"curies":[{"name":"wp","href":"https:\/\/api.w.org\/{rel}","templated":true}]}}