{"id":407,"date":"2023-02-19T03:55:38","date_gmt":"2023-02-19T03:55:38","guid":{"rendered":"https:\/\/bybatt.com\/?post_type=product&#038;p=407"},"modified":"2023-02-19T08:21:27","modified_gmt":"2023-02-19T08:21:27","slug":"wholesale-24v-36v-48v-e-bike-rear-rack-lithium-ion-battery","status":"publish","type":"product","link":"https:\/\/bybatt.com\/de\/produkt\/groshandel-24v-36v-48v-e-bike-gepacktrager-lithium-ionen-akku\/","title":{"rendered":"Gro\u00dfhandel 24V 36V 48V E-Bike Gep\u00e4cktr\u00e4ger Lithium-Ionen-Akku"},"content":{"rendered":"","protected":false},"excerpt":{"rendered":"<p>Der Gro\u00dfhandel 24V 36V 48V E-Bike Gep\u00e4cktr\u00e4ger Lithium-Ionen-Akku ist ein hochwertiger Akku f\u00fcr Elektrofahrr\u00e4der. Diese Batterie verwendet 100% neue Zellen mit einer Chemie von Li(NiCoMn)O2 18650. Sie hat eine Nennspannung von 36 V oder 48 V und eine Nennkapazit\u00e4t von 10-20 Ah. Das Au\u00dfengeh\u00e4use besteht aus Aluminium, wodurch es robust und langlebig ist. Die Abmessungen des Akkus betragen 257 x 150 x 147 mm und wiegen ungef\u00e4hr 3,5 kg\/4,5 kg.<br \/>\nDer Akku kann mit einer Standardladung mit Konstantstrom 0,2 C, Konstantspannung 42 V, 100 mA Abschaltung oder mit einer Schnellladung mit Konstantstrom 0,5 CA, Konstantspannung 42 V, 100 mA Abschaltung geladen werden. Es kann mit einer Standardentladung mit Konstantstrom 0,2 C\/Endspannung 36,4 V entladen werden. Die Batterie hat einen Dauerentladestrom von 20A und einen Spitzenentladestrom von 60A.<br \/>\nDiese Batterie hat eine Zyklenlebensdauer von 500 Mal mit DOD80% und enth\u00e4lt ein BMS (Battery Management System) mit \u00dcberstromschutz, \u00dcberentladungsschutz, \u00dcberladungsschutz, Kurzschlussschutz und Ausgleichsfunktionen. Die Batterie kann in einem Temperaturbereich von -10\u201340 \u00b0C bei einer relativen Luftfeuchtigkeit von 45\u2013751 TP3T und einem Druck von 86\u2013106 kPa gelagert werden. Dieser Akku ist ideal f\u00fcr E-Bike-Enthusiasten, die eine zuverl\u00e4ssige und langlebige Energiequelle f\u00fcr ihre Elektrofahrr\u00e4der suchen.<\/p>","protected":false},"featured_media":408,"template":"","meta":{"_kad_post_transparent":"default","_kad_post_title":"","_kad_post_layout":"default","_kad_post_sidebar_id":"","_kad_post_content_style":"default","_kad_post_vertical_padding":"default","_kad_post_feature":"","_kad_post_feature_position":"","_kad_post_header":false,"_kad_post_footer":false},"product_cat":[19,22],"product_tag":[246,248,247,249,244,238,245,235,236,243,242],"class_list":["post-407","product","type-product","status-publish","has-post-thumbnail","hentry","product_cat-custom-ebike-battery","product_cat-rear-ebike-battery","product_tag-24v-battery-rack-mount","product_tag-24v-rear-rack-battery","product_tag-36v-rear-rack-battery","product_tag-48v-rear-rack-battery","product_tag-48volt-li-ion-e-bike-akku-ebike-rear-rack","product_tag-electric-bike-battery-with-rear-rack","product_tag-kangaroo-battery","product_tag-rear-rack-battery","product_tag-rear-rack-ebike-battery","product_tag-rear-rack-ebike-lithium-ion-battery","product_tag-rear-rack-lithium-ion-battery","entry","content-bg","loop-entry"],"_links":{"self":[{"href":"https:\/\/bybatt.com\/de\/wp-json\/wp\/v2\/product\/407","targetHints":{"allow":["GET"]}}],"collection":[{"href":"https:\/\/bybatt.com\/de\/wp-json\/wp\/v2\/product"}],"about":[{"href":"https:\/\/bybatt.com\/de\/wp-json\/wp\/v2\/types\/product"}],"wp:featuredmedia":[{"embeddable":true,"href":"https:\/\/bybatt.com\/de\/wp-json\/wp\/v2\/media\/408"}],"wp:attachment":[{"href":"https:\/\/bybatt.com\/de\/wp-json\/wp\/v2\/media?parent=407"}],"wp:term":[{"taxonomy":"product_cat","embeddable":true,"href":"https:\/\/bybatt.com\/de\/wp-json\/wp\/v2\/product_cat?post=407"},{"taxonomy":"product_tag","embeddable":true,"href":"https:\/\/bybatt.com\/de\/wp-json\/wp\/v2\/product_tag?post=407"}],"curies":[{"name":"wp","href":"https:\/\/api.w.org\/{rel}","templated":true}]}}