{"id":415,"date":"2023-02-19T07:37:27","date_gmt":"2023-02-19T07:37:27","guid":{"rendered":"https:\/\/bybatt.com\/?post_type=product&#038;p=415"},"modified":"2023-02-19T08:21:03","modified_gmt":"2023-02-19T08:21:03","slug":"100-new-cell-li-ion-e-bike-battery-mounted-on-rear-rack","status":"publish","type":"product","link":"https:\/\/bybatt.com\/de\/produkt\/100-neue-zellen-li-ion-e-bike-akku-montiert-am-gepacktrager\/","title":{"rendered":"100% New Cell Li-Ion E-Bike Akku auf Gep\u00e4cktr\u00e4ger montiert"},"content":{"rendered":"","protected":false},"excerpt":{"rendered":"<p>Der 100% New Cell Li-Ion E-Bike Akku auf dem Gep\u00e4cktr\u00e4ger ist ein hochwertiger, zuverl\u00e4ssiger Akku f\u00fcr Elektrofahrr\u00e4der. Die Batterie besteht aus neuen 100%-Zellen mit einer Zusammensetzung aus Li(NiCoMn)O2 18650. Sie ist in zwei verschiedenen Nennspannungen erh\u00e4ltlich, 36 V und 48 V, und hat eine Nennkapazit\u00e4t von 10-20 Ah.<br \/>\nDas Au\u00dfengeh\u00e4use des Akkus besteht aus strapazierf\u00e4higem Aluminium und hat Abmessungen von 257 x 150 x 147 mm. Die Batterie kann mit einer Standardlademethode geladen werden, die einen konstanten Strom von 0,2 C und eine konstante Spannung von 42 V mit einer Unterbrechung von 100 mA beinhaltet. Alternativ kann ein Schnellladeverfahren verwendet werden, das einen konstanten Strom von 0,5 CA, eine konstante Spannung von 42 V und eine Abschaltung von 100 mA beinhaltet.<br \/>\nW\u00e4hrend des Gebrauchs kann der Akku mit einem konstanten Strom von 0,2 C entladen werden, bis die Endspannung 36,4 V erreicht. Die Batterie wiegt ca. 3,5 kg\/4,5 kg und hat einen Dauerentladestrom von 20 A mit einem Spitzenentladestrom von 60 A. Die Batterie hat eine Zyklenlebensdauer von 500 Mal mit DOD80%.<br \/>\nDie Batterie ist mit einem BMS (Battery Management System) ausgestattet, das Schutz vor \u00dcberstrom, Tiefentladung, \u00dcberladung und Kurzschluss bietet. Es hat auch eine Ausgleichsfunktion, um sicherzustellen, dass alle Zellen im Akku gleichm\u00e4\u00dfig geladen und entladen werden.<br \/>\nDie Batterie hat einen Lagertemperaturbereich von -10\u201340 \u00b0C, einen relativen Feuchtigkeitsbereich von 45\u2013751 TP3T und einen Druckbereich von 86\u2013106 kPa. Dieser Akku ist eine gute Wahl f\u00fcr alle, die ihren aktuellen E-Bike-Akku aufr\u00fcsten oder ersetzen m\u00f6chten.<\/p>","protected":false},"featured_media":416,"template":"","meta":{"_kad_post_transparent":"default","_kad_post_title":"","_kad_post_layout":"default","_kad_post_sidebar_id":"","_kad_post_content_style":"default","_kad_post_vertical_padding":"default","_kad_post_feature":"","_kad_post_feature_position":"","_kad_post_header":false,"_kad_post_footer":false},"product_cat":[19,22],"product_tag":[248,247,252,253,249,245,250,254,251],"class_list":["post-415","product","type-product","status-publish","has-post-thumbnail","hentry","product_cat-custom-ebike-battery","product_cat-rear-ebike-battery","product_tag-24v-rear-rack-battery","product_tag-36v-rear-rack-battery","product_tag-48-volt-rear-rack-electric-bicycle-battery","product_tag-48v-10ah-ebike-battery-with-carrier","product_tag-48v-rear-rack-battery","product_tag-kangaroo-battery","product_tag-li-ion-e-bike-battery","product_tag-rack-ebike-rear-rack","product_tag-rechargeable-lithium-ion","entry","content-bg","loop-entry"],"_links":{"self":[{"href":"https:\/\/bybatt.com\/de\/wp-json\/wp\/v2\/product\/415","targetHints":{"allow":["GET"]}}],"collection":[{"href":"https:\/\/bybatt.com\/de\/wp-json\/wp\/v2\/product"}],"about":[{"href":"https:\/\/bybatt.com\/de\/wp-json\/wp\/v2\/types\/product"}],"wp:featuredmedia":[{"embeddable":true,"href":"https:\/\/bybatt.com\/de\/wp-json\/wp\/v2\/media\/416"}],"wp:attachment":[{"href":"https:\/\/bybatt.com\/de\/wp-json\/wp\/v2\/media?parent=415"}],"wp:term":[{"taxonomy":"product_cat","embeddable":true,"href":"https:\/\/bybatt.com\/de\/wp-json\/wp\/v2\/product_cat?post=415"},{"taxonomy":"product_tag","embeddable":true,"href":"https:\/\/bybatt.com\/de\/wp-json\/wp\/v2\/product_tag?post=415"}],"curies":[{"name":"wp","href":"https:\/\/api.w.org\/{rel}","templated":true}]}}