{"id":422,"date":"2023-02-19T08:03:36","date_gmt":"2023-02-19T08:03:36","guid":{"rendered":"https:\/\/bybatt.com\/?post_type=product&#038;p=422"},"modified":"2023-02-19T08:20:43","modified_gmt":"2023-02-19T08:20:43","slug":"electric-bike-tricycle-lithium-battery-pack-rear-rack-type","status":"publish","type":"product","link":"https:\/\/bybatt.com\/de\/produkt\/elektrofahrrad-dreirad-lithium-akku-pack-gepacktrager-typ\/","title":{"rendered":"Elektrofahrrad-Dreirad-Lithium-Akku-Pack Gep\u00e4cktr\u00e4gertyp"},"content":{"rendered":"","protected":false},"excerpt":{"rendered":"<p>montiert auf dem Gep\u00e4cktr\u00e4ger eines Fahrrads oder Dreirads. Die Batterie verwendet 100% neue Zellen und hat eine Chemie von Li(NiCoMn)O2 18650. Sie ist in zwei Nennspannungsoptionen erh\u00e4ltlich: 36 V und 48 V, mit einer Nennkapazit\u00e4t von 10-20 Ah. Das Au\u00dfengeh\u00e4use der Batterie besteht aus Aluminium und hat Abmessungen von 257 x 150 x 147 mm.<br \/>\nDie Batterie kann mit einer Standardladung mit konstantem Strom von 0,2 C und einer konstanten Spannung von 42 V mit einer Unterbrechung von 100 mA oder einer Schnellladung mit konstantem Strom von 0,5 CA und einer konstanten Spannung von 42 V mit einer Unterbrechung von 100 mA geladen werden. Seine Standard-Entladerate betr\u00e4gt Konstantstrom 0,2 C bei einer Endspannung von 36,4 V. Die Batterie wiegt ca. 3,5 kg\/4,5 kg und hat einen Dauerentladestrom von 20 A und einen Spitzenentladestrom von 60 A.<br \/>\nDie Batterie hat eine Zyklenlebensdauer von 500 Mal mit DOD80% und enth\u00e4lt BMS (Batteriemanagementsystem)-Funktionalit\u00e4t, um \u00dcberstromschutz, \u00dcberentladungsschutz, \u00dcberladungsschutz, Kurzschlussschutz und Ausgleich bereitzustellen. Die Batterie kann in einem Temperaturbereich von -10\u201340 \u00b0C, bei einer relativen Luftfeuchtigkeit von 45\u2013751 TP3T und einem Druck von 86\u2013106 kPa gelagert werden.<br \/>\nInsgesamt ist dieser Akku f\u00fcr Fahrer von Elektrofahrr\u00e4dern oder Dreir\u00e4dern konzipiert, die eine zuverl\u00e4ssige Stromquelle ben\u00f6tigen, die einfach zu montieren und zu verwenden ist. Es bietet ein hohes Ma\u00df an Leistung und Sicherheit, was es zu einer ausgezeichneten Wahl f\u00fcr Elektrofahrrad- oder Dreirad-Enthusiasten macht.<\/p>","protected":false},"featured_media":424,"template":"","meta":{"_kad_post_transparent":"default","_kad_post_title":"","_kad_post_layout":"default","_kad_post_sidebar_id":"","_kad_post_content_style":"default","_kad_post_vertical_padding":"default","_kad_post_feature":"","_kad_post_feature_position":"","_kad_post_header":false,"_kad_post_footer":false},"product_cat":[19,22],"product_tag":[258,248,247,256,249,236,257,255],"class_list":["post-422","product","type-product","status-publish","has-post-thumbnail","hentry","product_cat-custom-ebike-battery","product_cat-rear-ebike-battery","product_tag-18650-lithium-ion-battery-pack","product_tag-24v-rear-rack-battery","product_tag-36v-rear-rack-battery","product_tag-48v-32ah-lithium-battery","product_tag-48v-rear-rack-battery","product_tag-rear-rack-ebike-battery","product_tag-recharge-storage-battery","product_tag-tricycle-lithium-battery-pack","entry","content-bg","loop-entry"],"_links":{"self":[{"href":"https:\/\/bybatt.com\/de\/wp-json\/wp\/v2\/product\/422","targetHints":{"allow":["GET"]}}],"collection":[{"href":"https:\/\/bybatt.com\/de\/wp-json\/wp\/v2\/product"}],"about":[{"href":"https:\/\/bybatt.com\/de\/wp-json\/wp\/v2\/types\/product"}],"wp:featuredmedia":[{"embeddable":true,"href":"https:\/\/bybatt.com\/de\/wp-json\/wp\/v2\/media\/424"}],"wp:attachment":[{"href":"https:\/\/bybatt.com\/de\/wp-json\/wp\/v2\/media?parent=422"}],"wp:term":[{"taxonomy":"product_cat","embeddable":true,"href":"https:\/\/bybatt.com\/de\/wp-json\/wp\/v2\/product_cat?post=422"},{"taxonomy":"product_tag","embeddable":true,"href":"https:\/\/bybatt.com\/de\/wp-json\/wp\/v2\/product_tag?post=422"}],"curies":[{"name":"wp","href":"https:\/\/api.w.org\/{rel}","templated":true}]}}