{"id":437,"date":"2023-02-19T09:32:20","date_gmt":"2023-02-19T09:32:20","guid":{"rendered":"https:\/\/bybatt.com\/?post_type=product&#038;p=437"},"modified":"2023-02-19T09:49:51","modified_gmt":"2023-02-19T09:49:51","slug":"rechargeable-lithium-electric-bike-seat-post-battery-pack","status":"publish","type":"product","link":"https:\/\/bybatt.com\/de\/produkt\/wiederaufladbares-lithium-elektrofahrrad-sattelstutze-akkupack\/","title":{"rendered":"Wiederaufladbarer Lithium-Elektrofahrrad-Sattelst\u00fctzen-Akku"},"content":{"rendered":"","protected":false},"excerpt":{"rendered":"<p>Dieses Produkt ist ein wiederaufladbarer Lithium-Elektrofahrrad-Sattelst\u00fctzen-Akku, der zur Stromversorgung von Elektrofahrr\u00e4dern entwickelt wurde. Der Akku verwendet 100% neue Li(NiCoMn)O2 18650-Zellen, die eine Nennspannung von 36 V oder 48 V und eine Nennkapazit\u00e4t von 10-20 Ah haben. Das Au\u00dfengeh\u00e4use der Batterie besteht aus Aluminium und hat Abmessungen von 257 x 1501 x 47 mm.<br \/>\nDer Akkupack kann mit einer Standardlademethode geladen werden, die einen konstanten Strom von 0,2 C und eine konstante Spannung von 42 V mit einer Abschaltung von 100 mA umfasst. Alternativ kann es mit einer Schnelllademethode geladen werden, die einen konstanten Strom von 0,5 CA und eine konstante Spannung von 42 V mit einer Abschaltung von 100 mA beinhaltet. Die Batterie kann mit einem konstanten Strom von 0,2 C bei einer Endspannung von 36,4 V entladen werden.<br \/>\nDer Akkupack wiegt ca. 3,5 kg\/4,5 kg, hat einen kontinuierlichen Entladestrom von 20 A und einen Spitzenentladestrom von 60 A. Es hat eine Zyklenlebensdauer von 500 Mal mit DOD80% und verf\u00fcgt \u00fcber eine BMS-Funktion, die \u00dcberstromschutz, \u00dcberentladungsschutz, \u00dcberladungsschutz, Kurzschlussschutz und Ausgleich bietet.<br \/>\nDer Lagertemperaturbereich f\u00fcr die Batterie liegt zwischen -10-40\u2103 bei einer relativen Luftfeuchtigkeit von 45-75% und einem Druck von 86-106KPa. Dieser wiederaufladbare Lithium-Elektrofahrrad-Sattelst\u00fctzen-Akku ist eine ideale L\u00f6sung f\u00fcr diejenigen, die eine zuverl\u00e4ssige und langlebige Stromquelle f\u00fcr ihre Elektrofahrr\u00e4der suchen.<\/p>","protected":false},"featured_media":438,"template":"","meta":{"_kad_post_transparent":"default","_kad_post_title":"","_kad_post_layout":"default","_kad_post_sidebar_id":"","_kad_post_content_style":"default","_kad_post_vertical_padding":"default","_kad_post_feature":"","_kad_post_feature_position":"","_kad_post_header":false,"_kad_post_footer":false},"product_cat":[19,21],"product_tag":[264,248,266,247,249,262,260,263,261,265],"class_list":["post-437","product","type-product","status-publish","has-post-thumbnail","hentry","product_cat-custom-ebike-battery","product_cat-down-tube-ebike-battery","product_tag-11ah-lithium-battery-for-a2b-kuo","product_tag-24v-rear-rack-battery","product_tag-36v-14ah-li-ion-e-bike-battery","product_tag-36v-rear-rack-battery","product_tag-48v-rear-rack-battery","product_tag-e-bike-seat-post-battery","product_tag-electric-bike-seat-post-battery","product_tag-magnum-36v-seat-post-mounting-frog-batt","product_tag-post-seat-battery","product_tag-taga-2-0-famous-cell","entry","content-bg","loop-entry"],"_links":{"self":[{"href":"https:\/\/bybatt.com\/de\/wp-json\/wp\/v2\/product\/437","targetHints":{"allow":["GET"]}}],"collection":[{"href":"https:\/\/bybatt.com\/de\/wp-json\/wp\/v2\/product"}],"about":[{"href":"https:\/\/bybatt.com\/de\/wp-json\/wp\/v2\/types\/product"}],"wp:featuredmedia":[{"embeddable":true,"href":"https:\/\/bybatt.com\/de\/wp-json\/wp\/v2\/media\/438"}],"wp:attachment":[{"href":"https:\/\/bybatt.com\/de\/wp-json\/wp\/v2\/media?parent=437"}],"wp:term":[{"taxonomy":"product_cat","embeddable":true,"href":"https:\/\/bybatt.com\/de\/wp-json\/wp\/v2\/product_cat?post=437"},{"taxonomy":"product_tag","embeddable":true,"href":"https:\/\/bybatt.com\/de\/wp-json\/wp\/v2\/product_tag?post=437"}],"curies":[{"name":"wp","href":"https:\/\/api.w.org\/{rel}","templated":true}]}}