{"id":444,"date":"2023-02-19T09:54:39","date_gmt":"2023-02-19T09:54:39","guid":{"rendered":"https:\/\/bybatt.com\/?post_type=product&#038;p=444"},"modified":"2023-02-19T10:24:36","modified_gmt":"2023-02-19T10:24:36","slug":"36v-12ah-lithium-battery-seatpost-frog-ebike-battery-pack","status":"publish","type":"product","link":"https:\/\/bybatt.com\/de\/produkt\/36v-12ah-lithium-akku-sattelstutze-frosch-e-bike-akku-pack\/","title":{"rendered":"36V 12Ah Lithium Batterie Sattelst\u00fctze Frog Ebike Akkupack"},"content":{"rendered":"","protected":false},"excerpt":{"rendered":"<p>Der 36V 12Ah Lithium-Akku Sattelst\u00fctze Frog Ebike Akku ist ein hochwertiger und langlebiger Akku, der f\u00fcr den Einsatz in Elektrofahrr\u00e4dern entwickelt wurde. Die Batterie verwendet neue 100%-Zellen und hat eine Chemie von Li(NiCoMn)O2 18650. Sie ist sowohl in 36-V- als auch in 48-V-Versionen mit einer Nennkapazit\u00e4t von 10-20 Ah erh\u00e4ltlich.<br \/>\nDer Akkupack ist in einem stabilen Aluminiumgeh\u00e4use untergebracht und hat Abmessungen von 257*150*147mm. Die Standardladung f\u00fcr das Batteriepaket ist ein konstanter Strom von 0,2 C, eine konstante Spannung von 42 V und eine 100-mA-Abschaltung. Zum Schnellladen kann der Akkupack einen konstanten Strom von 0,5 CA, eine konstante Spannung von 42 V und eine 100-mA-Abschaltung verarbeiten.<br \/>\nDer Standard-Entladestrom f\u00fcr den Akkupack ist ein Konstantstrom von 0,2 C bei einer Endspannung von 36,4 V. Das Batteriepaket wiegt ca. 3,5 kg\/4,5 kg und kann einen kontinuierlichen Entladestrom von 20 A mit einem Spitzenentladestrom von 60 A verarbeiten.<br \/>\nDer Akkupack hat eine Zyklenlebensdauer von 500 Mal mit DOD80% und ist mit einer BMS-Funktion ausgestattet, die \u00dcberstromschutz, \u00dcberentladungsschutz, \u00dcberladungsschutz, Kurzschlussschutz und Balance umfasst. Der Lagertemperaturbereich f\u00fcr den Akku liegt bei -10\u201340 \u00b0C, bei einer relativen Luftfeuchtigkeit von 45\u2013751 TP3T und einem Druckbereich von 86\u2013106 kPa.<\/p>","protected":false},"featured_media":459,"template":"","meta":{"_kad_post_transparent":"default","_kad_post_title":"","_kad_post_layout":"default","_kad_post_sidebar_id":"","_kad_post_content_style":"default","_kad_post_vertical_padding":"default","_kad_post_feature":"","_kad_post_feature_position":"","_kad_post_header":false,"_kad_post_footer":false},"product_cat":[19,21],"product_tag":[248,247,249,262,267],"class_list":["post-444","product","type-product","status-publish","has-post-thumbnail","hentry","product_cat-custom-ebike-battery","product_cat-down-tube-ebike-battery","product_tag-24v-rear-rack-battery","product_tag-36v-rear-rack-battery","product_tag-48v-rear-rack-battery","product_tag-e-bike-seat-post-battery","product_tag-frog-ebike-battery","entry","content-bg","loop-entry"],"_links":{"self":[{"href":"https:\/\/bybatt.com\/de\/wp-json\/wp\/v2\/product\/444","targetHints":{"allow":["GET"]}}],"collection":[{"href":"https:\/\/bybatt.com\/de\/wp-json\/wp\/v2\/product"}],"about":[{"href":"https:\/\/bybatt.com\/de\/wp-json\/wp\/v2\/types\/product"}],"wp:featuredmedia":[{"embeddable":true,"href":"https:\/\/bybatt.com\/de\/wp-json\/wp\/v2\/media\/459"}],"wp:attachment":[{"href":"https:\/\/bybatt.com\/de\/wp-json\/wp\/v2\/media?parent=444"}],"wp:term":[{"taxonomy":"product_cat","embeddable":true,"href":"https:\/\/bybatt.com\/de\/wp-json\/wp\/v2\/product_cat?post=444"},{"taxonomy":"product_tag","embeddable":true,"href":"https:\/\/bybatt.com\/de\/wp-json\/wp\/v2\/product_tag?post=444"}],"curies":[{"name":"wp","href":"https:\/\/api.w.org\/{rel}","templated":true}]}}