{"id":452,"date":"2023-02-19T10:15:33","date_gmt":"2023-02-19T10:15:33","guid":{"rendered":"https:\/\/bybatt.com\/?post_type=product&#038;p=452"},"modified":"2023-02-19T10:26:45","modified_gmt":"2023-02-19T10:26:45","slug":"cheap-authorized-reention-dorado-mini-batteries-for-e-bike","status":"publish","type":"product","link":"https:\/\/bybatt.com\/de\/produkt\/billig-autorisierte-reention-dorado-mini-akkus-fur-e-bike\/","title":{"rendered":"G\u00fcnstige autorisierte Reention Dorado Mini-Batterien f\u00fcr E-Bikes"},"content":{"rendered":"","protected":false},"excerpt":{"rendered":"<p>Dieses Produkt ist ein Akku f\u00fcr ein E-Bike, insbesondere das Reention Dorado Mini. Die in der Batterie verwendeten Zellen sind alle brandneu und die Chemie ist LiNiCoMno2. Die Batterie ist in verschiedenen Nennspannungen (36 V oder 48 V) und Kapazit\u00e4ten (von 10,4 Ah bis 14 Ah) erh\u00e4ltlich. Das Au\u00dfengeh\u00e4use der Batterie besteht aus EEL-Material.<br \/>\nDie Batterie kann mit einem konstanten Strom von 0,2 C und einer konstanten Spannung von 54,6 V mit einer Unterbrechung von 100 mA geladen werden. Es kann auch mit einem konstanten Strom von 0,5 CA und der gleichen konstanten Spannung und Abschaltung schnell aufgeladen werden. Der Standardentladestrom betr\u00e4gt 0,2C, bei einer Endspannung von 30V.<br \/>\nDie Batterie hat eine Zyklenlebensdauer von 500 Mal mit einem DOD80% und einem Gewicht von ca. 3,5 kg oder 4,5 kg. Es kann einen kontinuierlichen Entladestrom von 10 A mit einem Spitzenentladestrom von 30 A liefern. Die BMS-Funktion der Batterie umfasst Schutz gegen \u00dcberstrom, \u00dcberentladung, \u00dcberladung und Kurzschluss sowie Ausgleich.<br \/>\nDie Batterie kann in einem Temperaturbereich von -10\u201340 \u00b0C, bei einer relativen Luftfeuchtigkeit von 45\u2013751 TP3T und einem Druck von 86\u2013106 kPa gelagert werden. Dieses Produkt bietet eine erschwingliche und autorisierte Option f\u00fcr E-Bike-Besitzer, die einen Ersatz- oder Zusatzakku f\u00fcr ihr Reention Dorado Mini ben\u00f6tigen.<\/p>","protected":false},"featured_media":453,"template":"","meta":{"_kad_post_transparent":"default","_kad_post_title":"","_kad_post_layout":"default","_kad_post_sidebar_id":"","_kad_post_content_style":"default","_kad_post_vertical_padding":"default","_kad_post_feature":"","_kad_post_feature_position":"","_kad_post_header":false,"_kad_post_footer":false},"product_cat":[19,23],"product_tag":[275,274,41,268,273,272],"class_list":["post-452","product","type-product","status-publish","has-post-thumbnail","hentry","product_cat-custom-ebike-battery","product_cat-inner-ebike-battery","product_tag-36v-cheapest-ebike-battery","product_tag-dorado-mini-batteries","product_tag-electric-bicycle-battery","product_tag-reention-battery","product_tag-reention-dorado-battery","product_tag-reention-dorado-mini-batteries","entry","content-bg","loop-entry"],"_links":{"self":[{"href":"https:\/\/bybatt.com\/de\/wp-json\/wp\/v2\/product\/452","targetHints":{"allow":["GET"]}}],"collection":[{"href":"https:\/\/bybatt.com\/de\/wp-json\/wp\/v2\/product"}],"about":[{"href":"https:\/\/bybatt.com\/de\/wp-json\/wp\/v2\/types\/product"}],"wp:featuredmedia":[{"embeddable":true,"href":"https:\/\/bybatt.com\/de\/wp-json\/wp\/v2\/media\/453"}],"wp:attachment":[{"href":"https:\/\/bybatt.com\/de\/wp-json\/wp\/v2\/media?parent=452"}],"wp:term":[{"taxonomy":"product_cat","embeddable":true,"href":"https:\/\/bybatt.com\/de\/wp-json\/wp\/v2\/product_cat?post=452"},{"taxonomy":"product_tag","embeddable":true,"href":"https:\/\/bybatt.com\/de\/wp-json\/wp\/v2\/product_tag?post=452"}],"curies":[{"name":"wp","href":"https:\/\/api.w.org\/{rel}","templated":true}]}}