{"id":473,"date":"2023-02-19T13:50:46","date_gmt":"2023-02-19T13:50:46","guid":{"rendered":"https:\/\/bybatt.com\/?post_type=product&#038;p=473"},"modified":"2023-02-19T13:55:44","modified_gmt":"2023-02-19T13:55:44","slug":"li-ion-36v-14ah-reention-thunder-downtube-battery-for-e-bike","status":"publish","type":"product","link":"https:\/\/bybatt.com\/de\/produkt\/li-ion-36v-14ah-reention-thunder-downtube-akku-fur-e-bike\/","title":{"rendered":"Li-Ion 36V 14Ah Reention Thunder Unterrohrakku f\u00fcr E-Bike"},"content":{"rendered":"","protected":false},"excerpt":{"rendered":"<p>Der Li-ion 36V 14Ah Reention Thunder Unterrohrakku ist ein hochwertiger Akku f\u00fcr E-Bikes. Die Batterie besteht aus neuen 100%-Zellen und hat eine Nennspannung von 36 V, 48 V, 52 V oder 72 V bei einer Nennkapazit\u00e4t von 20 Ah. Die Batteriezellenoptionen umfassen 2500 mAh, 3000 mAh, 3200 mAh oder 3500 mAh mit einer Konfiguration von 8P14S.<br \/>\nDas Batteriemanagementsystem (BMS) hat eine Nennleistung von 30 A und kann gem\u00e4\u00df den Benutzeranforderungen angepasst werden. Der Standard-Ladestrom betr\u00e4gt 3 A, mit einem maximalen Ladestrom von 5 A, die beide angepasst werden k\u00f6nnen. Die Entladeschlussspannung der Batterie betr\u00e4gt 39 V und die Ladespannung 58,8 V.<br \/>\nDie Batterie hat eine Lebensdauer von 80%-Leistung nach 600-1000 Zyklen. Das bedeutet, dass die Batterie 80% ihrer urspr\u00fcnglichen Kapazit\u00e4t liefern kann, nachdem sie 600 bis 1000 Zyklen lang vollst\u00e4ndig geladen und entladen wurde. Insgesamt ist der Li-Ion 36V 14Ah Reention Thunder Unterrohrakku ein zuverl\u00e4ssiger und leistungsstarker Akku, der f\u00fcr den Einsatz in E-Bikes geeignet ist.<\/p>","protected":false},"featured_media":474,"template":"","meta":{"_kad_post_transparent":"default","_kad_post_title":"","_kad_post_layout":"default","_kad_post_sidebar_id":"","_kad_post_content_style":"default","_kad_post_vertical_padding":"default","_kad_post_feature":"","_kad_post_feature_position":"","_kad_post_header":false,"_kad_post_footer":false},"product_cat":[19,23],"product_tag":[41,268,273,272,277,276,279],"class_list":["post-473","product","type-product","status-publish","has-post-thumbnail","hentry","product_cat-custom-ebike-battery","product_cat-inner-ebike-battery","product_tag-electric-bicycle-battery","product_tag-reention-battery","product_tag-reention-dorado-battery","product_tag-reention-dorado-mini-batteries","product_tag-reention-eel-inner-battery-pack","product_tag-reention-eel-inner-frame-battery","product_tag-reention-thunder-downtube-battery","entry","content-bg","loop-entry"],"_links":{"self":[{"href":"https:\/\/bybatt.com\/de\/wp-json\/wp\/v2\/product\/473","targetHints":{"allow":["GET"]}}],"collection":[{"href":"https:\/\/bybatt.com\/de\/wp-json\/wp\/v2\/product"}],"about":[{"href":"https:\/\/bybatt.com\/de\/wp-json\/wp\/v2\/types\/product"}],"wp:featuredmedia":[{"embeddable":true,"href":"https:\/\/bybatt.com\/de\/wp-json\/wp\/v2\/media\/474"}],"wp:attachment":[{"href":"https:\/\/bybatt.com\/de\/wp-json\/wp\/v2\/media?parent=473"}],"wp:term":[{"taxonomy":"product_cat","embeddable":true,"href":"https:\/\/bybatt.com\/de\/wp-json\/wp\/v2\/product_cat?post=473"},{"taxonomy":"product_tag","embeddable":true,"href":"https:\/\/bybatt.com\/de\/wp-json\/wp\/v2\/product_tag?post=473"}],"curies":[{"name":"wp","href":"https:\/\/api.w.org\/{rel}","templated":true}]}}