{"id":480,"date":"2023-02-19T13:56:47","date_gmt":"2023-02-19T13:56:47","guid":{"rendered":"https:\/\/bybatt.com\/?post_type=product&#038;p=480"},"modified":"2023-02-19T14:05:06","modified_gmt":"2023-02-19T14:05:06","slug":"48v-52v-rechargeable-lithium-ion-triangular-e-bike-battery","status":"publish","type":"product","link":"https:\/\/bybatt.com\/de\/produkt\/48-v-52-v-lithium-ionen-dreieck-e-bike-akku\/","title":{"rendered":"48V 52V wiederaufladbarer dreieckiger Lithium-Ionen-E-Bike-Akku"},"content":{"rendered":"","protected":false},"excerpt":{"rendered":"<p>Der dreieckige 48-V-52-V-Lithium-Ionen-Akku f\u00fcr E-Bikes ist ein leistungsstarker und langlebiger Akku, der f\u00fcr die Stromversorgung von Elektrofahrr\u00e4dern entwickelt wurde. Diese Batterie ist in verschiedenen Nennspannungen erh\u00e4ltlich, darunter 36 V, 48 V, 52 V und 72 V, und hat eine Nennkapazit\u00e4t von 20 Ah. Die verwendeten Akkuzellen haben je nach gew\u00e4hlter Konfiguration entweder 2500 mAh, 3000 mAh, die ber\u00fchmten 3200 mAh oder 3500 mAh.<br \/>\nDie Batteriekonfiguration ist 8P14S, und das Batteriemanagementsystem (BMS) hat eine Nennleistung von 30 A oder kann an spezifische Anforderungen angepasst werden. Der Standard-Ladestrom betr\u00e4gt 3 A, kann aber auch an spezifische Ladeanforderungen angepasst werden. Der maximale Ladestrom betr\u00e4gt 5A, was eine schnelle Ladung des Akkus gew\u00e4hrleistet.<br \/>\nDie Entladeschlussspannung betr\u00e4gt 39 V und die Ladespannung 58,8 V. Mit einer Lebensdauer von bis zu 600-1000 Zyklen kann der Akku bis zu 80% seiner Leistung liefern, was ihn zu einer zuverl\u00e4ssigen und langlebigen Energiequelle f\u00fcr Elektrofahrr\u00e4der macht. Dieser wiederaufladbare Lithium-Ionen-Akku ist sicher, zuverl\u00e4ssig und effizient und bietet Benutzern eine hochwertige Energiequelle f\u00fcr ihre Elektrofahrr\u00e4der.<\/p>","protected":false},"featured_media":481,"template":"","meta":{"_kad_post_transparent":"default","_kad_post_title":"","_kad_post_layout":"default","_kad_post_sidebar_id":"","_kad_post_content_style":"default","_kad_post_vertical_padding":"default","_kad_post_feature":"","_kad_post_feature_position":"","_kad_post_header":false,"_kad_post_footer":false},"product_cat":[19,21],"product_tag":[289,287,293,281,291,288,285,290,292,286,282,283,280,284],"class_list":["post-480","product","type-product","status-publish","has-post-thumbnail","hentry","product_cat-custom-ebike-battery","product_cat-down-tube-ebike-battery","product_tag-52v-30ah-triangle-battery","product_tag-52v-triangle-battery","product_tag-72v-triangle-battery","product_tag-ebike-triangle-battery","product_tag-ebike-triangle-battery-hard-case","product_tag-em3ev-triangle-battery","product_tag-large-triangle-batteries","product_tag-triangle-battery-case","product_tag-triangle-ebike-battery-36v","product_tag-triangle-ebike-battery-48v","product_tag-triangle-electric-bike-battery","product_tag-triangle-lithium-battery","product_tag-triangular-e-bike-battery","product_tag-triangular-ebike-battery","entry","content-bg","loop-entry"],"_links":{"self":[{"href":"https:\/\/bybatt.com\/de\/wp-json\/wp\/v2\/product\/480","targetHints":{"allow":["GET"]}}],"collection":[{"href":"https:\/\/bybatt.com\/de\/wp-json\/wp\/v2\/product"}],"about":[{"href":"https:\/\/bybatt.com\/de\/wp-json\/wp\/v2\/types\/product"}],"wp:featuredmedia":[{"embeddable":true,"href":"https:\/\/bybatt.com\/de\/wp-json\/wp\/v2\/media\/481"}],"wp:attachment":[{"href":"https:\/\/bybatt.com\/de\/wp-json\/wp\/v2\/media?parent=480"}],"wp:term":[{"taxonomy":"product_cat","embeddable":true,"href":"https:\/\/bybatt.com\/de\/wp-json\/wp\/v2\/product_cat?post=480"},{"taxonomy":"product_tag","embeddable":true,"href":"https:\/\/bybatt.com\/de\/wp-json\/wp\/v2\/product_tag?post=480"}],"curies":[{"name":"wp","href":"https:\/\/api.w.org\/{rel}","templated":true}]}}