{"id":488,"date":"2023-02-19T14:10:59","date_gmt":"2023-02-19T14:10:59","guid":{"rendered":"https:\/\/bybatt.com\/?post_type=product&#038;p=488"},"modified":"2023-02-19T14:20:29","modified_gmt":"2023-02-19T14:20:29","slug":"36v-water-bottle-battery-pack-mini-bottle-ebike-battery","status":"publish","type":"product","link":"https:\/\/bybatt.com\/de\/produkt\/36-v-wasserflaschen-akku-pack-mini-flaschen-e-bike-akku\/","title":{"rendered":"36-V-Wasserflaschen-Akku Mini-Flaschen-E-Bike-Akku"},"content":{"rendered":"","protected":false},"excerpt":{"rendered":"<p>Der 36-V-Wasserflaschen-Akkupack Mini Bottle Ebike Battery ist ein Mini-Akkupack, der f\u00fcr Elektrofahrr\u00e4der (E-Bikes) entwickelt wurde. Er hat eine Nennspannung von entweder 24 V oder 36 V und ist in vier verschiedenen Nennkapazit\u00e4ten erh\u00e4ltlich: 5,2 Ah, 5,8 Ah, 6,8 Ah und 10 Ah. Die Batteriechemie ist Li(NiCoMn)O2 18650, was ein gutes Gleichgewicht zwischen Energiedichte und Sicherheit bietet.<br \/>\nDer Akku ist in einem Tintenfischflaschengeh\u00e4use mit Abmessungen von 63 * 75 * 325 mm (21 Zellen 18650) oder 86 * 86 * 347 mm (20 21700 Zellen) untergebracht. Es wiegt ungef\u00e4hr 3,5 kg.<br \/>\nDer Akkupack kann entweder mit Standard- oder Schnelllademethoden aufgeladen werden. Das Standardladen erfolgt bei einem konstanten Strom von 0,2 C, einer konstanten Spannung von 54,6 V und einer Abschaltung von 100 mA. Das Schnellladen erfolgt bei einem konstanten Strom von 0,5 CA, einer konstanten Spannung von 54,6 V und einer Abschaltung von 100 mA.<br \/>\nDer Akkupack kann mit einem Dauerstrom von 20 A entladen oder an spezielle Anforderungen angepasst werden. Es hat einen Spitzenentladestrom von 60 A oder kundenspezifisch. Der Akku hat eine Lebensdauer von 500 Zyklen mit einem DOD80% und ist mit einer BMS-Funktion ausgestattet, die \u00dcberstromschutz, \u00dcberentladungsschutz, \u00dcberladeschutz, Kurzschlussschutz und Ausgleich bietet.<br \/>\nDer Lagertemperaturbereich des Akkupacks betr\u00e4gt -10\u201340\u2103, bei einer relativen Luftfeuchtigkeit von 45\u2013751 TP3T und einem Druck von 86\u2013106 kPa.<\/p>","protected":false},"featured_media":489,"template":"","meta":{"_kad_post_transparent":"default","_kad_post_title":"","_kad_post_layout":"default","_kad_post_sidebar_id":"","_kad_post_content_style":"default","_kad_post_vertical_padding":"default","_kad_post_feature":"","_kad_post_feature_position":"","_kad_post_header":false,"_kad_post_footer":false},"product_cat":[19,21],"product_tag":[298,294,296,297,299,295],"class_list":["post-488","product","type-product","status-publish","has-post-thumbnail","hentry","product_cat-custom-ebike-battery","product_cat-down-tube-ebike-battery","product_tag-bottle-battery","product_tag-mini-bottle-ebike-battery","product_tag-mini-bottle-lithium-battery","product_tag-mini-ebike-battery-pack","product_tag-protable-water-bottle-battery","product_tag-water-bottle-battery-pack","entry","content-bg","loop-entry"],"_links":{"self":[{"href":"https:\/\/bybatt.com\/de\/wp-json\/wp\/v2\/product\/488","targetHints":{"allow":["GET"]}}],"collection":[{"href":"https:\/\/bybatt.com\/de\/wp-json\/wp\/v2\/product"}],"about":[{"href":"https:\/\/bybatt.com\/de\/wp-json\/wp\/v2\/types\/product"}],"wp:featuredmedia":[{"embeddable":true,"href":"https:\/\/bybatt.com\/de\/wp-json\/wp\/v2\/media\/489"}],"wp:attachment":[{"href":"https:\/\/bybatt.com\/de\/wp-json\/wp\/v2\/media?parent=488"}],"wp:term":[{"taxonomy":"product_cat","embeddable":true,"href":"https:\/\/bybatt.com\/de\/wp-json\/wp\/v2\/product_cat?post=488"},{"taxonomy":"product_tag","embeddable":true,"href":"https:\/\/bybatt.com\/de\/wp-json\/wp\/v2\/product_tag?post=488"}],"curies":[{"name":"wp","href":"https:\/\/api.w.org\/{rel}","templated":true}]}}