{"id":493,"date":"2023-02-19T14:23:38","date_gmt":"2023-02-19T14:23:38","guid":{"rendered":"https:\/\/bybatt.com\/?post_type=product&#038;p=493"},"modified":"2023-02-19T14:31:49","modified_gmt":"2023-02-19T14:31:49","slug":"36v-7ah-252wh-downtube-mini-water-bottle-ebike-battery","status":"publish","type":"product","link":"https:\/\/bybatt.com\/de\/produkt\/36v-7ah-252wh-unterrohr-mini-wasserflasche-ebike-akku\/","title":{"rendered":"36V 7Ah 252Wh Unterrohr Mini Wasserflasche eBike Akku"},"content":{"rendered":"","protected":false},"excerpt":{"rendered":"<p>Der 36V 7Ah 252Wh Unterrohr-Mini-Wasserflaschen-eBike-Akku ist ein hochwertiger, langlebiger Akku, der speziell f\u00fcr Elektrofahrr\u00e4der entwickelt wurde. Es verf\u00fcgt \u00fcber 100% neue Li(NiCoMn)O2 18650-Zellen, die eine hervorragende Leistung und Zuverl\u00e4ssigkeit bieten.<br \/>\nMit einer Nennspannung von wahlweise 24 V oder 36 V und einer Nennkapazit\u00e4t von 5,2 Ah, 5,8 Ah, 6,8 Ah oder 10 Ah bietet dieser Akku eine gute Reichweite und Leistung f\u00fcr verschiedene E-Bike-Modelle. Es ist in zwei Gr\u00f6\u00dfen mit unterschiedlichen Zelltypen erh\u00e4ltlich: 63 x 75 x 325 mm mit 21 18650-Zellen oder 86 x 86 x 347 mm mit 20 21700-Zellen.<br \/>\nDie Au\u00dfenh\u00fclle besteht aus Tintenfisch-Flaschenh\u00fclle, die robust und verschlei\u00dffest ist. Die Batterie hat eine Standardladung von 0,2 C Konstantstrom, 54,6 V Konstantspannung und 100 mA Abschaltung und kann mit einem Konstantstrom von 0,5 CA, 54,6 V Konstantspannung und 100 mA Abschaltung schnell geladen werden.<br \/>\nDie Batterie hat eine Standardentladung mit konstantem Strom von 0,2 C und einer Endspannung von 36,4 V und kann einen kontinuierlichen Entladestrom von 20 A oder einen benutzerdefinierten Wert verarbeiten. Der Spitzenentladestrom betr\u00e4gt 60 A oder einen benutzerdefinierten Wert. Die Lebensdauer des Akkus betr\u00e4gt bei einem DOD80% etwa das 500-fache und er verf\u00fcgt \u00fcber BMS-Funktionen, einschlie\u00dflich \u00dcberstromschutz, \u00dcberentladungsschutz, \u00dcberladeschutz, Kurzschlussschutz und Balance.<br \/>\nDie Batterie kann in einem Temperaturbereich von -10\u201340 \u00b0C, einer relativen Luftfeuchtigkeit von 45\u2013751 TP3T und einem Druck von 86\u2013106 kPa gelagert werden. Insgesamt ist der 36-V-7-Ah-252-Wh-Unterrohr-Mini-Wasserflaschen-eBike-Akku eine zuverl\u00e4ssige und leistungsstarke Option f\u00fcr E-Bike-Enthusiasten.<\/p>","protected":false},"featured_media":494,"template":"","meta":{"_kad_post_transparent":"default","_kad_post_title":"","_kad_post_layout":"default","_kad_post_sidebar_id":"","_kad_post_content_style":"default","_kad_post_vertical_padding":"default","_kad_post_feature":"","_kad_post_feature_position":"","_kad_post_header":false,"_kad_post_footer":false},"product_cat":[19,21],"product_tag":[302,304,303,294,300,299,301],"class_list":["post-493","product","type-product","status-publish","has-post-thumbnail","hentry","product_cat-custom-ebike-battery","product_cat-down-tube-ebike-battery","product_tag-bottle-battery-ebike","product_tag-downtube-ebike-battery","product_tag-micro-bottle-ebike-battery","product_tag-mini-bottle-ebike-battery","product_tag-mini-water-bottle-ebike-battery","product_tag-protable-water-bottle-battery","product_tag-water-bottle-ebike-battery","entry","content-bg","loop-entry"],"_links":{"self":[{"href":"https:\/\/bybatt.com\/de\/wp-json\/wp\/v2\/product\/493","targetHints":{"allow":["GET"]}}],"collection":[{"href":"https:\/\/bybatt.com\/de\/wp-json\/wp\/v2\/product"}],"about":[{"href":"https:\/\/bybatt.com\/de\/wp-json\/wp\/v2\/types\/product"}],"wp:featuredmedia":[{"embeddable":true,"href":"https:\/\/bybatt.com\/de\/wp-json\/wp\/v2\/media\/494"}],"wp:attachment":[{"href":"https:\/\/bybatt.com\/de\/wp-json\/wp\/v2\/media?parent=493"}],"wp:term":[{"taxonomy":"product_cat","embeddable":true,"href":"https:\/\/bybatt.com\/de\/wp-json\/wp\/v2\/product_cat?post=493"},{"taxonomy":"product_tag","embeddable":true,"href":"https:\/\/bybatt.com\/de\/wp-json\/wp\/v2\/product_tag?post=493"}],"curies":[{"name":"wp","href":"https:\/\/api.w.org\/{rel}","templated":true}]}}