{"id":500,"date":"2023-02-19T14:42:35","date_gmt":"2023-02-19T14:42:35","guid":{"rendered":"https:\/\/bybatt.com\/?post_type=product&#038;p=500"},"modified":"2023-02-19T15:00:42","modified_gmt":"2023-02-19T15:00:42","slug":"rechargeable-lithium-ion-seatpost-electric-bicycle-battery","status":"publish","type":"product","link":"https:\/\/bybatt.com\/de\/produkt\/wiederaufladbare-lithium-ionen-sattelstutze-elektrofahrrad-batterie\/","title":{"rendered":"Wiederaufladbarer Lithium-Ionen-Sattelst\u00fctzen-Elektrofahrradakku"},"content":{"rendered":"","protected":false},"excerpt":{"rendered":"<p>Die wiederaufladbare Lithium-Ionen-Sattelst\u00fctzenbatterie f\u00fcr Elektrofahrr\u00e4der ist eine hochwertige, zuverl\u00e4ssige und langlebige Energiequelle f\u00fcr Elektrofahrr\u00e4der. Es verf\u00fcgt \u00fcber 100% neue Zellen und ein Kunststoffgeh\u00e4use. Die Batterie ist in zwei verschiedenen Nennspannungsoptionen erh\u00e4ltlich, 36 V oder 48 V, mit einer Nennkapazit\u00e4t von 10-21 Ah, je nach gew\u00e4hlter Option.<br \/>\nDie Batterie ist f\u00fcr das Laden mit einer Standardlademethode ausgelegt, die einen konstanten Strom von 0,2 C und eine konstante Spannung von 54,6 V mit einer Unterbrechung von 100 mA beinhaltet. Es kann auch schnell mit einer Schnelllademethode aufgeladen werden, die einen konstanten Strom von 0,5 CA und eine konstante Spannung von 54,6 V bei einer Unterbrechung von 100 mA beinhaltet.<br \/>\nDie Batterie hat eine Standard-Entladerate von 0,2 C bei einer Endspannung von 36,4 V. Es hat ein Gewicht von ca. 3,5 kg\/4,5 kg, je nach gew\u00e4hlter Kapazit\u00e4t. Die Batterie kann einen kontinuierlichen Entladestrom von 20 A liefern oder kann an spezielle Anforderungen angepasst werden. Es kann auch einen Spitzenentladestrom von 60 A liefern oder kann an spezielle Anforderungen angepasst werden.<br \/>\nDie Batterie hat eine Zyklenlebensdauer von 500 Mal mit DOD80% und ist mit einer BMS-Funktion ausgestattet, die \u00dcberstromschutz, \u00dcberentladungsschutz, \u00dcberladungsschutz, Kurzschlussschutz und Balance bietet. Es kann in einem Temperaturbereich von -10\u201340 \u00b0C, einer relativen Luftfeuchtigkeit von 45\u2013751 TP3T und einem Druck von 86\u2013106 kPa gelagert werden. Insgesamt ist die wiederaufladbare Lithium-Ionen-Sattelst\u00fctzen-Elektrofahrradbatterie eine hochwertige und langlebige Energiequelle f\u00fcr Elektrofahrr\u00e4der.<\/p>","protected":false},"featured_media":501,"template":"","meta":{"_kad_post_transparent":"default","_kad_post_title":"","_kad_post_layout":"default","_kad_post_sidebar_id":"","_kad_post_content_style":"default","_kad_post_vertical_padding":"default","_kad_post_feature":"","_kad_post_feature_position":"","_kad_post_header":false,"_kad_post_footer":false},"product_cat":[19,21],"product_tag":[307,306,262,43,308,309,305],"class_list":["post-500","product","type-product","status-publish","has-post-thumbnail","hentry","product_cat-custom-ebike-battery","product_cat-down-tube-ebike-battery","product_tag-36v-13ah-ebike-battery","product_tag-e-bike-phylion-battery","product_tag-e-bike-seat-post-battery","product_tag-ebike-battery","product_tag-rechargeable-electric-battery","product_tag-seat-post-battery","product_tag-seatpost-electric-bicycle-battery","entry","content-bg","loop-entry"],"_links":{"self":[{"href":"https:\/\/bybatt.com\/de\/wp-json\/wp\/v2\/product\/500","targetHints":{"allow":["GET"]}}],"collection":[{"href":"https:\/\/bybatt.com\/de\/wp-json\/wp\/v2\/product"}],"about":[{"href":"https:\/\/bybatt.com\/de\/wp-json\/wp\/v2\/types\/product"}],"wp:featuredmedia":[{"embeddable":true,"href":"https:\/\/bybatt.com\/de\/wp-json\/wp\/v2\/media\/501"}],"wp:attachment":[{"href":"https:\/\/bybatt.com\/de\/wp-json\/wp\/v2\/media?parent=500"}],"wp:term":[{"taxonomy":"product_cat","embeddable":true,"href":"https:\/\/bybatt.com\/de\/wp-json\/wp\/v2\/product_cat?post=500"},{"taxonomy":"product_tag","embeddable":true,"href":"https:\/\/bybatt.com\/de\/wp-json\/wp\/v2\/product_tag?post=500"}],"curies":[{"name":"wp","href":"https:\/\/api.w.org\/{rel}","templated":true}]}}