{"id":507,"date":"2023-02-19T15:01:23","date_gmt":"2023-02-19T15:01:23","guid":{"rendered":"https:\/\/bybatt.com\/?post_type=product&#038;p=507"},"modified":"2023-02-19T15:10:49","modified_gmt":"2023-02-19T15:10:49","slug":"24v-10ah-lithium-little-frog-style-battery-for-e-bike","status":"publish","type":"product","link":"https:\/\/bybatt.com\/de\/produkt\/24v-10ah-lithium-batterie-im-little-frog-style-fur-e-bike\/","title":{"rendered":"24V 10Ah Lithium Little Frog Style Akku f\u00fcr E-Bike"},"content":{"rendered":"","protected":false},"excerpt":{"rendered":"<p>Der 24V 10Ah Lithium Little Frog Style Akku ist ein hochwertiger Akku f\u00fcr den Einsatz in E-Bikes. Die Batterie verwendet 100% neue Zellen und verf\u00fcgt \u00fcber eine LiNiCoMno2-Chemie. Es ist in verschiedenen Spannungs- und Kapazit\u00e4tsoptionen erh\u00e4ltlich, einschlie\u00dflich 36 V und 48 V, mit einer Nennkapazit\u00e4t von 10,4 Ah bis 14 Ah. Das Au\u00dfengeh\u00e4use besteht aus EEL-Geh\u00e4usematerial, wodurch es langlebig und widerstandsf\u00e4hig gegen Besch\u00e4digungen ist.<br \/>\nDie Batterie kann mit einer Standardlademethode mit einem konstanten Strom von 0,2 C und einer konstanten Spannung von 54,6 V mit einer Unterbrechung von 100 mA geladen werden. Es kann auch mit einem konstanten Strom von 0,5 CA, einer konstanten Spannung von 54,6 V und einer Abschaltung von 100 mA schnell aufgeladen werden. Die Standard-Entlademethode verwendet einen konstanten Strom von 0,2 C und eine Endspannung von 30 V.<br \/>\nDie Batterie hat eine Zyklenlebensdauer von 500 Mal mit DOD80%, was bedeutet, dass sie mit 80% Tiefenentladung bis zu 500 Mal aufgeladen und entladen werden kann. Der Dauerentladestrom betr\u00e4gt 10 A oder kann angepasst werden, und der Spitzenentladestrom betr\u00e4gt 30 A oder kann angepasst werden, um bestimmte Anforderungen zu erf\u00fcllen. Der Akku verf\u00fcgt auch \u00fcber BMS-Funktionen, einschlie\u00dflich \u00dcberstromschutz, \u00dcberentladungsschutz, \u00dcberladeschutz, Kurzschlussschutz und Balance.<br \/>\nDer Lagertemperaturbereich f\u00fcr die Batterie betr\u00e4gt -10\u201340\u2103, bei einer relativen Luftfeuchtigkeit von 45\u2013751 TP3T und einem Druck von 86\u2013106 kPa. Der Akku hat je nach Modell ein ungef\u00e4hres Gewicht von 3,5 kg\/4,5 kg. Dieser Akku ist eine zuverl\u00e4ssige und effiziente Wahl f\u00fcr alle, die ihr E-Bike mit einem hochwertigen Lithium-Ionen-Akku betreiben m\u00f6chten.<\/p>","protected":false},"featured_media":508,"template":"","meta":{"_kad_post_transparent":"default","_kad_post_title":"","_kad_post_layout":"default","_kad_post_sidebar_id":"","_kad_post_content_style":"default","_kad_post_vertical_padding":"default","_kad_post_feature":"","_kad_post_feature_position":"","_kad_post_header":false,"_kad_post_footer":false},"product_cat":[19,21],"product_tag":[262,43,313,311,267,310,312],"class_list":["post-507","product","type-product","status-publish","has-post-thumbnail","hentry","product_cat-custom-ebike-battery","product_cat-down-tube-ebike-battery","product_tag-e-bike-seat-post-battery","product_tag-ebike-battery","product_tag-ebike-frog-battery","product_tag-frog-battery","product_tag-frog-ebike-battery","product_tag-frog-style-battery","product_tag-little-frog-battery-pack","entry","content-bg","loop-entry"],"_links":{"self":[{"href":"https:\/\/bybatt.com\/de\/wp-json\/wp\/v2\/product\/507","targetHints":{"allow":["GET"]}}],"collection":[{"href":"https:\/\/bybatt.com\/de\/wp-json\/wp\/v2\/product"}],"about":[{"href":"https:\/\/bybatt.com\/de\/wp-json\/wp\/v2\/types\/product"}],"wp:featuredmedia":[{"embeddable":true,"href":"https:\/\/bybatt.com\/de\/wp-json\/wp\/v2\/media\/508"}],"wp:attachment":[{"href":"https:\/\/bybatt.com\/de\/wp-json\/wp\/v2\/media?parent=507"}],"wp:term":[{"taxonomy":"product_cat","embeddable":true,"href":"https:\/\/bybatt.com\/de\/wp-json\/wp\/v2\/product_cat?post=507"},{"taxonomy":"product_tag","embeddable":true,"href":"https:\/\/bybatt.com\/de\/wp-json\/wp\/v2\/product_tag?post=507"}],"curies":[{"name":"wp","href":"https:\/\/api.w.org\/{rel}","templated":true}]}}