{"id":514,"date":"2023-02-19T15:13:45","date_gmt":"2023-02-19T15:13:45","guid":{"rendered":"https:\/\/bybatt.com\/?post_type=product&#038;p=514"},"modified":"2023-02-19T15:22:48","modified_gmt":"2023-02-19T15:22:48","slug":"48v-downtube-reention-eel-inner-frame-electric-bike-battery","status":"publish","type":"product","link":"https:\/\/bybatt.com\/de\/produkt\/48-v-unterrohr-reention-aal-innenrahmen-elektrofahrrad-batterie\/","title":{"rendered":"48-V-Unterrohr Reention EEL-Innenrahmen-Elektrofahrradbatterie"},"content":{"rendered":"","protected":false},"excerpt":{"rendered":"<p>Die 48-V-Unterrohr-Reention EEL-Innenrahmen-Elektrofahrradbatterie ist eine hochwertige, wiederaufladbare Batterie, die f\u00fcr Elektrofahrr\u00e4der entwickelt wurde. Es wird aus neuen 100%-Zellen hergestellt und hat eine LiNiCoMno2-Chemie. Die Batterie wird in einem robusten EEL-Geh\u00e4use geliefert und ist in verschiedenen Nennkapazit\u00e4ten erh\u00e4ltlich, darunter 10,4 Ah, 11,6 Ah, 13 Ah, 13,6 Ah und 14 Ah.<br \/>\nZum Laden der Batterie wird eine Standardladung verwendet, die einen konstanten Strom von 0,2 C und eine konstante Spannung von 54,6 V bei einer Unterbrechung von 100 mA beinhaltet. Der Akku kann auch mit einem konstanten Strom von 0,5 CA und einer konstanten Spannung von 54,6 V mit einer 100-mA-Abschaltung schnell aufgeladen werden.<br \/>\nDie Batterie hat einen kontinuierlichen Entladestrom von 10 A oder kann an spezielle Anforderungen angepasst werden. Es hat auch einen Spitzenentladestrom von 30 A oder kann an spezielle Anforderungen angepasst werden. Der Akku ist f\u00fcr bis zu 500 Zyklen mit einem DOD80% ausgelegt und verf\u00fcgt \u00fcber eine BMS-Funktion, die \u00dcberstromschutz, \u00dcberentladungsschutz, \u00dcberladeschutz, Kurzschlussschutz und Balance umfasst.<br \/>\nDie Batterie ist f\u00fcr den Betrieb in einem Temperaturbereich von -10\u201340 \u00b0C, einer relativen Luftfeuchtigkeit von 45\u2013751 TP3T und einem Druck von 86\u2013106 kPa ausgelegt. Es wiegt ungef\u00e4hr 3,5 kg\/4,5 kg und ist eine ausgezeichnete Option f\u00fcr Elektrofahrrad-Enthusiasten, die nach einer zuverl\u00e4ssigen und effizienten Batterie f\u00fcr ihre Fahrt suchen.<\/p>","protected":false},"featured_media":515,"template":"","meta":{"_kad_post_transparent":"default","_kad_post_title":"","_kad_post_layout":"default","_kad_post_sidebar_id":"","_kad_post_content_style":"default","_kad_post_vertical_padding":"default","_kad_post_feature":"","_kad_post_feature_position":"","_kad_post_header":false,"_kad_post_footer":false},"product_cat":[19,23],"product_tag":[317,52,318,315,316,314],"class_list":["post-514","product","type-product","status-publish","has-post-thumbnail","hentry","product_cat-custom-ebike-battery","product_cat-inner-ebike-battery","product_tag-48v-10-4ah-14ah-ebike-batteries","product_tag-battery","product_tag-electric-bike-battery","product_tag-electric-bike-frame-battery-inside","product_tag-frame-electric-bike-battery","product_tag-inner-frame-electric-bike-battery","entry","content-bg","loop-entry"],"_links":{"self":[{"href":"https:\/\/bybatt.com\/de\/wp-json\/wp\/v2\/product\/514","targetHints":{"allow":["GET"]}}],"collection":[{"href":"https:\/\/bybatt.com\/de\/wp-json\/wp\/v2\/product"}],"about":[{"href":"https:\/\/bybatt.com\/de\/wp-json\/wp\/v2\/types\/product"}],"wp:featuredmedia":[{"embeddable":true,"href":"https:\/\/bybatt.com\/de\/wp-json\/wp\/v2\/media\/515"}],"wp:attachment":[{"href":"https:\/\/bybatt.com\/de\/wp-json\/wp\/v2\/media?parent=514"}],"wp:term":[{"taxonomy":"product_cat","embeddable":true,"href":"https:\/\/bybatt.com\/de\/wp-json\/wp\/v2\/product_cat?post=514"},{"taxonomy":"product_tag","embeddable":true,"href":"https:\/\/bybatt.com\/de\/wp-json\/wp\/v2\/product_tag?post=514"}],"curies":[{"name":"wp","href":"https:\/\/api.w.org\/{rel}","templated":true}]}}