{"id":536,"date":"2023-02-20T01:47:15","date_gmt":"2023-02-20T01:47:15","guid":{"rendered":"https:\/\/bybatt.com\/?post_type=product&#038;p=536"},"modified":"2023-02-20T01:55:19","modified_gmt":"2023-02-20T01:55:19","slug":"48v-14ah-reention-eel-pro-electric-bicycle-lithium-batteries","status":"publish","type":"product","link":"https:\/\/bybatt.com\/de\/produkt\/48v-14ah-reention-eel-pro-elektrofahrrad-lithium-batterien\/","title":{"rendered":"48V 14Ah Reention EEL Pro Elektrofahrrad-Lithiumbatterien"},"content":{"rendered":"","protected":false},"excerpt":{"rendered":"<p>Die 48V 14Ah Reention EEL Pro Elektrofahrrad-Lithiumbatterien sind hochwertige Akkus, die speziell f\u00fcr Elektrofahrr\u00e4der entwickelt wurden. Die Batterien werden aus neuen 100%-Zellen mit LiNiCoMno2-Chemie hergestellt, die eine hervorragende Leistung und lange Lebensdauer bieten. Die Batterien sind in verschiedenen Spannungs- und Kapazit\u00e4tswerten erh\u00e4ltlich, darunter 36 V und 48 V mit Kapazit\u00e4ten von 10,4 Ah bis 14 Ah.<br \/>\nDas Au\u00dfengeh\u00e4use der Batterien besteht aus strapazierf\u00e4higem EEL-Material, das einen hervorragenden Schutz vor St\u00f6\u00dfen und anderen Arten von Besch\u00e4digungen bietet. Die Akkus sind so ausgelegt, dass sie mit einem Standard-Konstantstrom von 0,2 C und einer konstanten Spannung von 54,6 V mit einer 100-mA-Abschaltung geladen werden k\u00f6nnen. Mit einem konstanten Strom von 0,5 CA und der gleichen konstanten Spannung und Abschaltung ist auch ein schnelles Laden m\u00f6glich.<br \/>\nDie Batterien k\u00f6nnen mit einem konstanten Strom von 0,2 C entladen werden, bis die Endspannung 30 V erreicht. Die Batterien haben eine Zyklenlebensdauer von 500 Mal mit einer Entladetiefe (DOD) von 80%. Die Batterien haben einen Dauerentladestrom von 10 A, mit einem Spitzenentladestrom von 30 A. Das Batteriemanagementsystem (BMS) bietet Schutz vor \u00dcberstrom, \u00dcberentladung, \u00dcberladung und Kurzschlussbedingungen und stellt au\u00dferdem sicher, dass die Zellen ausgeglichen sind.<br \/>\nDie Batterien k\u00f6nnen bei Temperaturen von -10\u2103 bis 40\u2103, bei einer relativen Luftfeuchtigkeit von 45-75% und einem Druck von 86-106KPa gelagert werden. Diese Batterien sind eine gro\u00dfartige Wahl f\u00fcr alle, die die Batterie ihres Elektrofahrrads aufr\u00fcsten oder ersetzen m\u00f6chten, da sie zuverl\u00e4ssige und leistungsstarke Energie f\u00fcr Ihre Fahrt bieten.<\/p>","protected":false},"featured_media":537,"template":"","meta":{"_kad_post_transparent":"default","_kad_post_title":"","_kad_post_layout":"default","_kad_post_sidebar_id":"","_kad_post_content_style":"default","_kad_post_vertical_padding":"default","_kad_post_feature":"","_kad_post_feature_position":"","_kad_post_header":false,"_kad_post_footer":false},"product_cat":[19,23],"product_tag":[322,325,324,323,319,320,321],"class_list":["post-536","product","type-product","status-publish","has-post-thumbnail","hentry","product_cat-custom-ebike-battery","product_cat-inner-ebike-battery","product_tag-48v-14ah-li-ion-electric-bike-battery","product_tag-48v-14ah-reention-eel-battery","product_tag-8-volt-lithium-bike-battery","product_tag-bike-battery-12-8ah","product_tag-electric-bicycle-lithium-batteries","product_tag-reention-eel-pro","product_tag-reention-eel-pro-electric-bicycle-batteries","entry","content-bg","loop-entry"],"_links":{"self":[{"href":"https:\/\/bybatt.com\/de\/wp-json\/wp\/v2\/product\/536","targetHints":{"allow":["GET"]}}],"collection":[{"href":"https:\/\/bybatt.com\/de\/wp-json\/wp\/v2\/product"}],"about":[{"href":"https:\/\/bybatt.com\/de\/wp-json\/wp\/v2\/types\/product"}],"wp:featuredmedia":[{"embeddable":true,"href":"https:\/\/bybatt.com\/de\/wp-json\/wp\/v2\/media\/537"}],"wp:attachment":[{"href":"https:\/\/bybatt.com\/de\/wp-json\/wp\/v2\/media?parent=536"}],"wp:term":[{"taxonomy":"product_cat","embeddable":true,"href":"https:\/\/bybatt.com\/de\/wp-json\/wp\/v2\/product_cat?post=536"},{"taxonomy":"product_tag","embeddable":true,"href":"https:\/\/bybatt.com\/de\/wp-json\/wp\/v2\/product_tag?post=536"}],"curies":[{"name":"wp","href":"https:\/\/api.w.org\/{rel}","templated":true}]}}