{"id":543,"date":"2023-02-20T01:56:32","date_gmt":"2023-02-20T01:56:32","guid":{"rendered":"https:\/\/bybatt.com\/?post_type=product&#038;p=543"},"modified":"2023-02-20T02:03:31","modified_gmt":"2023-02-20T02:03:31","slug":"36v-24-5ah-reention-kirin-electric-bicycle-battery-pack","status":"publish","type":"product","link":"https:\/\/bybatt.com\/de\/produkt\/36v-24-5ah-reention-kirin-electric-bike-akku-pack\/","title":{"rendered":"36 V 24,5 Ah Reention Kirin Elektro-Fahrrad-Akkupack"},"content":{"rendered":"","protected":false},"excerpt":{"rendered":"<p>Das Reention Kirin Electric Bicycle Battery Pack ist ein hochwertiges Akkupack, das f\u00fcr Elektrofahrr\u00e4der entwickelt wurde. Er hat eine Spannung von 36 V und eine Kapazit\u00e4t von 24,5 Ah und liefert je nach Konfiguration insgesamt 696-910 Wh Leistung. Der Akku besteht entweder aus 13S5P- oder 14S5P-Zellen, die jeweils eine Kapazit\u00e4t von 3000 mAh bis 3500 mAh haben. Das Batteriemanagementsystem (BMS) ist auf 30 A ausgelegt, und die Batterie kann einen Ladestrom von 2-5 A verarbeiten.<br \/>\nDer Akku ist f\u00fcr den Betrieb mit Elektromotoren mit einem Leistungsbereich von 48 V, 250\u20131000 W oder 48 V und 52 V, 250\u20131000 W ausgelegt. Es hat einen Ladetemperaturbereich von 0-45\u00b0C und einen Entladetemperaturbereich von -20-65\u00b0C. Das Batteriepaket hat eine Lebensdauer von mindestens 800 Zyklen mit einer Kapazit\u00e4tserhaltungsrate von \u226580%.<br \/>\nDer Akku wiegt zwischen 4,5 und 5 kg und hat Abmessungen von 526 mm x 79 mm x 104 mm. Alle im Akkupack verwendeten Zellen sind brandneu und gew\u00e4hrleisten eine hochwertige Leistung und Langlebigkeit.<\/p>","protected":false},"featured_media":544,"template":"","meta":{"_kad_post_transparent":"default","_kad_post_title":"","_kad_post_layout":"default","_kad_post_sidebar_id":"","_kad_post_content_style":"default","_kad_post_vertical_padding":"default","_kad_post_feature":"","_kad_post_feature_position":"","_kad_post_header":false,"_kad_post_footer":false},"product_cat":[19,23],"product_tag":[330,51,328,326,331,327,329],"class_list":["post-543","product","type-product","status-publish","has-post-thumbnail","hentry","product_cat-custom-ebike-battery","product_cat-inner-ebike-battery","product_tag-21ah-36v","product_tag-battery-electric-bike","product_tag-bosch-ebike-battery-replacement","product_tag-electric-bicycle-battery-pack","product_tag-reention-kirin-battery","product_tag-reention-kirin-ebike-battery","product_tag-reention-kirin-electric-bicycle-battery-pack","entry","content-bg","loop-entry"],"_links":{"self":[{"href":"https:\/\/bybatt.com\/de\/wp-json\/wp\/v2\/product\/543","targetHints":{"allow":["GET"]}}],"collection":[{"href":"https:\/\/bybatt.com\/de\/wp-json\/wp\/v2\/product"}],"about":[{"href":"https:\/\/bybatt.com\/de\/wp-json\/wp\/v2\/types\/product"}],"wp:featuredmedia":[{"embeddable":true,"href":"https:\/\/bybatt.com\/de\/wp-json\/wp\/v2\/media\/544"}],"wp:attachment":[{"href":"https:\/\/bybatt.com\/de\/wp-json\/wp\/v2\/media?parent=543"}],"wp:term":[{"taxonomy":"product_cat","embeddable":true,"href":"https:\/\/bybatt.com\/de\/wp-json\/wp\/v2\/product_cat?post=543"},{"taxonomy":"product_tag","embeddable":true,"href":"https:\/\/bybatt.com\/de\/wp-json\/wp\/v2\/product_tag?post=543"}],"curies":[{"name":"wp","href":"https:\/\/api.w.org\/{rel}","templated":true}]}}