{"id":557,"date":"2023-02-20T02:27:51","date_gmt":"2023-02-20T02:27:51","guid":{"rendered":"https:\/\/bybatt.com\/?post_type=product&#038;p=557"},"modified":"2023-02-20T02:36:38","modified_gmt":"2023-02-20T02:36:38","slug":"52v-50amp-8-4ah-rechargeable-21700-lithium-e-bike-battery","status":"publish","type":"product","link":"https:\/\/bybatt.com\/de\/produkt\/52v-50amp-8-4ah-wiederaufladbarer-21700-lithium-e-bike-akku\/","title":{"rendered":"52V 50AMP 8.4AH Wiederaufladbarer 21700 Lithium E-Bike Akku"},"content":{"rendered":"","protected":false},"excerpt":{"rendered":"<p>Der wiederaufladbare 21700 Lithium-E-Bike-Akku mit 52 V, 50 Ampere und 8,4 Ah ist ein Hochleistungs-Lithium-Ionen-Akku, der f\u00fcr den Einsatz in Elektrofahrr\u00e4dern entwickelt wurde. Es besteht aus neuen 100%-Zellen und ist in mehreren verschiedenen Konfigurationen mit Nennspannungen von 36 V, 48 V und 52 V und Nennkapazit\u00e4ten von 13 Ah bis 20,4 Ah erh\u00e4ltlich. Der Akku besteht aus 18650 3,7 V 2500 mAh-Zellen und verf\u00fcgt \u00fcber einen Standardladestrom von 2 A, obwohl dieser an spezifische Anforderungen angepasst werden kann.<br \/>\nDie Batterie kann einen maximalen Entladestrom von 51 A liefern und hat eine Lebensdauer von mehr als 1000 Zyklen. Es kann mit der Lademethode mit konstantem Strom und konstanter Spannung geladen werden und ist in drei verschiedenen Gr\u00f6\u00dfen erh\u00e4ltlich: Polly DP-9 367 mm x 141 mm x 90 mm, Polly DP-5\/5C 368 mm x 96 mm x 90 mm und Polly DP-6\/ 6C 368 mm x 112 mm x 90 mm. Der Akku wiegt etwa 5 kg und kann bei Temperaturen zwischen 045 \u00b0C geladen werden, w\u00e4hrend die Entladetemperatur zwischen -2060 \u00b0C liegt. Die Batterie verf\u00fcgt auch \u00fcber einen Schutz gegen \u00dcberladung, Tiefentladung, \u00dcberstrom, Kurzschluss und andere Gefahren.<\/p>","protected":false},"featured_media":558,"template":"","meta":{"_kad_post_transparent":"default","_kad_post_title":"","_kad_post_layout":"default","_kad_post_sidebar_id":"","_kad_post_content_style":"default","_kad_post_vertical_padding":"default","_kad_post_feature":"","_kad_post_feature_position":"","_kad_post_header":false,"_kad_post_footer":false},"product_cat":[19,21],"product_tag":[341,338,342,343,340,339],"class_list":["post-557","product","type-product","status-publish","has-post-thumbnail","hentry","product_cat-custom-ebike-battery","product_cat-down-tube-ebike-battery","product_tag-21700-cell-rechargeable-ebike-battery","product_tag-21700-lithium-e-bike-battery","product_tag-52v-ebike-battery","product_tag-e-bike-battery-replacement","product_tag-electric-bike-battery-36v","product_tag-lithium-ion-e-bike-battery","entry","content-bg","loop-entry"],"_links":{"self":[{"href":"https:\/\/bybatt.com\/de\/wp-json\/wp\/v2\/product\/557","targetHints":{"allow":["GET"]}}],"collection":[{"href":"https:\/\/bybatt.com\/de\/wp-json\/wp\/v2\/product"}],"about":[{"href":"https:\/\/bybatt.com\/de\/wp-json\/wp\/v2\/types\/product"}],"wp:featuredmedia":[{"embeddable":true,"href":"https:\/\/bybatt.com\/de\/wp-json\/wp\/v2\/media\/558"}],"wp:attachment":[{"href":"https:\/\/bybatt.com\/de\/wp-json\/wp\/v2\/media?parent=557"}],"wp:term":[{"taxonomy":"product_cat","embeddable":true,"href":"https:\/\/bybatt.com\/de\/wp-json\/wp\/v2\/product_cat?post=557"},{"taxonomy":"product_tag","embeddable":true,"href":"https:\/\/bybatt.com\/de\/wp-json\/wp\/v2\/product_tag?post=557"}],"curies":[{"name":"wp","href":"https:\/\/api.w.org\/{rel}","templated":true}]}}