{"id":564,"date":"2023-02-20T03:00:52","date_gmt":"2023-02-20T03:00:52","guid":{"rendered":"https:\/\/bybatt.com\/?post_type=product&#038;p=564"},"modified":"2023-02-20T03:06:21","modified_gmt":"2023-02-20T03:06:21","slug":"48v-14ah-lithium-ion-e-bike-batteries-in-aluminum-case","status":"publish","type":"product","link":"https:\/\/bybatt.com\/de\/produkt\/48v-14ah-lithium-ionen-e-bike-akkus-im-aluminium-koffer\/","title":{"rendered":"48V 14Ah Lithium-Ionen E-Bike Akkus im Aluminiumgeh\u00e4use"},"content":{"rendered":"","protected":false},"excerpt":{"rendered":"<p>Dieses Produkt ist ein 48-V-Lithium-Ionen-E-Bike-Akku in einem Aluminiumgeh\u00e4use. Die verwendeten Batteriezellen sind 100% neu und haben eine Chemie von Li(NiCoMn)O2 18650. Sie haben eine Nennspannung von 36 V oder 48 V und eine Nennkapazit\u00e4t von 15 Ah, 17,5 Ah, 12,8 Ah oder 14 Ah. Die verwendete Batteriezelle ist eine ber\u00fchmte 18650-Zelle mit einer Kapazit\u00e4t von entweder 3200 mAh oder 3400 mAh. Die Batteriekonfiguration ist 13S5P und das Batteriemanagementsystem (BMS) ist 16A oder kann angepasst werden. Der Akku hat eine Gr\u00f6\u00dfe von 40 mm x 100 mm x 430 mm und enth\u00e4lt 52 18650-Zellen mit einem Gewicht von 4,5 kg. Die Entladeschlussspannung betr\u00e4gt 30 V und die Ladespannung 42,6 V. Die Batterie kann 80% ihrer Leistung nach 800 Zyklen mit einem Arbeitstemperaturbereich von 20 bis 60 Grad Celsius aufrechterhalten.<\/p>","protected":false},"featured_media":565,"template":"","meta":{"_kad_post_transparent":"default","_kad_post_title":"","_kad_post_layout":"default","_kad_post_sidebar_id":"","_kad_post_content_style":"default","_kad_post_vertical_padding":"default","_kad_post_feature":"","_kad_post_feature_position":"","_kad_post_header":false,"_kad_post_footer":false},"product_cat":[19,21],"product_tag":[345,346,344,318],"class_list":["post-564","product","type-product","status-publish","has-post-thumbnail","hentry","product_cat-custom-ebike-battery","product_cat-down-tube-ebike-battery","product_tag-48v-14ah-lithium-pack","product_tag-bike-battery","product_tag-e-bike-batteries-in-aluminum-case","product_tag-electric-bike-battery","entry","content-bg","loop-entry"],"_links":{"self":[{"href":"https:\/\/bybatt.com\/de\/wp-json\/wp\/v2\/product\/564","targetHints":{"allow":["GET"]}}],"collection":[{"href":"https:\/\/bybatt.com\/de\/wp-json\/wp\/v2\/product"}],"about":[{"href":"https:\/\/bybatt.com\/de\/wp-json\/wp\/v2\/types\/product"}],"wp:featuredmedia":[{"embeddable":true,"href":"https:\/\/bybatt.com\/de\/wp-json\/wp\/v2\/media\/565"}],"wp:attachment":[{"href":"https:\/\/bybatt.com\/de\/wp-json\/wp\/v2\/media?parent=564"}],"wp:term":[{"taxonomy":"product_cat","embeddable":true,"href":"https:\/\/bybatt.com\/de\/wp-json\/wp\/v2\/product_cat?post=564"},{"taxonomy":"product_tag","embeddable":true,"href":"https:\/\/bybatt.com\/de\/wp-json\/wp\/v2\/product_tag?post=564"}],"curies":[{"name":"wp","href":"https:\/\/api.w.org\/{rel}","templated":true}]}}