{"id":579,"date":"2023-02-20T03:58:05","date_gmt":"2023-02-20T03:58:05","guid":{"rendered":"https:\/\/bybatt.com\/?post_type=product&#038;p=579"},"modified":"2023-02-20T04:04:26","modified_gmt":"2023-02-20T04:04:26","slug":"hailong-battery-52v-17-5ah-electric-bicycle-battery-pack","status":"publish","type":"product","link":"https:\/\/bybatt.com\/de\/produkt\/hailong-akku-52v-17-5ah-elektrofahrrad-akkupack\/","title":{"rendered":"Hailong Battery 52V 17.5Ah Akku f\u00fcr Elektrofahrr\u00e4der"},"content":{"rendered":"","protected":false},"excerpt":{"rendered":"<p>Der Original 48V 17,5Ah Reention Dorado E Bike Akku ist f\u00fcr den Einsatz in Elektrofahrr\u00e4dern konzipiert und hat eine Nennspannung von 36V oder 48V und eine Nennkapazit\u00e4t von 10,4Ah, 11,6Ah, 13,6Ah, 13Ah, 14,5Ah oder 17,5Ah. Die Batterie verwendet LiNiCoMnO2-Chemie und 18650 3,7 V 2500 mAh-Zellen.<br \/>\nDas \u00e4u\u00dfere Batteriegeh\u00e4use ist ein inneres Batteriegeh\u00e4use, und die Anzahl der in der Batterie verwendeten Zellen variiert je nach Modell. Der Dorado Mini verwendet 30 oder 40 Zellen, der Dorado Pro verwendet 40 oder 50 Zellen, der Dorado Plus verwendet 52 oder 65 Zellen und der Dorado Max verwendet 64 oder 80 Zellen. Das Gewicht der Batterie betr\u00e4gt 5,5 kg.<br \/>\nDer Akku kann mit einer Standardladung mit einem konstanten Strom von 0,2 C und einer konstanten Spannung von 54,6 V mit einer 100-mA-Abschaltung oder einer Schnellladung mit einem konstanten Strom von 0,5 CA und einer konstanten Spannung von 54,6 V mit einem geladen werden 100mA Abschaltung. Die Batterie kann mit einem konstanten Strom von 0,2C und einer Endspannung von 39V entladen werden.<br \/>\nDie Batterie hat eine Lebensdauer von 500 Zyklen mit DOD80% und einem kontinuierlichen Entladestrom von 17 A oder kundenspezifisch. Der Spitzenentladestrom betr\u00e4gt 51A oder ist kundenspezifisch. Das Batteriemanagementsystem (BMS) bietet \u00dcberstromschutz, \u00dcberentladungsschutz, \u00dcberladungsschutz, Kurzschlussschutz und Balance. Die Batterie kann bei Temperaturen zwischen -10-40\u2103 bei einer relativen Luftfeuchtigkeit von 45-75% und einem Druck von 86-106KPa gelagert werden.<\/p>","protected":false},"featured_media":580,"template":"","meta":{"_kad_post_transparent":"default","_kad_post_title":"","_kad_post_layout":"default","_kad_post_sidebar_id":"","_kad_post_content_style":"default","_kad_post_vertical_padding":"default","_kad_post_feature":"","_kad_post_feature_position":"","_kad_post_header":false,"_kad_post_footer":false},"product_cat":[19,21],"product_tag":[354,353,326,351,355,356,352],"class_list":["post-579","product","type-product","status-publish","has-post-thumbnail","hentry","product_cat-custom-ebike-battery","product_cat-down-tube-ebike-battery","product_tag-battery-pack","product_tag-electric-bicycle-52v-20ah-battery","product_tag-electric-bicycle-battery-pack","product_tag-hailong-battery-52v-17-5ah","product_tag-hailong-s039-3-battery","product_tag-hailong-s039-3-electric-bicycle-battery","product_tag-lithium-ion-battery-pack","entry","content-bg","loop-entry"],"_links":{"self":[{"href":"https:\/\/bybatt.com\/de\/wp-json\/wp\/v2\/product\/579","targetHints":{"allow":["GET"]}}],"collection":[{"href":"https:\/\/bybatt.com\/de\/wp-json\/wp\/v2\/product"}],"about":[{"href":"https:\/\/bybatt.com\/de\/wp-json\/wp\/v2\/types\/product"}],"wp:featuredmedia":[{"embeddable":true,"href":"https:\/\/bybatt.com\/de\/wp-json\/wp\/v2\/media\/580"}],"wp:attachment":[{"href":"https:\/\/bybatt.com\/de\/wp-json\/wp\/v2\/media?parent=579"}],"wp:term":[{"taxonomy":"product_cat","embeddable":true,"href":"https:\/\/bybatt.com\/de\/wp-json\/wp\/v2\/product_cat?post=579"},{"taxonomy":"product_tag","embeddable":true,"href":"https:\/\/bybatt.com\/de\/wp-json\/wp\/v2\/product_tag?post=579"}],"curies":[{"name":"wp","href":"https:\/\/api.w.org\/{rel}","templated":true}]}}