{"id":593,"date":"2023-02-20T04:17:45","date_gmt":"2023-02-20T04:17:45","guid":{"rendered":"https:\/\/bybatt.com\/?post_type=product&#038;p=593"},"modified":"2023-03-05T16:17:11","modified_gmt":"2023-03-05T16:17:11","slug":"authorized-hailong-downtube-lithium-battery-pack-for-e-bike","status":"publish","type":"product","link":"https:\/\/bybatt.com\/de\/produkt\/autorisierter-hailong-unterrohr-lithium-akku-pack-fur-e-bike\/","title":{"rendered":"Autorisierter Hailong Unterrohr-Lithium-Akku f\u00fcr E-Bikes"},"content":{"rendered":"","protected":false},"excerpt":{"rendered":"<p>Der autorisierte Hailong Unterrohr-Lithium-Akku f\u00fcr E-Bikes ist ein hochwertiger Akku, der f\u00fcr Elektrofahrr\u00e4der entwickelt wurde. Es verwendet neue 100%-Zellen und ist in verschiedenen Spannungen und Kapazit\u00e4ten f\u00fcr verschiedene E-Bike-Modelle und Anwendungen erh\u00e4ltlich.<br \/>\nDie verf\u00fcgbaren Spannungsoptionen sind 72 V, 60 V, 36 V, 48 V und 52 V, w\u00e4hrend die verf\u00fcgbaren Kapazit\u00e4tsoptionen 28,8 Ah, 24 Ah, 13 Ah, 15 Ah, 20 Ah und 18 Ah sind. Die Batterie besteht aus G2500-Zelle\/Samsung 35E, G2500-Zelle, G2500-Zelle, G2500-Zelle.<br \/>\nDieser Akku kann f\u00fcr E-Bike-Motoren mit einem Leistungsbereich von 200-1000 W, 200-1500 W, 200-1800 W und 200-2200 W verwendet werden. Die verf\u00fcgbaren BMS-Optionen (Battery Management System) sind 30 A, 40 A und 50 A und bieten ein effizientes und zuverl\u00e4ssiges Batteriemanagement.<br \/>\nInsgesamt ist dieser Hailong Unterrohr-Lithium-Akku eine zuverl\u00e4ssige und leistungsstarke Stromquelle f\u00fcr E-Bikes, was ihn zu einer ausgezeichneten Wahl f\u00fcr E-Bike-Enthusiasten macht, die das Beste von ihren Elektrofahrr\u00e4dern verlangen.<\/p>","protected":false},"featured_media":594,"template":"","meta":{"_kad_post_transparent":"default","_kad_post_title":"","_kad_post_layout":"default","_kad_post_sidebar_id":"","_kad_post_content_style":"default","_kad_post_vertical_padding":"default","_kad_post_feature":"","_kad_post_feature_position":"","_kad_post_header":false,"_kad_post_footer":false},"product_cat":[19,21],"product_tag":[354,353,326,351,358,357,355,356,352],"class_list":["post-593","product","type-product","status-publish","has-post-thumbnail","hentry","product_cat-custom-ebike-battery","product_cat-down-tube-ebike-battery","product_tag-battery-pack","product_tag-electric-bicycle-52v-20ah-battery","product_tag-electric-bicycle-battery-pack","product_tag-hailong-battery-52v-17-5ah","product_tag-hailong-downtube-lithium-battery","product_tag-hailong-ebike-battery","product_tag-hailong-s039-3-battery","product_tag-hailong-s039-3-electric-bicycle-battery","product_tag-lithium-ion-battery-pack","entry","content-bg","loop-entry"],"_links":{"self":[{"href":"https:\/\/bybatt.com\/de\/wp-json\/wp\/v2\/product\/593","targetHints":{"allow":["GET"]}}],"collection":[{"href":"https:\/\/bybatt.com\/de\/wp-json\/wp\/v2\/product"}],"about":[{"href":"https:\/\/bybatt.com\/de\/wp-json\/wp\/v2\/types\/product"}],"wp:featuredmedia":[{"embeddable":true,"href":"https:\/\/bybatt.com\/de\/wp-json\/wp\/v2\/media\/594"}],"wp:attachment":[{"href":"https:\/\/bybatt.com\/de\/wp-json\/wp\/v2\/media?parent=593"}],"wp:term":[{"taxonomy":"product_cat","embeddable":true,"href":"https:\/\/bybatt.com\/de\/wp-json\/wp\/v2\/product_cat?post=593"},{"taxonomy":"product_tag","embeddable":true,"href":"https:\/\/bybatt.com\/de\/wp-json\/wp\/v2\/product_tag?post=593"}],"curies":[{"name":"wp","href":"https:\/\/api.w.org\/{rel}","templated":true}]}}