{"id":601,"date":"2023-02-20T04:24:12","date_gmt":"2023-02-20T04:24:12","guid":{"rendered":"https:\/\/bybatt.com\/?post_type=product&#038;p=601"},"modified":"2023-02-20T04:36:07","modified_gmt":"2023-02-20T04:36:07","slug":"24v-10ah-rechargeable-18650-battery-cells-battery-pack","status":"publish","type":"product","link":"https:\/\/bybatt.com\/de\/produkt\/24v-10ah-wiederaufladbare-18650-akku-zellen-akkupack\/","title":{"rendered":"24V 10Ah wiederaufladbare 18650 Akkuzellen Akkupack"},"content":{"rendered":"","protected":false},"excerpt":{"rendered":"<p>Bei dem beschriebenen Produkt handelt es sich um einen 24V 10Ah Akkupack bestehend aus 18650 Akkuzellen. Das Batteriepack besteht aus 28 Zellen, die in einer 7-parallelen 4er-Konfiguration angeordnet sind, wobei jede Zelle eine Nennkapazit\u00e4t von 2500 mAh und eine Nennspannung von 3,7 V hat.<br \/>\nDer Akku hat einen Quellenwiderstand von weniger als 40 m\u03a9, eine Entladeschlussspannung von 41 +\/- 1 V und eine Ladeschlussspannung von 29,4 V. Es hat einen Nennentladungsstrom von 10 A, einen sofortigen maximalen Entladungsstrom von 30 A und einen maximalen Dauerentladungsstrom von 20 A. Der maximale Dauerladestrom betr\u00e4gt 5 A, und der Lademodus ist CC\/CV, mit einem Standardladestrom von 2 A und einer Ladezeit von 5 Stunden bei Standardladestrom. Schnellladung ist auch mit einem Schnellladestrom von 5A und einer Ladezeit von 2 Stunden unter Schnellladestrom verf\u00fcgbar.<br \/>\nDer Akku kann in einem weiten Temperaturbereich von -20 \u2013 60 \u00b0C sowohl zum Laden als auch zum Entladen betrieben werden. Die Gr\u00f6\u00dfe des Akkupacks betr\u00e4gt 225 x 130 x 85 mm bei einem Nettogewicht von 2 kg und einem Bruttogewicht von 2,5 kg. Der Hersteller best\u00e4tigt, dass alle im Akkupack verwendeten Zellen 100% neu sind.<\/p>","protected":false},"featured_media":602,"template":"","meta":{"_kad_post_transparent":"default","_kad_post_title":"","_kad_post_layout":"default","_kad_post_sidebar_id":"","_kad_post_content_style":"default","_kad_post_vertical_padding":"default","_kad_post_feature":"","_kad_post_feature_position":"","_kad_post_header":false,"_kad_post_footer":false},"product_cat":[19,21],"product_tag":[360,359,361,362,352,363],"class_list":["post-601","product","type-product","status-publish","has-post-thumbnail","hentry","product_cat-custom-ebike-battery","product_cat-down-tube-ebike-battery","product_tag-18650-battery-cells","product_tag-18650-battery-cells-battery-pack","product_tag-24v-10ah-silver-battery","product_tag-battery-rechargeable","product_tag-lithium-ion-battery-pack","product_tag-lithium-ion-e-bike-batteries-in-aluminum-cases","entry","content-bg","loop-entry"],"_links":{"self":[{"href":"https:\/\/bybatt.com\/de\/wp-json\/wp\/v2\/product\/601","targetHints":{"allow":["GET"]}}],"collection":[{"href":"https:\/\/bybatt.com\/de\/wp-json\/wp\/v2\/product"}],"about":[{"href":"https:\/\/bybatt.com\/de\/wp-json\/wp\/v2\/types\/product"}],"wp:featuredmedia":[{"embeddable":true,"href":"https:\/\/bybatt.com\/de\/wp-json\/wp\/v2\/media\/602"}],"wp:attachment":[{"href":"https:\/\/bybatt.com\/de\/wp-json\/wp\/v2\/media?parent=601"}],"wp:term":[{"taxonomy":"product_cat","embeddable":true,"href":"https:\/\/bybatt.com\/de\/wp-json\/wp\/v2\/product_cat?post=601"},{"taxonomy":"product_tag","embeddable":true,"href":"https:\/\/bybatt.com\/de\/wp-json\/wp\/v2\/product_tag?post=601"}],"curies":[{"name":"wp","href":"https:\/\/api.w.org\/{rel}","templated":true}]}}