{"id":608,"date":"2023-02-20T04:38:46","date_gmt":"2023-02-20T04:38:46","guid":{"rendered":"https:\/\/bybatt.com\/?post_type=product&#038;p=608"},"modified":"2023-03-05T16:17:06","modified_gmt":"2023-03-05T16:17:06","slug":"24v-8ah-silverfish-ebike-battery-electric-bike-battery","status":"publish","type":"product","link":"https:\/\/bybatt.com\/de\/produkt\/24v-8ah-silverfish-ebike-akku-elektrofahrrad-akku\/","title":{"rendered":"24V 8Ah Silverfish Ebike Akku Akku f\u00fcr Elektrofahrr\u00e4der"},"content":{"rendered":"","protected":false},"excerpt":{"rendered":"<p>Die 24V 8Ah Silverfish Ebike-Batterie ist eine elektrische Fahrradbatterie, die mit 100% neuen Li-Ionen-Batteriezellen hergestellt wird. Es hat eine Nennspannung von 24 V oder 36 V und eine Nennkapazit\u00e4t von 8 Ah, 10 Ah, 15 Ah oder 20 Ah, je nach gew\u00e4hlter Konfiguration. Die verf\u00fcgbaren Konfigurationen sind 7S4P, 7S6P oder 7S8P, und die verwendeten Batteriezellen sind Zellen der Klasse 18650 A.<br \/>\nDie Batterie wird mit einem 15-A-BMS geliefert, das f\u00fcr die Verwendung mit einem 250-W-Motor geeignet ist, und einem Ladeger\u00e4t mit einer Leistung von 29,4 V 2 A. Die Entladeschlussspannung ist auf 19,6 V eingestellt, und die Batterie hat eine Gr\u00f6\u00dfe von 425 * 77 * 85 mm und ein Gewicht von 2,5 kg, 3 kg oder 3,8 kg, je nach gew\u00e4hlter Konfiguration.<br \/>\nDie Batterie hat eine Lebensdauer von mindestens 800 Zyklen und kann bei Temperaturen von -10 bis 45 Grad Celsius betrieben werden. Er eignet sich als E-Bike-Akku, f\u00fcr den Einsatz in Rikschas, Dreir\u00e4dern und Motorr\u00e4dern. Der Akku verf\u00fcgt \u00fcber \u00dcberladeschutz, \u00dcberentladeschutz, \u00dcberstromschutz, Kurzschlussschutz und Widerstandsschutz.<br \/>\nDie Ladespannung ist f\u00fcr das Einzelzellenladen symmetrisch, und der maximale Dauerladestrom und der maximale Dauerentladestrom sind abh\u00e4ngig von der gew\u00e4hlten Konfiguration. Insgesamt ist diese Batterie eine hochwertige Option f\u00fcr diejenigen, die ihre Elektrofahrr\u00e4der und andere Fahrzeuge mit Strom versorgen m\u00f6chten.<\/p>","protected":false},"featured_media":609,"template":"","meta":{"_kad_post_transparent":"default","_kad_post_title":"","_kad_post_layout":"default","_kad_post_sidebar_id":"","_kad_post_content_style":"default","_kad_post_vertical_padding":"default","_kad_post_feature":"","_kad_post_feature_position":"","_kad_post_header":false,"_kad_post_footer":false},"product_cat":[19,21],"product_tag":[365,52,41,366,364],"class_list":["post-608","product","type-product","status-publish","has-post-thumbnail","hentry","product_cat-custom-ebike-battery","product_cat-down-tube-ebike-battery","product_tag-24v-8ah-lithium-ion-batteries","product_tag-battery","product_tag-electric-bicycle-battery","product_tag-lithium-battery","product_tag-silverfish-ebike-battery","entry","content-bg","loop-entry"],"_links":{"self":[{"href":"https:\/\/bybatt.com\/de\/wp-json\/wp\/v2\/product\/608","targetHints":{"allow":["GET"]}}],"collection":[{"href":"https:\/\/bybatt.com\/de\/wp-json\/wp\/v2\/product"}],"about":[{"href":"https:\/\/bybatt.com\/de\/wp-json\/wp\/v2\/types\/product"}],"wp:featuredmedia":[{"embeddable":true,"href":"https:\/\/bybatt.com\/de\/wp-json\/wp\/v2\/media\/609"}],"wp:attachment":[{"href":"https:\/\/bybatt.com\/de\/wp-json\/wp\/v2\/media?parent=608"}],"wp:term":[{"taxonomy":"product_cat","embeddable":true,"href":"https:\/\/bybatt.com\/de\/wp-json\/wp\/v2\/product_cat?post=608"},{"taxonomy":"product_tag","embeddable":true,"href":"https:\/\/bybatt.com\/de\/wp-json\/wp\/v2\/product_tag?post=608"}],"curies":[{"name":"wp","href":"https:\/\/api.w.org\/{rel}","templated":true}]}}