{"id":205,"date":"2023-02-15T13:30:02","date_gmt":"2023-02-15T13:30:02","guid":{"rendered":"https:\/\/bybatt.com\/?post_type=product&#038;p=205"},"modified":"2023-02-15T15:11:20","modified_gmt":"2023-02-15T15:11:20","slug":"rechargeable-36-volt-lithium-battery-for-electric-bike","status":"publish","type":"product","link":"https:\/\/bybatt.com\/es\/producto\/rechargeable-36-volt-lithium-battery-for-electric-bike\/","title":{"rendered":"Bater\u00eda de litio recargable de 36 voltios para bicicleta el\u00e9ctrica"},"content":{"rendered":"","protected":false},"excerpt":{"rendered":"<p>Presentamos nuestra bater\u00eda recargable de iones de litio de 36 V, perfecta para una variedad de aplicaciones. Con un voltaje nominal de 36 V y un voltaje de carga de 42,5 V, esta bater\u00eda proporciona energ\u00eda confiable y duradera. Disponible en dos capacidades nominales, 10,5 Ah y 17,5 Ah, esta bater\u00eda es adecuada para una variedad de necesidades.<br \/>\nLa bater\u00eda tiene una corriente de carga est\u00e1ndar de 4A y una corriente de descarga continua de 20A, con una corriente de descarga m\u00e1xima de 25A. El voltaje de corte de descarga es de 27,5 V, lo que garantiza una descarga segura y confiable.<br \/>\nNuestra bater\u00eda utiliza una soluci\u00f3n UART BMS inteligente, lo que garantiza que todas las celdas utilizadas sean 100% nuevas. Tambi\u00e9n cuenta con un voltaje de equilibrio de voltaje de carga para celdas individuales, as\u00ed como protecci\u00f3n contra sobrecarga, sobredescarga, sobrecorriente y cortocircuito. La bater\u00eda est\u00e1 dise\u00f1ada para tener un ciclo de vida de m\u00e1s de 500 veces y est\u00e1 disponible en negro.<br \/>\nEsta bater\u00eda es liviana, pesa aproximadamente 3 kg, lo que facilita su transporte y uso en una variedad de aplicaciones. El m\u00e9todo de carga es a trav\u00e9s de una fuente de alimentaci\u00f3n\/cargador de CC, y la bater\u00eda tiene un rango de temperatura de carga de 10 \u00b0C a 45 \u00b0C y un rango de temperatura de descarga de -20 \u00b0C a 60 \u00b0C.<br \/>\nElija nuestra bater\u00eda de iones de litio recargable de 36 V para obtener una soluci\u00f3n de energ\u00eda confiable y de alto rendimiento que satisfaga todas sus necesidades.<\/p>","protected":false},"featured_media":208,"template":"","meta":{"_kad_post_transparent":"default","_kad_post_title":"","_kad_post_layout":"default","_kad_post_sidebar_id":"","_kad_post_content_style":"default","_kad_post_vertical_padding":"default","_kad_post_feature":"","_kad_post_feature_position":"","_kad_post_header":false,"_kad_post_footer":false},"product_cat":[20,19],"product_tag":[38,43,44,41,40,42,39],"class_list":["post-205","product","type-product","status-publish","has-post-thumbnail","hentry","product_cat-smart-ebike-battery","product_cat-custom-ebike-battery","product_tag-36-volt-lithium-battery","product_tag-ebike-battery","product_tag-ebike-conversion-kit","product_tag-electric-bicycle-battery","product_tag-electric-bike-lithium-battery","product_tag-lithium-ion-battery","product_tag-rechargeable-lithium-battery","entry","content-bg","loop-entry"],"_links":{"self":[{"href":"https:\/\/bybatt.com\/es\/wp-json\/wp\/v2\/product\/205","targetHints":{"allow":["GET"]}}],"collection":[{"href":"https:\/\/bybatt.com\/es\/wp-json\/wp\/v2\/product"}],"about":[{"href":"https:\/\/bybatt.com\/es\/wp-json\/wp\/v2\/types\/product"}],"wp:featuredmedia":[{"embeddable":true,"href":"https:\/\/bybatt.com\/es\/wp-json\/wp\/v2\/media\/208"}],"wp:attachment":[{"href":"https:\/\/bybatt.com\/es\/wp-json\/wp\/v2\/media?parent=205"}],"wp:term":[{"taxonomy":"product_cat","embeddable":true,"href":"https:\/\/bybatt.com\/es\/wp-json\/wp\/v2\/product_cat?post=205"},{"taxonomy":"product_tag","embeddable":true,"href":"https:\/\/bybatt.com\/es\/wp-json\/wp\/v2\/product_tag?post=205"}],"curies":[{"name":"wp","href":"https:\/\/api.w.org\/{rel}","templated":true}]}}