{"id":223,"date":"2023-02-16T03:51:27","date_gmt":"2023-02-16T03:51:27","guid":{"rendered":"https:\/\/bybatt.com\/?post_type=product&#038;p=223"},"modified":"2023-02-16T04:04:58","modified_gmt":"2023-02-16T04:04:58","slug":"original-xiaomi-no-9-36v-electric-scooter-lithium-battery","status":"publish","type":"product","link":"https:\/\/bybatt.com\/es\/producto\/original-xiaomi-no-9-36v-electric-scooter-lithium-battery\/","title":{"rendered":"Bater\u00eda de litio para scooter el\u00e9ctrico original Xiaomi No.9 36V"},"content":{"rendered":"","protected":false},"excerpt":{"rendered":"<p>Presentamos la bater\u00eda de litio para scooter el\u00e9ctrico Xiaomi No. 9, el compa\u00f1ero perfecto para su scooter el\u00e9ctrico de fibra de carbono. Este paquete de bater\u00edas est\u00e1 disponible en 24 V, 36 V y 48 V con una capacidad de 4-12 Ah. El tama\u00f1o del producto es personalizable para adaptarse a sus necesidades.<br \/>\nLa bater\u00eda de litio para patinete el\u00e9ctrico Xiaomi No. 9 est\u00e1 hecha de bater\u00edas de litio de potencia 18650 de grado A de grado automotriz completamente nuevas, que son conocidas por su confiabilidad y alto rendimiento. Est\u00e1 ensamblado con placas de protecci\u00f3n IC importadas, lo que garantiza que sea seguro y protegido. Antes de salir de f\u00e1brica, este producto se somete a pruebas de envejecimiento para garantizar que cumple con los m\u00e1s altos est\u00e1ndares de calidad.<br \/>\nEste paquete de bater\u00edas viene con una garant\u00eda de 1 a\u00f1o para bater\u00edas nacionales y una garant\u00eda de 2 a\u00f1os para bater\u00edas importadas. Adem\u00e1s del paquete de bater\u00edas, este producto tambi\u00e9n incluye todos los accesorios necesarios, como documentos, para garantizar que tenga todo lo que necesita para comenzar.<br \/>\nYa sea que viaje al trabajo o explore la ciudad, la bater\u00eda de litio para patinete el\u00e9ctrico Xiaomi No. 9 le brindar\u00e1 la potencia y la confiabilidad que necesita para llegar a su destino. \u00a1Ordene ahora y experimente la comodidad de este producto original hecho en China!<\/p>","protected":false},"featured_media":224,"template":"","meta":{"_kad_post_transparent":"default","_kad_post_title":"","_kad_post_layout":"default","_kad_post_sidebar_id":"","_kad_post_content_style":"default","_kad_post_vertical_padding":"default","_kad_post_feature":"","_kad_post_feature_position":"","_kad_post_header":false,"_kad_post_footer":false},"product_cat":[33],"product_tag":[48,52,51,47,46,50,49],"class_list":["post-223","product","type-product","status-publish","has-post-thumbnail","hentry","product_cat-custom-battery-pack","product_tag-36v-scooter-lithium-battery","product_tag-battery","product_tag-battery-electric-bike","product_tag-electric-scooter-lithium-battery","product_tag-original-xiaomi-lithium-battery","product_tag-xiaomi-ebike-battery","product_tag-xiaomi-no-9-lithium-battery","entry","content-bg","loop-entry"],"_links":{"self":[{"href":"https:\/\/bybatt.com\/es\/wp-json\/wp\/v2\/product\/223","targetHints":{"allow":["GET"]}}],"collection":[{"href":"https:\/\/bybatt.com\/es\/wp-json\/wp\/v2\/product"}],"about":[{"href":"https:\/\/bybatt.com\/es\/wp-json\/wp\/v2\/types\/product"}],"wp:featuredmedia":[{"embeddable":true,"href":"https:\/\/bybatt.com\/es\/wp-json\/wp\/v2\/media\/224"}],"wp:attachment":[{"href":"https:\/\/bybatt.com\/es\/wp-json\/wp\/v2\/media?parent=223"}],"wp:term":[{"taxonomy":"product_cat","embeddable":true,"href":"https:\/\/bybatt.com\/es\/wp-json\/wp\/v2\/product_cat?post=223"},{"taxonomy":"product_tag","embeddable":true,"href":"https:\/\/bybatt.com\/es\/wp-json\/wp\/v2\/product_tag?post=223"}],"curies":[{"name":"wp","href":"https:\/\/api.w.org\/{rel}","templated":true}]}}