{"id":230,"date":"2023-02-16T04:08:07","date_gmt":"2023-02-16T04:08:07","guid":{"rendered":"https:\/\/bybatt.com\/?post_type=product&#038;p=230"},"modified":"2023-02-16T04:25:03","modified_gmt":"2023-02-16T04:25:03","slug":"8-5-inch-universal-original-battery-pack-for-xiaomi-scooter","status":"publish","type":"product","link":"https:\/\/bybatt.com\/es\/producto\/8-5-inch-universal-original-battery-pack-for-xiaomi-scooter\/","title":{"rendered":"Paquete de bater\u00eda original universal de 8,5 pulgadas para Xiaomi Scooter"},"content":{"rendered":"","protected":false},"excerpt":{"rendered":"<p>\u00a1Presentamos nuestro paquete de bater\u00eda original universal de 8,5 pulgadas para el scooter Xiaomi M365! Con un voltaje nominal de 36 V y una capacidad de 7,5 a 10,4 A, este paquete de bater\u00edas cuenta con una marca de bater\u00edas dom\u00e9sticas LG de alta calidad y est\u00e1 dise\u00f1ado para velocidades naturales de 30 a 40 nudos 10s3P. Con una corriente de salida de 15 a 20 A y una potencia de 250 a 350 vatios, puede esperar un kilometraje de conducci\u00f3n de 25 a 50 kil\u00f3metros con una sola carga.<br \/>\nEste paquete de bater\u00edas viene con una potencia nominal del cargador de 71 vatios y un voltaje de entrada nominal del cargador de 100-240 V~, 50\/60 Hz. El voltaje l\u00edmite de carga de la bater\u00eda es de 42 V y el tiempo de carga es de aproximadamente 4 horas.<br \/>\nEquipado con un BMS inteligente, este paquete de bater\u00eda ofrece protecci\u00f3n contra anomal\u00edas de temperatura\/cortocircuito\/bajo voltaje autom\u00e1tico\/sobrecorriente\/doble sobrecarga\/doble sobredescarga, lo que garantiza su seguridad mientras usa su scooter.<br \/>\nCon unas medidas de 28,7 x 4 x 7 cm de largo y un peso de 1,8 kg, este paquete de bater\u00edas est\u00e1 empaquetado en una sola caja de cart\u00f3n con un tama\u00f1o de 65 x 10 x 10 cm y un peso de 2 kg. Es compatible solo con el coche original de Xiaomi (con comunicaci\u00f3n) y de uso com\u00fan en los modelos originales Mi Pro, Pro2, 1S, M365 del mercado. \u00a1Actualice su scooter Xiaomi M365 con nuestro paquete de bater\u00edas de alta calidad hoy!<\/p>","protected":false},"featured_media":231,"template":"","meta":{"_kad_post_transparent":"default","_kad_post_title":"","_kad_post_layout":"default","_kad_post_sidebar_id":"","_kad_post_content_style":"default","_kad_post_vertical_padding":"default","_kad_post_feature":"","_kad_post_feature_position":"","_kad_post_header":false,"_kad_post_footer":false},"product_cat":[33],"product_tag":[55,54,53,56,59,57,58],"class_list":["post-230","product","type-product","status-publish","has-post-thumbnail","hentry","product_cat-custom-battery-pack","product_tag-8-5-inch-universal-battery-pack","product_tag-original-xiaomi-scooter-battery-pack","product_tag-universal-original-battery-pack","product_tag-xiaomi-m365-scooter-battery-pack","product_tag-xiaomi-mi-1s-scooter-battery-pack","product_tag-xiaomi-mi-pro-scooter-battery-pack","product_tag-xiaomi-mi-pro2-scooter-battery-pack","entry","content-bg","loop-entry"],"_links":{"self":[{"href":"https:\/\/bybatt.com\/es\/wp-json\/wp\/v2\/product\/230","targetHints":{"allow":["GET"]}}],"collection":[{"href":"https:\/\/bybatt.com\/es\/wp-json\/wp\/v2\/product"}],"about":[{"href":"https:\/\/bybatt.com\/es\/wp-json\/wp\/v2\/types\/product"}],"wp:featuredmedia":[{"embeddable":true,"href":"https:\/\/bybatt.com\/es\/wp-json\/wp\/v2\/media\/231"}],"wp:attachment":[{"href":"https:\/\/bybatt.com\/es\/wp-json\/wp\/v2\/media?parent=230"}],"wp:term":[{"taxonomy":"product_cat","embeddable":true,"href":"https:\/\/bybatt.com\/es\/wp-json\/wp\/v2\/product_cat?post=230"},{"taxonomy":"product_tag","embeddable":true,"href":"https:\/\/bybatt.com\/es\/wp-json\/wp\/v2\/product_tag?post=230"}],"curies":[{"name":"wp","href":"https:\/\/api.w.org\/{rel}","templated":true}]}}