{"id":240,"date":"2023-02-16T04:43:33","date_gmt":"2023-02-16T04:43:33","guid":{"rendered":"https:\/\/bybatt.com\/?post_type=product&#038;p=240"},"modified":"2023-03-05T16:17:25","modified_gmt":"2023-03-05T16:17:25","slug":"byd-lifepo4-lead-acid-replacement-battery-for-solar-system","status":"publish","type":"product","link":"https:\/\/bybatt.com\/es\/producto\/byd-lifepo4-lead-acid-replacement-battery-for-solar-system\/","title":{"rendered":"Bater\u00eda de repuesto de \u00e1cido de plomo BYD LiFePO4 para sistema solar"},"content":{"rendered":"","protected":false},"excerpt":{"rendered":"<p>Presentamos nuestra bater\u00eda de reemplazo de plomo \u00e1cido, perfecta para sistemas solares y reemplazo de bater\u00edas de plomo \u00e1cido. Nuestras bater\u00edas est\u00e1n hechas con celdas 100% nuevas, lo que garantiza el m\u00e1ximo rendimiento y confiabilidad. Con un voltaje nominal de 12,8 V y una variedad de capacidades para elegir, que incluyen 60 Ah, 100 Ah, 150 Ah, 200 Ah y 250 Ah, puede encontrar el ajuste perfecto para sus necesidades espec\u00edficas.<br \/>\nNuestras bater\u00edas de litio de 12 V son ideales para sistemas solares y brindan una fuente confiable de energ\u00eda para sus necesidades energ\u00e9ticas. Con una capacidad nominal de 200 Ah\/2560 Wh, puede disfrutar de una energ\u00eda duradera que no lo defraudar\u00e1.<br \/>\nNuestras bater\u00edas son f\u00e1ciles de instalar y se pueden conectar en paralelo o en serie para lograr un voltaje de 25.6V. Adem\u00e1s, con nuestro avanzado Sistema de administraci\u00f3n de bater\u00eda (BMS) integrado en cada bater\u00eda, puede estar seguro de que su bater\u00eda siempre funciona de manera \u00f3ptima y segura.<br \/>\nNuestras bater\u00edas tambi\u00e9n est\u00e1n fabricadas con un material ABS+PC duradero, lo que garantiza una protecci\u00f3n duradera contra los elementos y el desgaste. Si est\u00e1 buscando una bater\u00eda confiable y eficiente para su sistema solar u otras necesidades energ\u00e9ticas, nuestra bater\u00eda de litio de 12 V es la elecci\u00f3n perfecta.<\/p>","protected":false},"featured_media":241,"template":"","meta":{"_kad_post_transparent":"default","_kad_post_title":"","_kad_post_layout":"default","_kad_post_sidebar_id":"","_kad_post_content_style":"default","_kad_post_vertical_padding":"default","_kad_post_feature":"","_kad_post_feature_position":"","_kad_post_header":false,"_kad_post_footer":false},"product_cat":[32],"product_tag":[64,61,60,62,63],"class_list":["post-240","product","type-product","status-publish","has-post-thumbnail","hentry","product_cat-lead-acid-replacement-battery","product_tag-byd-battery","product_tag-byd-lifepo4-battery","product_tag-lead-acid-replacement-battery","product_tag-lifepo4-solar-lithium-battery","product_tag-solar-lithium-battery","entry","content-bg","loop-entry"],"_links":{"self":[{"href":"https:\/\/bybatt.com\/es\/wp-json\/wp\/v2\/product\/240","targetHints":{"allow":["GET"]}}],"collection":[{"href":"https:\/\/bybatt.com\/es\/wp-json\/wp\/v2\/product"}],"about":[{"href":"https:\/\/bybatt.com\/es\/wp-json\/wp\/v2\/types\/product"}],"wp:featuredmedia":[{"embeddable":true,"href":"https:\/\/bybatt.com\/es\/wp-json\/wp\/v2\/media\/241"}],"wp:attachment":[{"href":"https:\/\/bybatt.com\/es\/wp-json\/wp\/v2\/media?parent=240"}],"wp:term":[{"taxonomy":"product_cat","embeddable":true,"href":"https:\/\/bybatt.com\/es\/wp-json\/wp\/v2\/product_cat?post=240"},{"taxonomy":"product_tag","embeddable":true,"href":"https:\/\/bybatt.com\/es\/wp-json\/wp\/v2\/product_tag?post=240"}],"curies":[{"name":"wp","href":"https:\/\/api.w.org\/{rel}","templated":true}]}}