{"id":248,"date":"2023-02-16T08:09:47","date_gmt":"2023-02-16T08:09:47","guid":{"rendered":"https:\/\/bybatt.com\/?post_type=product&#038;p=248"},"modified":"2023-02-16T08:32:07","modified_gmt":"2023-02-16T08:32:07","slug":"12v-lifepo4-lithium-iron-phosphate-battery-with-bluetooth","status":"publish","type":"product","link":"https:\/\/bybatt.com\/es\/producto\/12v-lifepo4-lithium-iron-phosphate-battery-with-bluetooth\/","title":{"rendered":"Bater\u00eda de fosfato de hierro y litio LiFePO4 de 12 V con Bluetooth"},"content":{"rendered":"","protected":false},"excerpt":{"rendered":"<p>\u00a1Presentamos nuestro nuevo y mejorado sistema de bater\u00eda que promete ofrecer un rendimiento sin igual! Nuestro sistema de bater\u00eda est\u00e1 construido con nuevas celdas 100%, lo que lo convierte en una opci\u00f3n confiable y duradera para todas sus necesidades de energ\u00eda. Con un voltaje nominal de 12 V y una capacidad nominal de 200 Ah\/2560 Wh, nuestro sistema de bater\u00eda es adecuado para una amplia gama de aplicaciones. Puede instalarse en conexi\u00f3n en paralelo o en serie para 25.6V, brindando mayor flexibilidad para sus necesidades.<br \/>\nNuestro sistema de bater\u00eda tambi\u00e9n cuenta con un sistema de administraci\u00f3n de bater\u00eda (BMS) de \u00faltima generaci\u00f3n que est\u00e1 integrado para garantizar un rendimiento confiable. El BMS proporciona protecci\u00f3n contra cortocircuitos, sobrecargas y sobretemperaturas, al mismo tiempo que mantiene un voltaje equilibrado en todas las celdas. Una de las caracter\u00edsticas clave de nuestro sistema de bater\u00eda es la f\u00e1cil opci\u00f3n de actualizaci\u00f3n. Puede actualizar a litio sin problemas con el tama\u00f1o de grupo BCI est\u00e1ndar, pero con una mayor densidad de energ\u00eda, una capacidad de descarga m\u00e1s profunda, una mayor eficiencia de ida y vuelta y una velocidad de carga m\u00e1s r\u00e1pida. Nuestro sistema de bater\u00eda tambi\u00e9n est\u00e1 dise\u00f1ado para un f\u00e1cil mantenimiento. La funci\u00f3n de equilibrio autom\u00e1tico le permite conectar varias bater\u00edas en paralelo, lo que mejora la eficiencia de carga promedio de sus bater\u00edas a largo plazo. Tambi\u00e9n puede monitorear el estado de funcionamiento de la bater\u00eda en dispositivos m\u00f3viles en tiempo real con el m\u00f3dulo Bluetooth incorporado, lo que le brinda un mayor control e informaci\u00f3n sobre su uso de energ\u00eda.<\/p>","protected":false},"featured_media":249,"template":"","meta":{"_kad_post_transparent":"default","_kad_post_title":"","_kad_post_layout":"default","_kad_post_sidebar_id":"","_kad_post_content_style":"default","_kad_post_vertical_padding":"default","_kad_post_feature":"","_kad_post_feature_position":"","_kad_post_header":false,"_kad_post_footer":false},"product_cat":[32],"product_tag":[69,60,66,68,67,65,70],"class_list":["post-248","product","type-product","status-publish","has-post-thumbnail","hentry","product_cat-lead-acid-replacement-battery","product_tag-12v-200ah-100ah-lithium-ion-battery","product_tag-lead-acid-replacement-battery","product_tag-lifepo4-battery","product_tag-lifepo4-lithium-battery","product_tag-lithium-iron-battery","product_tag-lithium-iron-phosphate-battery","product_tag-solar-energy-storage-system-kit","entry","content-bg","loop-entry"],"_links":{"self":[{"href":"https:\/\/bybatt.com\/es\/wp-json\/wp\/v2\/product\/248","targetHints":{"allow":["GET"]}}],"collection":[{"href":"https:\/\/bybatt.com\/es\/wp-json\/wp\/v2\/product"}],"about":[{"href":"https:\/\/bybatt.com\/es\/wp-json\/wp\/v2\/types\/product"}],"wp:featuredmedia":[{"embeddable":true,"href":"https:\/\/bybatt.com\/es\/wp-json\/wp\/v2\/media\/249"}],"wp:attachment":[{"href":"https:\/\/bybatt.com\/es\/wp-json\/wp\/v2\/media?parent=248"}],"wp:term":[{"taxonomy":"product_cat","embeddable":true,"href":"https:\/\/bybatt.com\/es\/wp-json\/wp\/v2\/product_cat?post=248"},{"taxonomy":"product_tag","embeddable":true,"href":"https:\/\/bybatt.com\/es\/wp-json\/wp\/v2\/product_tag?post=248"}],"curies":[{"name":"wp","href":"https:\/\/api.w.org\/{rel}","templated":true}]}}