{"id":261,"date":"2023-02-17T07:48:53","date_gmt":"2023-02-17T07:48:53","guid":{"rendered":"https:\/\/bybatt.com\/?post_type=product&#038;p=261"},"modified":"2023-02-17T08:00:46","modified_gmt":"2023-02-17T08:00:46","slug":"48v-lifepo4-deep-cycle-golf-cart-lithium-batteries-kits","status":"publish","type":"product","link":"https:\/\/bybatt.com\/es\/producto\/48v-lifepo4-deep-cycle-golf-cart-lithium-batteries-kits\/","title":{"rendered":"equipos de las bater\u00edas de litio del carro de golf del ciclo profundo de 48V LiFePo4"},"content":{"rendered":"","protected":false},"excerpt":{"rendered":"<p>Presentamos nuestra bater\u00eda LiFEPO4 de 48 V de alta calidad, especialmente dise\u00f1ada para su uso en carritos de golf EZGO y CLUB CAR. Fabricada con nuevas celdas 100%, esta bater\u00eda de iones de litio brinda un rendimiento superior y una durabilidad duradera.<br \/>\nCon un voltaje nominal de 51,2 V y una capacidad nominal de 80 Ah o 100 Ah, esta bater\u00eda est\u00e1 dise\u00f1ada para manejar las demandas de su carrito de golf con facilidad. Con una longitud de 520 mm, 310 mm de ancho y 170 mm de altura, esta bater\u00eda es lo suficientemente compacta como para caber dentro de su carrito de golf sin ocupar demasiado espacio.<br \/>\nNuestra bater\u00eda est\u00e1 dise\u00f1ada para durar hasta 6000 ciclos a una profundidad de descarga (DoD) de 80%, lo que la convierte en una fuente de energ\u00eda confiable y duradera para su carrito de golf. Con un peso aproximado de 42 kg, esta bater\u00eda es lo suficientemente liviana para manejarla con facilidad y al mismo tiempo proporciona la potencia y la capacidad necesarias para un d\u00eda completo en los greens.<br \/>\nCon una carcasa resistente de metal o acero inoxidable, puede confiar en que nuestra bater\u00eda est\u00e1 dise\u00f1ada para resistir las demandas del uso en exteriores y brindar un rendimiento confiable en una variedad de condiciones clim\u00e1ticas. Las celdas utilizadas en esta bater\u00eda son celdas LiFePO4 de grado A+ de alta calidad, lo que garantiza un rendimiento superior y una durabilidad duradera.<br \/>\nActualice hoy mismo su carrito de golf con nuestra bater\u00eda LiFEPO4 de 48 V de alta calidad y disfrute de una potencia confiable y un rendimiento duradero en el campo.<\/p>","protected":false},"featured_media":262,"template":"","meta":{"_kad_post_transparent":"default","_kad_post_title":"","_kad_post_layout":"default","_kad_post_sidebar_id":"","_kad_post_content_style":"default","_kad_post_vertical_padding":"default","_kad_post_feature":"","_kad_post_feature_position":"","_kad_post_header":false,"_kad_post_footer":false},"product_cat":[29,25],"product_tag":[84,81,83,52,77,79,78,80,82],"class_list":["post-261","product","type-product","status-publish","has-post-thumbnail","hentry","product_cat-lifepo4-battery-pack","product_cat-home-storage-battery","product_tag-48v-80ah-golf-cart-battery","product_tag-48v-lifepo4-batteries","product_tag-48v-lithium-golf-cart-battery","product_tag-battery","product_tag-golf-cart-lithium-batteries","product_tag-lithium-batteries-for-golf-carts","product_tag-lithium-golf-cart-batteries-kits","product_tag-lithium-ion-golf-cart-batteries","product_tag-powerful-48-volt-lifepo4-batteries","entry","content-bg","loop-entry"],"_links":{"self":[{"href":"https:\/\/bybatt.com\/es\/wp-json\/wp\/v2\/product\/261","targetHints":{"allow":["GET"]}}],"collection":[{"href":"https:\/\/bybatt.com\/es\/wp-json\/wp\/v2\/product"}],"about":[{"href":"https:\/\/bybatt.com\/es\/wp-json\/wp\/v2\/types\/product"}],"wp:featuredmedia":[{"embeddable":true,"href":"https:\/\/bybatt.com\/es\/wp-json\/wp\/v2\/media\/262"}],"wp:attachment":[{"href":"https:\/\/bybatt.com\/es\/wp-json\/wp\/v2\/media?parent=261"}],"wp:term":[{"taxonomy":"product_cat","embeddable":true,"href":"https:\/\/bybatt.com\/es\/wp-json\/wp\/v2\/product_cat?post=261"},{"taxonomy":"product_tag","embeddable":true,"href":"https:\/\/bybatt.com\/es\/wp-json\/wp\/v2\/product_tag?post=261"}],"curies":[{"name":"wp","href":"https:\/\/api.w.org\/{rel}","templated":true}]}}