{"id":268,"date":"2023-02-17T08:08:39","date_gmt":"2023-02-17T08:08:39","guid":{"rendered":"https:\/\/bybatt.com\/?post_type=product&#038;p=268"},"modified":"2023-02-17T08:15:14","modified_gmt":"2023-02-17T08:15:14","slug":"12v-24v-36v-rechargeable-lifepo4-lithium-solar-battery-pack","status":"publish","type":"product","link":"https:\/\/bybatt.com\/es\/producto\/12v-24v-36v-rechargeable-lifepo4-lithium-solar-battery-pack\/","title":{"rendered":"Paquete de bater\u00eda solar de litio recargable LiFePO4 de 12V 24V 36V"},"content":{"rendered":"","protected":false},"excerpt":{"rendered":"<p>Presentamos el paquete de bater\u00edas solares de litio recargables LiFePO4 de 12V 24V 36V, la soluci\u00f3n perfecta para sus necesidades de almacenamiento de energ\u00eda. Construida con la qu\u00edmica patentada de fosfato de hierro y litio (LiFePO\u2084), esta bater\u00eda es muy vers\u00e1til y se puede utilizar para una amplia gama de aplicaciones.<br \/>\nEl LFP-3650 cuenta con un sistema de administraci\u00f3n de bater\u00eda (BMS) incorporado que garantiza un rendimiento \u00f3ptimo al tiempo que evita el sobrecalentamiento, la sobrecarga y maximiza la vida \u00fatil del ciclo celular. Con el BMS (chip electr\u00f3nico) interno, la bater\u00eda se monitorea en tiempo real y alerta al usuario si se detectan anomal\u00edas de voltaje o capacidad.<br \/>\nCon solo la mitad o un tercio del peso de una bater\u00eda de plomo \u00e1cido, la bater\u00eda LiFePO4 es la opci\u00f3n ideal para aplicaciones marinas, veh\u00edculos recreativos, carros de golf, motocicletas y fuera de la red. Nuestras bater\u00edas de litio lifepo4 tambi\u00e9n son m\u00e1s respetuosas con el medio ambiente que las bater\u00edas SLA, ya que no contienen metales pesados corrosivos o da\u00f1inos.<br \/>\nLas bater\u00edas Lifepo4 tienen una baja tasa de descarga y una larga vida \u00fatil, con una expectativa de vida promedio de alrededor de 5 a 10 a\u00f1os. Pueden manejar una capacidad de hasta 85% para 6000 ciclos en las condiciones recomendadas: 8000 veces (40% dod).<br \/>\nLa bater\u00eda de litio de 36 V 50 Ah est\u00e1 fabricada con celdas de bater\u00eda LifePo4 de 3,2 V de grado A de primera calidad, un BMS de alta calidad, una carcasa de metal\/SS y una pantalla LCD (pantalla) para un f\u00e1cil control. Est\u00e1 dise\u00f1ado para proporcionar un rendimiento fiable y duradero, lo que lo convierte en un producto de gran venta.<br \/>\nActualice su almacenamiento de energ\u00eda con la bater\u00eda de iones de litio Lithium Battery Power 36V 50Ah y disfrute de los beneficios de una fuente de energ\u00eda liviana, respetuosa con el medio ambiente y duradera.<\/p>","protected":false},"featured_media":269,"template":"","meta":{"_kad_post_transparent":"default","_kad_post_title":"","_kad_post_layout":"default","_kad_post_sidebar_id":"","_kad_post_content_style":"default","_kad_post_vertical_padding":"default","_kad_post_feature":"","_kad_post_feature_position":"","_kad_post_header":false,"_kad_post_footer":false},"product_cat":[25,30],"product_tag":[86,66,88,92,87,91,89,90,85],"class_list":["post-268","product","type-product","status-publish","has-post-thumbnail","hentry","product_cat-home-storage-battery","product_cat-solar-battery","product_tag-grade-a-36v-lithium-battery","product_tag-lifepo4-battery","product_tag-lifepo4-battery-for-electric-vehicle","product_tag-lifepo4-battery-packs","product_tag-lifepo4-lfp4-battery-50ah","product_tag-lifepo4-lithium-battery-for-solar","product_tag-lithium-battery-solar","product_tag-lithium-solar-batteries","product_tag-lithium-solar-battery","entry","content-bg","loop-entry"],"_links":{"self":[{"href":"https:\/\/bybatt.com\/es\/wp-json\/wp\/v2\/product\/268","targetHints":{"allow":["GET"]}}],"collection":[{"href":"https:\/\/bybatt.com\/es\/wp-json\/wp\/v2\/product"}],"about":[{"href":"https:\/\/bybatt.com\/es\/wp-json\/wp\/v2\/types\/product"}],"wp:featuredmedia":[{"embeddable":true,"href":"https:\/\/bybatt.com\/es\/wp-json\/wp\/v2\/media\/269"}],"wp:attachment":[{"href":"https:\/\/bybatt.com\/es\/wp-json\/wp\/v2\/media?parent=268"}],"wp:term":[{"taxonomy":"product_cat","embeddable":true,"href":"https:\/\/bybatt.com\/es\/wp-json\/wp\/v2\/product_cat?post=268"},{"taxonomy":"product_tag","embeddable":true,"href":"https:\/\/bybatt.com\/es\/wp-json\/wp\/v2\/product_tag?post=268"}],"curies":[{"name":"wp","href":"https:\/\/api.w.org\/{rel}","templated":true}]}}