{"id":271,"date":"2023-02-17T13:19:40","date_gmt":"2023-02-17T13:19:40","guid":{"rendered":"https:\/\/bybatt.com\/?post_type=product&#038;p=271"},"modified":"2023-02-17T13:39:53","modified_gmt":"2023-02-17T13:39:53","slug":"high-voltage-home-storage-system-stackable-lifepo4-battery","status":"publish","type":"product","link":"https:\/\/bybatt.com\/es\/producto\/high-voltage-home-storage-system-stackable-lifepo4-battery\/","title":{"rendered":"Sistema de almacenamiento dom\u00e9stico de alto voltaje Bater\u00eda apilable LiFePo4"},"content":{"rendered":"","protected":false},"excerpt":{"rendered":"<p>Presentamos la bater\u00eda LiFePo4 apilable del sistema de almacenamiento dom\u00e9stico de alto voltaje: \u00a1la soluci\u00f3n perfecta para las necesidades de energ\u00eda de su hogar! Esta bater\u00eda de almacenamiento de energ\u00eda para casas m\u00f3viles cuenta con una incre\u00edble vida \u00fatil de m\u00e1s de 6000 veces, lo que garantiza que dure muchos a\u00f1os.<br \/>\nDise\u00f1ada pensando en su comodidad, esta bater\u00eda es compatible con la comunicaci\u00f3n y la personalizaci\u00f3n del inversor, por lo que puede adaptarla para satisfacer sus necesidades espec\u00edficas. Con una sola bater\u00eda que proporciona una potente energ\u00eda de 10 KWH, esta bater\u00eda es perfecta para los sistemas de energ\u00eda dom\u00e9sticos y la carga de aplicaciones dom\u00e9sticas.<br \/>\nCon su dise\u00f1o seguro y garant\u00eda sin fugas, puede estar seguro de que esta bater\u00eda es una opci\u00f3n confiable y sin preocupaciones. Adem\u00e1s, su dise\u00f1o libre de mantenimiento lo hace incre\u00edblemente f\u00e1cil de usar y mantener.<br \/>\nConstruida para su uso con sistemas solares dom\u00e9sticos, esta bater\u00eda cuenta con una mayor densidad de energ\u00eda y una vida \u00fatil extrema, lo que garantiza que dure m\u00e1s y proporcione m\u00e1s energ\u00eda que nunca. Y con su dise\u00f1o de rueda de empuje inferior, no tendr\u00e1 que preocuparse por la instalaci\u00f3n: \u00a1es tan f\u00e1cil como colocarlo en su lugar!<br \/>\nDise\u00f1ada para una m\u00e1xima eficiencia, esta bater\u00eda admite el uso en paralelo y cuenta con m\u00e1s de 6000 ciclos de rendimiento confiable. Su sistema de administraci\u00f3n de bater\u00eda garantiza que siempre funcione de la mejor manera, y con 95% DOD y m\u00e1s capacidad utilizable, tendr\u00e1 toda la energ\u00eda que necesita para que su hogar funcione sin problemas.<\/p>","protected":false},"featured_media":272,"template":"","meta":{"_kad_post_transparent":"default","_kad_post_title":"","_kad_post_layout":"default","_kad_post_sidebar_id":"","_kad_post_content_style":"default","_kad_post_vertical_padding":"default","_kad_post_feature":"","_kad_post_feature_position":"","_kad_post_header":false,"_kad_post_footer":false},"product_cat":[25,28],"product_tag":[95,99,96,97,94,93,98],"class_list":["post-271","product","type-product","status-publish","has-post-thumbnail","hentry","product_cat-home-storage-battery","product_cat-base-station-battery","product_tag-50kw-51-2v-lithium-battery","product_tag-home-storage-battery","product_tag-life-power-station","product_tag-prismatic-primary-off-lithium-battery-for-cycle","product_tag-stackable-energy-storage-systems","product_tag-stackable-lifepo4-battery","product_tag-stackable-lithium-battery","entry","content-bg","loop-entry"],"_links":{"self":[{"href":"https:\/\/bybatt.com\/es\/wp-json\/wp\/v2\/product\/271","targetHints":{"allow":["GET"]}}],"collection":[{"href":"https:\/\/bybatt.com\/es\/wp-json\/wp\/v2\/product"}],"about":[{"href":"https:\/\/bybatt.com\/es\/wp-json\/wp\/v2\/types\/product"}],"wp:featuredmedia":[{"embeddable":true,"href":"https:\/\/bybatt.com\/es\/wp-json\/wp\/v2\/media\/272"}],"wp:attachment":[{"href":"https:\/\/bybatt.com\/es\/wp-json\/wp\/v2\/media?parent=271"}],"wp:term":[{"taxonomy":"product_cat","embeddable":true,"href":"https:\/\/bybatt.com\/es\/wp-json\/wp\/v2\/product_cat?post=271"},{"taxonomy":"product_tag","embeddable":true,"href":"https:\/\/bybatt.com\/es\/wp-json\/wp\/v2\/product_tag?post=271"}],"curies":[{"name":"wp","href":"https:\/\/api.w.org\/{rel}","templated":true}]}}