{"id":277,"date":"2023-02-17T13:41:35","date_gmt":"2023-02-17T13:41:35","guid":{"rendered":"https:\/\/bybatt.com\/?post_type=product&#038;p=277"},"modified":"2023-02-17T13:53:19","modified_gmt":"2023-02-17T13:53:19","slug":"lithium-iron-phosphate-lifepo4-solar-server-rack-batteries","status":"publish","type":"product","link":"https:\/\/bybatt.com\/es\/producto\/lithium-iron-phosphate-lifepo4-solar-server-rack-batteries\/","title":{"rendered":"Bater\u00edas de rack de servidor solar LiFePO4 de fosfato de hierro y litio"},"content":{"rendered":"","protected":false},"excerpt":{"rendered":"<p>Presentamos nuestras bater\u00edas para rack de servidor solar de fosfato de hierro y litio (LiFePO4), dise\u00f1adas para proporcionar un almacenamiento de energ\u00eda confiable y eficiente para su sistema de energ\u00eda solar. Todas las celdas utilizadas en nuestras bater\u00edas son 100% nuevas, lo que garantiza un rendimiento y una longevidad \u00f3ptimos.<br \/>\nCon un voltaje nominal de 240 V y una capacidad nominal de 100 Ah, estas bater\u00edas ofrecen una amplia potencia para que su sistema funcione sin problemas. Pueden manejar una corriente de carga m\u00e1xima de 100 A y una corriente de descarga m\u00e1xima de 100 A, lo que los hace adecuados para una amplia gama de aplicaciones.<br \/>\nNuestras bater\u00edas cuentan con un modo de carga de CC\/CV y vienen con una pantalla de visualizaci\u00f3n opcional para ayudarlo a monitorear el estado de la bater\u00eda. Tambi\u00e9n admiten la comunicaci\u00f3n a trav\u00e9s de RS485\/CAN, lo que le permite integrarlos en un sistema de gesti\u00f3n de energ\u00eda m\u00e1s grande.<br \/>\nConstruidas con una carcasa de metal resistente, nuestras bater\u00edas pueden soportar una amplia gama de temperaturas y condiciones ambientales. Las dimensiones de la bater\u00eda son 600*600*1530 mm, lo que las hace adecuadas para su instalaci\u00f3n en racks de servidores. El peso de la bater\u00eda ronda los 190 kg, lo que facilita su transporte e instalaci\u00f3n.<br \/>\nNuestras bater\u00edas vienen equipadas con una variedad de caracter\u00edsticas de protecci\u00f3n, que incluyen protecci\u00f3n contra sobrecarga, protecci\u00f3n contra descarga excesiva, protecci\u00f3n contra sobrecorriente y m\u00e1s, lo que garantiza la seguridad y la longevidad de su sistema.<\/p>","protected":false},"featured_media":278,"template":"","meta":{"_kad_post_transparent":"default","_kad_post_title":"","_kad_post_layout":"default","_kad_post_sidebar_id":"","_kad_post_content_style":"default","_kad_post_vertical_padding":"default","_kad_post_feature":"","_kad_post_feature_position":"","_kad_post_header":false,"_kad_post_footer":false},"product_cat":[25,28],"product_tag":[102,103,105,100,101,104],"class_list":["post-277","product","type-product","status-publish","has-post-thumbnail","hentry","product_cat-home-storage-battery","product_cat-base-station-battery","product_tag-48v-100ah-lifepo4-cart-battery","product_tag-communication-base-station","product_tag-lithium-ion-phosphate-battery","product_tag-server-rack-batteries","product_tag-server-rack-lifepo4-solar-batteries","product_tag-solar-pack-battery","entry","content-bg","loop-entry"],"_links":{"self":[{"href":"https:\/\/bybatt.com\/es\/wp-json\/wp\/v2\/product\/277","targetHints":{"allow":["GET"]}}],"collection":[{"href":"https:\/\/bybatt.com\/es\/wp-json\/wp\/v2\/product"}],"about":[{"href":"https:\/\/bybatt.com\/es\/wp-json\/wp\/v2\/types\/product"}],"wp:featuredmedia":[{"embeddable":true,"href":"https:\/\/bybatt.com\/es\/wp-json\/wp\/v2\/media\/278"}],"wp:attachment":[{"href":"https:\/\/bybatt.com\/es\/wp-json\/wp\/v2\/media?parent=277"}],"wp:term":[{"taxonomy":"product_cat","embeddable":true,"href":"https:\/\/bybatt.com\/es\/wp-json\/wp\/v2\/product_cat?post=277"},{"taxonomy":"product_tag","embeddable":true,"href":"https:\/\/bybatt.com\/es\/wp-json\/wp\/v2\/product_tag?post=277"}],"curies":[{"name":"wp","href":"https:\/\/api.w.org\/{rel}","templated":true}]}}